{"id":5715,"date":"2020-08-31T11:20:05","date_gmt":"2020-08-31T11:20:05","guid":{"rendered":"https:\/\/food-shop.org\/?product=schwarzwald-metzgerei-dosenwurst-bierwurst-400g"},"modified":"2023-04-06T16:26:44","modified_gmt":"2023-04-06T16:26:44","slug":"schwarzwald-metzgerei-dosenwurst-bierwurst-400g","status":"publish","type":"product","link":"https:\/\/food-shop.org\/?product=schwarzwald-metzgerei-dosenwurst-bierwurst-400g","title":{"rendered":"Schwarzwald Metzgerei: Dosenwurst Bierwurst Dose (400g)"},"content":{"rendered":"<p><!-- show up to 2 reviews by default --> <\/p>\n<h3>Produktbeschreibungen<\/h3>\n<p>Dosenwurst, 400g Dose <\/p>\n<h3>Inhaltsstoffe \/ Zutaten<\/h3>\n<p>Schweinefleisch: 44%, Rindfleisch: 38%, Trinkwasser, Speisesalz (mit Konservierungsstoff: Natriumnitrit), Gew\u00fcrze, Dextrose, W\u00fcrze, Senf, Gew\u00fcrzextrakt, Stabilisator: Diphosphate, Antioxidationsmittel: Ascorbins\u00e4ure, Natriumascorbat, W\u00fcrze <\/p>\n<p>Dosenwurst aus dem Schwarzwald<br \/>\nDose \u00e0 400g<br \/>\nSorte: Bierwurst<br \/>\ngek\u00fchlt lagern bei 5 Grad Celsius &#8211; min. 120 Tage haltbar<br \/>\n<div class=\"main-cross-sell\" data-asin=\"B00DACDA1G\">\n\n\t<div class=\"WooZone-cross-sell-loader\">\n\t\t<div>\n\t\t\t<div id=\"floatingBarsG\">\n\t\t\t\t<div class=\"blockG\" id=\"rotateG_01\"><\/div>\n\t\t\t\t<div class=\"blockG\" id=\"rotateG_02\"><\/div>\n\t\t\t\t<div class=\"blockG\" id=\"rotateG_03\"><\/div>\n\t\t\t\t<div class=\"blockG\" id=\"rotateG_04\"><\/div>\n\t\t\t\t<div class=\"blockG\" id=\"rotateG_05\"><\/div>\n\t\t\t\t<div class=\"blockG\" id=\"rotateG_06\"><\/div>\n\t\t\t\t<div class=\"blockG\" id=\"rotateG_07\"><\/div>\n\t\t\t\t<div class=\"blockG\" id=\"rotateG_08\"><\/div>\n\t\t\t<\/div>\n\t\t\t<div class=\"WooZone-cross-sell-loader-text\"><\/div>\n\t\t<\/div>\n\t<\/div>\n\n\t\t\n<\/div>\n<div style=\"clear:both;\"><\/div>\n","protected":false},"excerpt":{"rendered":"Dosenwurst aus dem Schwarzwald\nDose \u00e0 400g\nSorte: Bierwurst","protected":false},"featured_media":5716,"comment_status":"open","ping_status":"closed","template":"","meta":[],"product_cat":[64,58],"product_tag":[],"_links":{"self":[{"href":"https:\/\/food-shop.org\/index.php?rest_route=\/wp\/v2\/product\/5715"}],"collection":[{"href":"https:\/\/food-shop.org\/index.php?rest_route=\/wp\/v2\/product"}],"about":[{"href":"https:\/\/food-shop.org\/index.php?rest_route=\/wp\/v2\/types\/product"}],"replies":[{"embeddable":true,"href":"https:\/\/food-shop.org\/index.php?rest_route=%2Fwp%2Fv2%2Fcomments&post=5715"}],"wp:featuredmedia":[{"embeddable":true,"href":"https:\/\/food-shop.org\/index.php?rest_route=\/wp\/v2\/media\/5716"}],"wp:attachment":[{"href":"https:\/\/food-shop.org\/index.php?rest_route=%2Fwp%2Fv2%2Fmedia&parent=5715"}],"wp:term":[{"taxonomy":"product_cat","embeddable":true,"href":"https:\/\/food-shop.org\/index.php?rest_route=%2Fwp%2Fv2%2Fproduct_cat&post=5715"},{"taxonomy":"product_tag","embeddable":true,"href":"https:\/\/food-shop.org\/index.php?rest_route=%2Fwp%2Fv2%2Fproduct_tag&post=5715"}],"curies":[{"name":"wp","href":"https:\/\/api.w.org\/{rel}","templated":true}]}}