{"id":5691,"date":"2020-08-31T11:16:01","date_gmt":"2020-08-31T11:16:01","guid":{"rendered":"https:\/\/food-shop.org\/?product=meica-6-kleine-knackzarte-540-g-dose"},"modified":"2023-04-06T16:26:44","modified_gmt":"2023-04-06T16:26:44","slug":"meica-6-kleine-knackzarte-540-g-dose","status":"publish","type":"product","link":"https:\/\/food-shop.org\/?product=meica-6-kleine-knackzarte-540-g-dose","title":{"rendered":"Meica 6 kleine Knackzarte, 540 g Dose"},"content":{"rendered":"<p><!-- show up to 2 reviews by default --> <\/p>\n<h3>Produktbeschreibung<\/h3>\n<p>W\u00fcrstchen im zarten Saitling, extra knackig <\/p>\n<h3>Inhaltsstoffe \/ Zutaten<\/h3>\n<p>Zutaten: Schweinefleisch 80 %, Trinkwasser, Speisesalz, Gew\u00fcrze, Gew\u00fcrzextrakte (mit SELLERIE), Dextrose, Antioxidationsmittel: Ascorbins\u00e4ure, Konservierungsstoff: Natriumnitrit, Schafsaitling, Rauch. Kann Spuren von MILCHEIWEI\u00df, SENF enthalten. <\/p>\n<div data-a-expander-name=\"toggle_description\" class=\"a-row a-expander-container a-expander-extend-container\">\n<div class=\"a-expander-content a-expander-extend-content\">\n<h3>Gebrauchsanweisung<\/h3>\n<p>Im Wasserbad: Etwa 5 Minuten in hei\u00dfem Wasser erw\u00e4rmen &#8211; nicht kochen! Auch kalt ein Genuss! <\/p>\n<h3>Warnhinweise<\/h3>\n<p>Kann Spuren von Senf und Milch enthalten. <\/p>\n<h3>Anschrift Hersteller\/Importeur<\/h3>\n<p>Meicastra\u00dfe 6, 26188 Edewecht <\/p>\n<\/p><\/div>\n<p> <a href=\"void(0)\" data-action=\"a-expander-toggle\" class=\"a-expander-header a-declarative a-expander-extend-header\" data-a-expander-toggle=\"{\"><i class=\"a-icon a-icon-extender-expand\"><\/i><span class=\"a-expander-prompt\">Weitere Informationen<\/span><\/a> <\/div>\n<p>extra knackig<br \/>\nohne Zusatz von Geschmacksverst\u00e4rkern, ohne Farbstoffe<br \/>\nlaktose- und glutenfrei<br \/>\n<div class=\"main-cross-sell\" data-asin=\"B016Q3N92U\">\n\n\t<div class=\"WooZone-cross-sell-loader\">\n\t\t<div>\n\t\t\t<div id=\"floatingBarsG\">\n\t\t\t\t<div class=\"blockG\" id=\"rotateG_01\"><\/div>\n\t\t\t\t<div class=\"blockG\" id=\"rotateG_02\"><\/div>\n\t\t\t\t<div class=\"blockG\" id=\"rotateG_03\"><\/div>\n\t\t\t\t<div class=\"blockG\" id=\"rotateG_04\"><\/div>\n\t\t\t\t<div class=\"blockG\" id=\"rotateG_05\"><\/div>\n\t\t\t\t<div class=\"blockG\" id=\"rotateG_06\"><\/div>\n\t\t\t\t<div class=\"blockG\" id=\"rotateG_07\"><\/div>\n\t\t\t\t<div class=\"blockG\" id=\"rotateG_08\"><\/div>\n\t\t\t<\/div>\n\t\t\t<div class=\"WooZone-cross-sell-loader-text\"><\/div>\n\t\t<\/div>\n\t<\/div>\n\n\t\t\n<\/div>\n<div style=\"clear:both;\"><\/div>\n","protected":false},"excerpt":{"rendered":"extra knackig\nohne Zusatz von Geschmacksverst\u00e4rkern, ohne Farbstoffe\nlaktose- und glutenfrei","protected":false},"featured_media":5692,"comment_status":"open","ping_status":"closed","template":"","meta":[],"product_cat":[64,58],"product_tag":[],"_links":{"self":[{"href":"https:\/\/food-shop.org\/index.php?rest_route=\/wp\/v2\/product\/5691"}],"collection":[{"href":"https:\/\/food-shop.org\/index.php?rest_route=\/wp\/v2\/product"}],"about":[{"href":"https:\/\/food-shop.org\/index.php?rest_route=\/wp\/v2\/types\/product"}],"replies":[{"embeddable":true,"href":"https:\/\/food-shop.org\/index.php?rest_route=%2Fwp%2Fv2%2Fcomments&post=5691"}],"wp:featuredmedia":[{"embeddable":true,"href":"https:\/\/food-shop.org\/index.php?rest_route=\/wp\/v2\/media\/5692"}],"wp:attachment":[{"href":"https:\/\/food-shop.org\/index.php?rest_route=%2Fwp%2Fv2%2Fmedia&parent=5691"}],"wp:term":[{"taxonomy":"product_cat","embeddable":true,"href":"https:\/\/food-shop.org\/index.php?rest_route=%2Fwp%2Fv2%2Fproduct_cat&post=5691"},{"taxonomy":"product_tag","embeddable":true,"href":"https:\/\/food-shop.org\/index.php?rest_route=%2Fwp%2Fv2%2Fproduct_tag&post=5691"}],"curies":[{"name":"wp","href":"https:\/\/api.w.org\/{rel}","templated":true}]}}