{"id":5687,"date":"2020-08-31T11:15:59","date_gmt":"2020-08-31T11:15:59","guid":{"rendered":"https:\/\/food-shop.org\/?product=thueringer-leberwurst-im-glas-300g"},"modified":"2023-04-06T16:26:44","modified_gmt":"2023-04-06T16:26:44","slug":"thueringer-leberwurst-im-glas-300g","status":"publish","type":"product","link":"https:\/\/food-shop.org\/?product=thueringer-leberwurst-im-glas-300g","title":{"rendered":"Th\u00fcringer Leberwurst im Glas 300g"},"content":{"rendered":"<p><!-- show up to 2 reviews by default --> <\/p>\n<h3>Produktbeschreibungen<\/h3>\n<p>Th\u00fcringer Leberwurst im Glas 300g Inhalt: 300g. <\/p>\n<p>Zutaten: 46% Schweinefleisch, 25% Schweineleber, Speck, jodiertes Speisesalz, Zwiebeln, Gew\u00fcrze, Emulgator: E471, Konservierungsstoff: 250 Inhalt: 300g Th\u00fcringer Leberwurst.<\/p>\n<p>Zutaten: 46% Schweinefleisch, 25% Schweineleber, Speck, jodiertes Speisesalz, Zwiebeln, Gew\u00fcrze, Emulgator: E471, Konservierungsstoff: 250.<\/p>\n<p>Herstellerinformationen Die Th\u00fcringer, Fleisch- und Wurstspezialit\u00e4ten Rainer Wagner GmbH, Am Lohfeld 1, 99310 Dornheim <\/p>\n<h3>Inhaltsstoffe \/ Zutaten<\/h3>\n<p>46% Schweinefleisch, 25% Schweineleber, Speck, jodiertes Speisesalz, Zwiebeln, Gew\u00fcrze, Emulgator: E471, Konservierungsstoff: 25 <\/p>\n<div data-a-expander-name=\"toggle_description\" class=\"a-row a-expander-container a-expander-extend-container\">\n<div class=\"a-expander-content a-expander-extend-content\">\n<h3>Gebrauchsanweisung<\/h3>\n<p>Einnern Sie sich an die tollen und typischen Produkte aus der DDR <\/p>\n<h3>Rechtliche Hinweise<\/h3>\n<p>Hersteller- und Produktangaben finden Sie in den Bilddaten <\/p>\n<h3>Anschrift Hersteller\/Importeur<\/h3>\n<p>Th\u00fcringer Fleisch- und Wurstspezialit\u00e4ten Rainer Wagner GmbH, Am Lohfeld 1, 9931 Dornheim <\/p>\n<\/p><\/div>\n<p> <a href=\"void(0)\" data-action=\"a-expander-toggle\" class=\"a-expander-header a-declarative a-expander-extend-header\" data-a-expander-toggle=\"{\"><i class=\"a-icon a-icon-extender-expand\"><\/i><span class=\"a-expander-prompt\">Weitere Informationen<\/span><\/a> <\/div>\n<p>Th\u00fcringer Leberwurst im Glas 300g Inhalt: 300g<br \/>\nZutaten: 46% Schweinefleisch, 25% Schweineleber, Speck, jodiertes Speisesalz, Zwiebeln, Gew\u00fcrze, Emulgator: E471, Konservierungsstoff: 250 Inhalt: 300g Th\u00fcringer Leberwurst<br \/>\nZutaten: 46% Schweinefleisch, 25% Schweineleber, Speck, jodiertes Speisesalz, Zwiebeln, Gew\u00fcrze, Emulgator: E471, Konservierungsstoff: 250<br \/>\nHerstellerinformationen Die Th\u00fcringer, Fleisch- und Wurstspezialit\u00e4ten Rainer Wagner GmbH, Am Lohfeld 1, 99310 Dornheim<br \/>\nAuch bei Amazon erh\u00e4ltlich: Dreistern Zwiebel, Dreistern Soljanka, Dreistern Ragout Fin, Dreistern H\u00fchnerfrikassee, Dreistern Kohlrouladen, Dreistern Schmalzfleisch, Dreistern W\u00fcrzfleisch, Dreistern Wurst, Dreistern Wurstwaren, Dreistern Terrine, Dreistern Chili Con Carne, Dreistern Gerichte, Dreistern Burgunder Gulasch, Dreistern Fleisch, Dreistern Eisbein, Dreistern Essen, Rindfleisch Dose Dreistern, Dreistern Lebensmittel, Dreistern Linseneintopf<br \/>\n<div class=\"main-cross-sell\" data-asin=\"B07PFWQVDW\">\n\n\t<div class=\"WooZone-cross-sell-loader\">\n\t\t<div>\n\t\t\t<div id=\"floatingBarsG\">\n\t\t\t\t<div class=\"blockG\" id=\"rotateG_01\"><\/div>\n\t\t\t\t<div class=\"blockG\" id=\"rotateG_02\"><\/div>\n\t\t\t\t<div class=\"blockG\" id=\"rotateG_03\"><\/div>\n\t\t\t\t<div class=\"blockG\" id=\"rotateG_04\"><\/div>\n\t\t\t\t<div class=\"blockG\" id=\"rotateG_05\"><\/div>\n\t\t\t\t<div class=\"blockG\" id=\"rotateG_06\"><\/div>\n\t\t\t\t<div class=\"blockG\" id=\"rotateG_07\"><\/div>\n\t\t\t\t<div class=\"blockG\" id=\"rotateG_08\"><\/div>\n\t\t\t<\/div>\n\t\t\t<div class=\"WooZone-cross-sell-loader-text\"><\/div>\n\t\t<\/div>\n\t<\/div>\n\n\t\t\n<\/div>\n<div style=\"clear:both;\"><\/div>\n","protected":false},"excerpt":{"rendered":"Th\u00fcringer Leberwurst im Glas 300g Inhalt: 300g\nZutaten: 46% Schweinefleisch, 25% Schweineleber, Speck, jodiertes Speisesalz, Zwiebeln, Gew\u00fcrze, Emulgator: E471, Konservierungsstoff: 250 Inhalt: 300g Th\u00fcringer Leberwurst\nZutaten: 46% Schweinefleisch, 25% Schweineleber, Speck, jodiertes Speisesalz, Zwiebeln, Gew\u00fcrze, Emulgator: E471, Konservierungsstoff: 250","protected":false},"featured_media":5688,"comment_status":"open","ping_status":"closed","template":"","meta":[],"product_cat":[64,58],"product_tag":[],"_links":{"self":[{"href":"https:\/\/food-shop.org\/index.php?rest_route=\/wp\/v2\/product\/5687"}],"collection":[{"href":"https:\/\/food-shop.org\/index.php?rest_route=\/wp\/v2\/product"}],"about":[{"href":"https:\/\/food-shop.org\/index.php?rest_route=\/wp\/v2\/types\/product"}],"replies":[{"embeddable":true,"href":"https:\/\/food-shop.org\/index.php?rest_route=%2Fwp%2Fv2%2Fcomments&post=5687"}],"wp:featuredmedia":[{"embeddable":true,"href":"https:\/\/food-shop.org\/index.php?rest_route=\/wp\/v2\/media\/5688"}],"wp:attachment":[{"href":"https:\/\/food-shop.org\/index.php?rest_route=%2Fwp%2Fv2%2Fmedia&parent=5687"}],"wp:term":[{"taxonomy":"product_cat","embeddable":true,"href":"https:\/\/food-shop.org\/index.php?rest_route=%2Fwp%2Fv2%2Fproduct_cat&post=5687"},{"taxonomy":"product_tag","embeddable":true,"href":"https:\/\/food-shop.org\/index.php?rest_route=%2Fwp%2Fv2%2Fproduct_tag&post=5687"}],"curies":[{"name":"wp","href":"https:\/\/api.w.org\/{rel}","templated":true}]}}