{"id":5678,"date":"2020-08-31T11:15:55","date_gmt":"2020-08-31T11:15:55","guid":{"rendered":"https:\/\/food-shop.org\/?product=bierschinken-5x200g-dosenwurst-vorteilsset-vorratsset-landmetzgerei-sandritter"},"modified":"2023-04-06T16:26:44","modified_gmt":"2023-04-06T16:26:44","slug":"bierschinken-5x200g-dosenwurst-vorteilsset-vorratsset-landmetzgerei-sandritter","status":"publish","type":"product","link":"https:\/\/food-shop.org\/?product=bierschinken-5x200g-dosenwurst-vorteilsset-vorratsset-landmetzgerei-sandritter","title":{"rendered":"Bierschinken 5x200g Dosenwurst, Vorteilsset, Vorratsset, Landmetzgerei Sandritter"},"content":{"rendered":"<p><!-- show up to 2 reviews by default --> <\/p>\n<h3>Produktbeschreibungen<\/h3>\n<p>Der Bierschinken ist eine Br\u00fchwurst mit grober Fleischeinlage. Bierschinken der Landmetzgerei Sandritter besteht aus einem zart- bis tiefrosafarbenen Wurstbr\u00e4t und enth\u00e4lt eine grobe, dunklere Fleischeinlage (ca.60%) aus ca.1&#215;1 cm gro\u00dfen Fleischw\u00fcrfeln. Bierschinken z\u00e4hlt zu den beliebtesten und bekanntesten Aufschnittsorten. Zu seinen Namen ist er gekommen, weil man die Einlage fr\u00fcher in Bier eingelegt hat, um das Fleisch kr\u00e4ftig rot zu f\u00e4rben. F\u00fcr gew\u00f6hnlich wird Bierschinken als kalter Aufschnitt auf Brot oder Br\u00f6tchen gegessen. Bierschinken hat einen deftigen, fleischigen und w\u00fcrzigen Geschmack. <\/p>\n<h3>Inhaltsstoffe \/ Zutaten<\/h3>\n<p>Zutaten: Schweine- &amp; Rindfleisch 85%, Speck, Trinkwasser, Nitritp\u00f6kelsalz, (Speisesalz, Konservierungsstoff: Natriumnitrit), Zwiebeln, Gew\u00fcrze (u.a. SELLERIE), Stabilisator: Natriumtriphosphat, Dinatriumphosphat, Antioxidationsmittel: Natriumascorbat, Ascorbins\u00e4ure, nat\u00fcrliches Aroma, Zucker, Dextrose. <\/p>\n<p>Wir bieten Ihnen DOSENWURST OHNE GLUTAMATHALTIGE ZUSATZSTOFFE, denn wir verwenden f\u00fcr die Herstellung unserer Dosenwurst ausschlie\u00dflich eigene Gew\u00fcrzmischungen aus NATURGEW\u00dcRZEN und verzichten auf den Geschmacksverst\u00e4rker Glutamat.<br \/>\nMehr TIERWOHL und TIERSCHUTZ durch eine NAT\u00dcRLICHE und ARTGERECHTE HALTUNG der STROHSCHWEINE in kleinen Gruppen und der DEUTSCH ANGUS RINDER in Weidehaltung.<br \/>\nANTIBIOTIKAFREIE AUFZUCHT der STROHSCHWEINE und DEUTSCH ANGUS RINDER.<br \/>\nWir garantieren Ihnen das H\u00d6CHSTE TIERWOHL, denn unsere STROHSCHWEINE und DEUTSCH ANGUS RINDER werden in unserem EIGENEN SCHLACHTHAUS absolut SCHONEND und STRESSFREI GESCHLACHTET.<br \/>\nUnsere Dosenwurst ist aufgrund der HANDWERKLICHE HERSTELLUNG im K\u00fchlschrank bei +2\u00b0C bis +7\u00b0C zu k\u00fchlen. Unsere Dosenwurst ist mindestens 6 Monate haltbar.<br \/>\n<div class=\"main-cross-sell\" data-asin=\"B07NCB93GX\">\n\n\t<div class=\"WooZone-cross-sell-loader\">\n\t\t<div>\n\t\t\t<div id=\"floatingBarsG\">\n\t\t\t\t<div class=\"blockG\" id=\"rotateG_01\"><\/div>\n\t\t\t\t<div class=\"blockG\" id=\"rotateG_02\"><\/div>\n\t\t\t\t<div class=\"blockG\" id=\"rotateG_03\"><\/div>\n\t\t\t\t<div class=\"blockG\" id=\"rotateG_04\"><\/div>\n\t\t\t\t<div class=\"blockG\" id=\"rotateG_05\"><\/div>\n\t\t\t\t<div class=\"blockG\" id=\"rotateG_06\"><\/div>\n\t\t\t\t<div class=\"blockG\" id=\"rotateG_07\"><\/div>\n\t\t\t\t<div class=\"blockG\" id=\"rotateG_08\"><\/div>\n\t\t\t<\/div>\n\t\t\t<div class=\"WooZone-cross-sell-loader-text\"><\/div>\n\t\t<\/div>\n\t<\/div>\n\n\t\t\n<\/div>\n<div style=\"clear:both;\"><\/div>\n","protected":false},"excerpt":{"rendered":"Wir bieten Ihnen DOSENWURST OHNE GLUTAMATHALTIGE ZUSATZSTOFFE, denn wir verwenden f\u00fcr die Herstellung unserer Dosenwurst ausschlie\u00dflich eigene Gew\u00fcrzmischungen aus NATURGEW\u00dcRZEN und verzichten auf den Geschmacksverst\u00e4rker Glutamat.\nMehr TIERWOHL und TIERSCHUTZ durch eine NAT\u00dcRLICHE und ARTGERECHTE HALTUNG der STROHSCHWEINE in kleinen Gruppen und der DEUTSCH ANGUS RINDER in Weidehaltung.\nANTIBIOTIKAFREIE AUFZUCHT der STROHSCHWEINE und DEUTSCH ANGUS RINDER.","protected":false},"featured_media":5679,"comment_status":"open","ping_status":"closed","template":"","meta":[],"product_cat":[64,58],"product_tag":[],"_links":{"self":[{"href":"https:\/\/food-shop.org\/index.php?rest_route=\/wp\/v2\/product\/5678"}],"collection":[{"href":"https:\/\/food-shop.org\/index.php?rest_route=\/wp\/v2\/product"}],"about":[{"href":"https:\/\/food-shop.org\/index.php?rest_route=\/wp\/v2\/types\/product"}],"replies":[{"embeddable":true,"href":"https:\/\/food-shop.org\/index.php?rest_route=%2Fwp%2Fv2%2Fcomments&post=5678"}],"wp:featuredmedia":[{"embeddable":true,"href":"https:\/\/food-shop.org\/index.php?rest_route=\/wp\/v2\/media\/5679"}],"wp:attachment":[{"href":"https:\/\/food-shop.org\/index.php?rest_route=%2Fwp%2Fv2%2Fmedia&parent=5678"}],"wp:term":[{"taxonomy":"product_cat","embeddable":true,"href":"https:\/\/food-shop.org\/index.php?rest_route=%2Fwp%2Fv2%2Fproduct_cat&post=5678"},{"taxonomy":"product_tag","embeddable":true,"href":"https:\/\/food-shop.org\/index.php?rest_route=%2Fwp%2Fv2%2Fproduct_tag&post=5678"}],"curies":[{"name":"wp","href":"https:\/\/api.w.org\/{rel}","templated":true}]}}