{"id":5676,"date":"2020-08-31T11:15:53","date_gmt":"2020-08-31T11:15:53","guid":{"rendered":"https:\/\/food-shop.org\/?product=vorwerk-podemus-kalbsleberwurst-170-g"},"modified":"2023-04-06T16:26:44","modified_gmt":"2023-04-06T16:26:44","slug":"vorwerk-podemus-kalbsleberwurst-170-g","status":"publish","type":"product","link":"https:\/\/food-shop.org\/?product=vorwerk-podemus-kalbsleberwurst-170-g","title":{"rendered":"Vorwerk Podemus Leberwurst mit Kalbsfleisch (170 g) &#8211; Bio"},"content":{"rendered":"<p><!-- show up to 2 reviews by default --> <\/p>\n<h3>Produktbeschreibungen<\/h3>\n<p>Die Kalbsleberwurst aus dem Hause Vorwerk Podemus wird nach Hausmacher Art hergestellt. Eine herzhafte Gew\u00fcrzmischung verleiht dieser liebevoll zubereiteten Bio-Spezialit\u00e4t ihren rustikalen Charakter. <\/p>\n<h3>Inhaltsstoffe \/ Zutaten<\/h3>\n<p>Schweinefleisch* (41%), Kalbsfleisch* (21%), Schweineleber* (20%), Speck*, Zwiebeln*, Meersalz, Gew\u00fcrze*<br \/><i>* = Zutaten aus biologischem Anbau<\/i> <\/p>\n<div data-a-expander-name=\"toggle_description\" class=\"a-row a-expander-container a-expander-extend-container\">\n<div class=\"a-expander-content a-expander-extend-content\">\n<h3>Warnhinweise<\/h3>\n<p>DE-\u00d6KO-006<br \/>enth\u00e4lt: Jod <\/p>\n<h3>Anschrift Hersteller\/Importeur<\/h3>\n<p>Vorwerk Podemus, Podemuser Ring 1, D-01156 Dresden OT Podemus <\/p>\n<\/p><\/div>\n<p> <a href=\"void(0)\" data-action=\"a-expander-toggle\" class=\"a-expander-header a-declarative a-expander-extend-header\" data-a-expander-toggle=\"{\"><i class=\"a-icon a-icon-extender-expand\"><\/i><span class=\"a-expander-prompt\">Weitere Informationen<\/span><\/a> <\/div>\n<div class=\"main-cross-sell\" data-asin=\"B005O3VV60\">\n\n\t<div class=\"WooZone-cross-sell-loader\">\n\t\t<div>\n\t\t\t<div id=\"floatingBarsG\">\n\t\t\t\t<div class=\"blockG\" id=\"rotateG_01\"><\/div>\n\t\t\t\t<div class=\"blockG\" id=\"rotateG_02\"><\/div>\n\t\t\t\t<div class=\"blockG\" id=\"rotateG_03\"><\/div>\n\t\t\t\t<div class=\"blockG\" id=\"rotateG_04\"><\/div>\n\t\t\t\t<div class=\"blockG\" id=\"rotateG_05\"><\/div>\n\t\t\t\t<div class=\"blockG\" id=\"rotateG_06\"><\/div>\n\t\t\t\t<div class=\"blockG\" id=\"rotateG_07\"><\/div>\n\t\t\t\t<div class=\"blockG\" id=\"rotateG_08\"><\/div>\n\t\t\t<\/div>\n\t\t\t<div class=\"WooZone-cross-sell-loader-text\"><\/div>\n\t\t<\/div>\n\t<\/div>\n\n\t\t\n<\/div>\n<div style=\"clear:both;\"><\/div>\n","protected":false},"excerpt":{"rendered":"Produktbeschreibungen Die Kalbsleberwurst aus dem Hause Vorwerk Podemus wird nach Hausmacher Art hergestellt. Eine herzhafte Gew\u00fcrzmischung verleiht dieser liebevoll zubereiteten Bio-Spezialit\u00e4t ihren rustikalen Charakter. Inhaltsstoffe \/ Zutaten Schweinefleisch* (41%), Kalbsfleisch* (21%), Schweineleber* (20%), Speck*, Zwiebeln*, Meersalz, Gew\u00fcrze** = Zutaten aus biologischem Anbau Warnhinweise DE-\u00d6KO-006enth\u00e4lt: Jod Anschrift Hersteller\/Importeur Vorwerk Podemus, Podemuser Ring 1, D-01156 Dresden OT [...]","protected":false},"featured_media":5677,"comment_status":"open","ping_status":"closed","template":"","meta":[],"product_cat":[64,58],"product_tag":[],"_links":{"self":[{"href":"https:\/\/food-shop.org\/index.php?rest_route=\/wp\/v2\/product\/5676"}],"collection":[{"href":"https:\/\/food-shop.org\/index.php?rest_route=\/wp\/v2\/product"}],"about":[{"href":"https:\/\/food-shop.org\/index.php?rest_route=\/wp\/v2\/types\/product"}],"replies":[{"embeddable":true,"href":"https:\/\/food-shop.org\/index.php?rest_route=%2Fwp%2Fv2%2Fcomments&post=5676"}],"wp:featuredmedia":[{"embeddable":true,"href":"https:\/\/food-shop.org\/index.php?rest_route=\/wp\/v2\/media\/5677"}],"wp:attachment":[{"href":"https:\/\/food-shop.org\/index.php?rest_route=%2Fwp%2Fv2%2Fmedia&parent=5676"}],"wp:term":[{"taxonomy":"product_cat","embeddable":true,"href":"https:\/\/food-shop.org\/index.php?rest_route=%2Fwp%2Fv2%2Fproduct_cat&post=5676"},{"taxonomy":"product_tag","embeddable":true,"href":"https:\/\/food-shop.org\/index.php?rest_route=%2Fwp%2Fv2%2Fproduct_tag&post=5676"}],"curies":[{"name":"wp","href":"https:\/\/api.w.org\/{rel}","templated":true}]}}