{"id":5642,"date":"2020-08-31T11:15:37","date_gmt":"2020-08-31T11:15:37","guid":{"rendered":"https:\/\/food-shop.org\/?product=hausmacher-schwartenmagen-5x200g-dosenwurst-vorteilsset-vorratsset-landmetzgerei-sandritter"},"modified":"2023-04-06T16:26:43","modified_gmt":"2023-04-06T16:26:43","slug":"hausmacher-schwartenmagen-5x200g-dosenwurst-vorteilsset-vorratsset-landmetzgerei-sandritter","status":"publish","type":"product","link":"https:\/\/food-shop.org\/?product=hausmacher-schwartenmagen-5x200g-dosenwurst-vorteilsset-vorratsset-landmetzgerei-sandritter","title":{"rendered":"Hausmacher Schwartenmagen 5x200g Dosenwurst, Vorteilsset, Vorratsset, Landmetzgerei Sandritter"},"content":{"rendered":"<p><!-- show up to 2 reviews by default --> <\/p>\n<h3>Produktbeschreibungen<\/h3>\n<p>Hausmacher Schwartenmagen, auch Presskopf, Presssack oder Sausack genannt, ist eine schnittfeste Kochwurst aus Schweinekopffleisch und Schweineschwarten, sowie Gew\u00fcrzen. Hausmacher Schwartenmagen gibt es in Wei\u00df und in Rot. Bei der Herstellung von Rotem Schwartenmagen wird der Masse vor dem Abf\u00fcllen Schweineblut zugegeben, so dass die fertige Wurst eine rote bzw. rot-braune Farbe erh\u00e4lt. Unser Hausmacher Schwartenmagen wird nach traditionellem Rezept noch am Tag der Schlachtung aus schlachtwarmem Schweinekopffleisch und Schweineschwarten hergestellt. Dadurch entwickelt unser Hausmacher Schwartenmagen sein typisches Aroma und seinen charakteristischen, vollmundigen Geschmack. Gerne wird der Hausmacher Schwartenmagen als dickere Vesperscheibe geschnitten und kalt mit frischem Brot, sowie Senf als deftige Brotzeit gegessen. Er kann aber auch als Aufschnitt auf das Brot gelegt werden oder mit Essig-\u00d6l-Dressing und Gew\u00fcrzgurken angemacht als Schwartenmagensalat serviert werden. <\/p>\n<h3>Inhaltsstoffe \/ Zutaten<\/h3>\n<p>Zutaten: Schweinefleisch, Schweineschwarten, Br\u00fche, Trinkwasser, Essig, Nitritp\u00f6kelsalz (Speisesalz, Konservierungsstoff: Natriumnitrit), Gew\u00fcrze, Stabilisatoren: Natriumtriphosphat, Dinatriumphosphat, Glucosesirup, Antioxidationsmittel: Natriumascorbat, Ascorbins\u00e4ure, nat\u00fcrliche Aroma, Gew\u00fcrze, (u.a .SELLERIE), Zucker. <\/p>\n<p>Die TRADITIONELLE HAUSSCHLACHTUNG in unserem eigenen Schlachthaus und die anschlie\u00dfende schlachtwarme Weiterverarbeitung des Fleisches zu herzhaft schmeckender Hausmacher Dosenwurst garantiert Ihnen H\u00d6CHSTE QUALIT\u00c4T und BESTEN GESCHMACK.<br \/>\nWir bieten Ihnen DOSENWURST OHNE GLUTAMATHALTIGE ZUSATZSTOFFE, denn wir verwenden f\u00fcr die Herstellung unserer Dosenwurst ausschlie\u00dflich eigene Gew\u00fcrzmischungen aus NATURGEW\u00dcRZEN und verzichten auf den Geschmacksverst\u00e4rker Glutamat.<br \/>\nMehr TIERWOHL und TIERSCHUTZ durch eine NAT\u00dcRLICHE und ARTGERECHTE HALTUNG der STROHSCHWEINE in kleinen Gruppen und der DEUTSCH ANGUS RINDER in Weidehaltung.<br \/>\nANTIBIOTIKAFREIE AUFZUCHT der STROHSCHWEINE und DEUTSCH ANGUS RINDER.<br \/>\nUnsere Dosenwurst ist aufgrund der HANDWERKLICHE HERSTELLUNG im K\u00fchlschrank bei +2\u00b0C bis +7\u00b0C zu k\u00fchlen. Unsere Dosenwurst ist mindestens 6 Monate haltbar.<br \/>\n<div class=\"main-cross-sell\" data-asin=\"B07NC9MWKW\">\n\n\t<div class=\"WooZone-cross-sell-loader\">\n\t\t<div>\n\t\t\t<div id=\"floatingBarsG\">\n\t\t\t\t<div class=\"blockG\" id=\"rotateG_01\"><\/div>\n\t\t\t\t<div class=\"blockG\" id=\"rotateG_02\"><\/div>\n\t\t\t\t<div class=\"blockG\" id=\"rotateG_03\"><\/div>\n\t\t\t\t<div class=\"blockG\" id=\"rotateG_04\"><\/div>\n\t\t\t\t<div class=\"blockG\" id=\"rotateG_05\"><\/div>\n\t\t\t\t<div class=\"blockG\" id=\"rotateG_06\"><\/div>\n\t\t\t\t<div class=\"blockG\" id=\"rotateG_07\"><\/div>\n\t\t\t\t<div class=\"blockG\" id=\"rotateG_08\"><\/div>\n\t\t\t<\/div>\n\t\t\t<div class=\"WooZone-cross-sell-loader-text\"><\/div>\n\t\t<\/div>\n\t<\/div>\n\n\t\t\n<\/div>\n<div style=\"clear:both;\"><\/div>\n","protected":false},"excerpt":{"rendered":"Die TRADITIONELLE HAUSSCHLACHTUNG in unserem eigenen Schlachthaus und die anschlie\u00dfende schlachtwarme Weiterverarbeitung des Fleisches zu herzhaft schmeckender Hausmacher Dosenwurst garantiert Ihnen H\u00d6CHSTE QUALIT\u00c4T und BESTEN GESCHMACK.\nWir bieten Ihnen DOSENWURST OHNE GLUTAMATHALTIGE ZUSATZSTOFFE, denn wir verwenden f\u00fcr die Herstellung unserer Dosenwurst ausschlie\u00dflich eigene Gew\u00fcrzmischungen aus NATURGEW\u00dcRZEN und verzichten auf den Geschmacksverst\u00e4rker Glutamat.\nMehr TIERWOHL und TIERSCHUTZ durch eine NAT\u00dcRLICHE und ARTGERECHTE HALTUNG der STROHSCHWEINE in kleinen Gruppen und der DEUTSCH ANGUS RINDER in Weidehaltung.","protected":false},"featured_media":5643,"comment_status":"open","ping_status":"closed","template":"","meta":[],"product_cat":[64,58],"product_tag":[],"_links":{"self":[{"href":"https:\/\/food-shop.org\/index.php?rest_route=\/wp\/v2\/product\/5642"}],"collection":[{"href":"https:\/\/food-shop.org\/index.php?rest_route=\/wp\/v2\/product"}],"about":[{"href":"https:\/\/food-shop.org\/index.php?rest_route=\/wp\/v2\/types\/product"}],"replies":[{"embeddable":true,"href":"https:\/\/food-shop.org\/index.php?rest_route=%2Fwp%2Fv2%2Fcomments&post=5642"}],"wp:featuredmedia":[{"embeddable":true,"href":"https:\/\/food-shop.org\/index.php?rest_route=\/wp\/v2\/media\/5643"}],"wp:attachment":[{"href":"https:\/\/food-shop.org\/index.php?rest_route=%2Fwp%2Fv2%2Fmedia&parent=5642"}],"wp:term":[{"taxonomy":"product_cat","embeddable":true,"href":"https:\/\/food-shop.org\/index.php?rest_route=%2Fwp%2Fv2%2Fproduct_cat&post=5642"},{"taxonomy":"product_tag","embeddable":true,"href":"https:\/\/food-shop.org\/index.php?rest_route=%2Fwp%2Fv2%2Fproduct_tag&post=5642"}],"curies":[{"name":"wp","href":"https:\/\/api.w.org\/{rel}","templated":true}]}}