{"id":5640,"date":"2020-08-31T11:15:36","date_gmt":"2020-08-31T11:15:36","guid":{"rendered":"https:\/\/food-shop.org\/?product=bockwurst-im-glas-fleischerei-robert-kriewitz-400g"},"modified":"2023-04-06T16:26:43","modified_gmt":"2023-04-06T16:26:43","slug":"bockwurst-im-glas-fleischerei-robert-kriewitz-400g","status":"publish","type":"product","link":"https:\/\/food-shop.org\/?product=bockwurst-im-glas-fleischerei-robert-kriewitz-400g","title":{"rendered":"Bockwurst im Glas &#8211; Fleischerei Robert Kriewitz | 400g"},"content":{"rendered":"<p><!-- show up to 2 reviews by default --> <\/p>\n<h3>Produktbeschreibungen<\/h3>\n<\/p>\n<p>Die Bockwurst ist wirklich der Inbegriff einer deutschen Wurst. Sie wird auch oft Knobl\u00e4nder oder Rote Wurst genannt. Soweit bekannt stammt das Originalrezept aus Berlin. Ihren Namen tr\u00e4gt sie da urspr\u00fcnglich tats\u00e4chlich Bockbier als Getr\u00e4nk zu ihr gereicht wurde. Hergestellt wird unsere knackige Bockwurst nach alter Tradition aus Schweinefleisch und Rindfleisch. Sie wird nach altem Brauch \u00fcber Buchenholzsp\u00e4nen ger\u00e4uchert und bekommt so ein typisches Aroma.<\/p>\n<p><strong>Den knackigen Biss gibt es bei unseren Bockw\u00fcrsten nat\u00fcrlich noch obendrauf. Wir sind seit vielen Jahren auf Messen zu Gast und servieren unseren G\u00e4sten dort von Anfang an unsere Bockwurst. Sie ist sehr beliebt und diesen traditionsreichen Geschmack k\u00f6nnen Sie sich nun im praktischen Vorratsglas auch nach Hause liefern lassen. Eingelegt im eigenen Saft ein Klassiker auf Reisen und bei Ihnen zu Hause.<\/strong><\/p>\n<\/p>\n<h3>Inhaltsstoffe \/ Zutaten<\/h3>\n<p>Schweinefleisch, Trinkwasser, Naturdarm, Naturgew\u00fcrze, jodiertes Speisesalz, Rauch <\/p>\n<div data-a-expander-name=\"toggle_description\" class=\"a-row a-expander-container a-expander-extend-container\">\n<div class=\"a-expander-content a-expander-extend-content\">\n<h3>Anschrift Hersteller\/Importeur<\/h3>\n<p>Robert Kriewitz Fleisch- und Wurstspezialit\u00e4ten, Gartenstra\u00dfe 8, 17373 Ueckerm\u00fcnde <\/p>\n<\/p><\/div>\n<p> <a href=\"void(0)\" data-action=\"a-expander-toggle\" class=\"a-expander-header a-declarative a-expander-extend-header\" data-a-expander-toggle=\"{\"><i class=\"a-icon a-icon-extender-expand\"><\/i><span class=\"a-expander-prompt\">Weitere Informationen<\/span><\/a> <\/div>\n<p>Knackig bissige Bockw\u00fcrste im Glas, einglelegt im eigenen Saft<br \/>\nHergestellt nach alter Tradition aus Schweinefleisch und Rindfleisch<br \/>\nTraditionsreicher Wurstkonserve im praktischen Vorratsglas<br \/>\nRegionale K\u00f6stlichkeiten nach alten Familienrezepten<br \/>\nPommerscher Fleischgenuss<br \/>\n<div class=\"main-cross-sell\" data-asin=\"B07KQDDKS9\">\n\n\t<div class=\"WooZone-cross-sell-loader\">\n\t\t<div>\n\t\t\t<div id=\"floatingBarsG\">\n\t\t\t\t<div class=\"blockG\" id=\"rotateG_01\"><\/div>\n\t\t\t\t<div class=\"blockG\" id=\"rotateG_02\"><\/div>\n\t\t\t\t<div class=\"blockG\" id=\"rotateG_03\"><\/div>\n\t\t\t\t<div class=\"blockG\" id=\"rotateG_04\"><\/div>\n\t\t\t\t<div class=\"blockG\" id=\"rotateG_05\"><\/div>\n\t\t\t\t<div class=\"blockG\" id=\"rotateG_06\"><\/div>\n\t\t\t\t<div class=\"blockG\" id=\"rotateG_07\"><\/div>\n\t\t\t\t<div class=\"blockG\" id=\"rotateG_08\"><\/div>\n\t\t\t<\/div>\n\t\t\t<div class=\"WooZone-cross-sell-loader-text\"><\/div>\n\t\t<\/div>\n\t<\/div>\n\n\t\t\n<\/div>\n<div style=\"clear:both;\"><\/div>\n","protected":false},"excerpt":{"rendered":"Knackig bissige Bockw\u00fcrste im Glas, einglelegt im eigenen Saft\nHergestellt nach alter Tradition aus Schweinefleisch und Rindfleisch\nTraditionsreicher Wurstkonserve im praktischen Vorratsglas","protected":false},"featured_media":5641,"comment_status":"open","ping_status":"closed","template":"","meta":[],"product_cat":[64,58],"product_tag":[],"_links":{"self":[{"href":"https:\/\/food-shop.org\/index.php?rest_route=\/wp\/v2\/product\/5640"}],"collection":[{"href":"https:\/\/food-shop.org\/index.php?rest_route=\/wp\/v2\/product"}],"about":[{"href":"https:\/\/food-shop.org\/index.php?rest_route=\/wp\/v2\/types\/product"}],"replies":[{"embeddable":true,"href":"https:\/\/food-shop.org\/index.php?rest_route=%2Fwp%2Fv2%2Fcomments&post=5640"}],"wp:featuredmedia":[{"embeddable":true,"href":"https:\/\/food-shop.org\/index.php?rest_route=\/wp\/v2\/media\/5641"}],"wp:attachment":[{"href":"https:\/\/food-shop.org\/index.php?rest_route=%2Fwp%2Fv2%2Fmedia&parent=5640"}],"wp:term":[{"taxonomy":"product_cat","embeddable":true,"href":"https:\/\/food-shop.org\/index.php?rest_route=%2Fwp%2Fv2%2Fproduct_cat&post=5640"},{"taxonomy":"product_tag","embeddable":true,"href":"https:\/\/food-shop.org\/index.php?rest_route=%2Fwp%2Fv2%2Fproduct_tag&post=5640"}],"curies":[{"name":"wp","href":"https:\/\/api.w.org\/{rel}","templated":true}]}}