{"id":5618,"date":"2020-08-31T11:13:19","date_gmt":"2020-08-31T11:13:19","guid":{"rendered":"https:\/\/food-shop.org\/?product=6er-set-currywurst-paprikagulasch-co-28-kg-mit-6-sorten-fertiggerichte-konserven-lebensmittelvorrat"},"modified":"2023-04-06T16:26:43","modified_gmt":"2023-04-06T16:26:43","slug":"6er-set-currywurst-paprikagulasch-co-28-kg-mit-6-sorten-fertiggerichte-konserven-lebensmittelvorrat","status":"publish","type":"product","link":"https:\/\/food-shop.org\/?product=6er-set-currywurst-paprikagulasch-co-28-kg-mit-6-sorten-fertiggerichte-konserven-lebensmittelvorrat","title":{"rendered":"6er Set Currywurst, Paprikagulasch &amp; Co., 2,8 kg mit 6 Sorten Fertiggerichte Konserven Lebensmittelvorrat"},"content":{"rendered":"<p><!-- show up to 2 reviews by default --> <\/p>\n<h3>Produktbeschreibungen<\/h3>\n<p>6 Sorten unterschiedlicher Fertiggerichte mit einem Gesamtgewicht von 2,8 kg Zutaten: A) Rheinischer Sauerbraten: Zutaten: Rindfleisch (51%), Trinkwasser, Zwiebeln, Tomatenmark, Raps\u00f6l, modifizierte St\u00e4rke, Rosinen (2%), jodiertes Speisesalz, Gew\u00fcrze, Karamellzucker, Verdickungsmittel: Guarkernmehl, Kr\u00e4uter, Brandweinessig, Gew\u00fcrzextrakte. B) Rinder-Gulasch,Zutaten: Rindfleisch (50%), Trinkwasser, frische Zwiebeln, Tomatenmark, Raps\u00f6l, Rotwein, modifizierte St\u00e4rke, jodiertes Speisesalz, Gew\u00fcrze, Weizenmehl, Karamellzucker, Verdickungsmittel: Guarkernmehl. C) Paprika-Gulasch: Zutaten: Schweinefleisch (55%), Trinkwasser, Paprika (11%), passierte Tomaten, Tomatenmark, Raps\u00f6l, Gew\u00fcrze, jodiertes Speisesalz,modifizierte St\u00e4rke, Karamellzucker, Kr\u00e4uter, Guarkernmehl. D) Rahm Geschnetzeltes: Zutaten: Schweinefleisch (40%), Trinkwasser, Champignons (10%), SAHNE (8%), frische Zwiebeln, modifizierte St\u00e4rke, jodiertes Speisesalz, Gew\u00fcrze, Dextrose, Kr\u00e4uter, Gew\u00fcrzextrakte. E) Currywurst: Zutaten: Gegrillte Rostbratwurst in Scheiben (55%): Schweinefleisch (91%), Trinkwasser, jodiertes Speisesalz, Gew\u00fcrze, Kr\u00e4uter, Glucose, Stabilisator: Diphosphat. So\u00dfe (45%): Trinkwasser, passierte Tomaten,Tomatenmark, Saccharose, Gew\u00fcrze, modifizierte St\u00e4rke, Essig, jodiertes Speisesalz, S\u00e4uerungsmittel: Citronens\u00e4ure, Karamellzucker, Guarkernmehl, Rote-Beete-Pulver. F) Schaschlik: Zutaten: Schweinefleisch (47%), Trinkwasser, frische Zwiebeln (12%), Paprika (8%), Tomatenmark, modifizierte St\u00e4rke, Raps\u00f6l, jodiertes Speisesalz, Gew\u00fcrze, S\u00e4uerungsmittel: Citronens\u00e4ure, Karamellzucker, Guarkernmehl, Rote-Beete-Pulver. <\/p>\n<h3>Gebrauchsanweisung<\/h3>\n<p>im Topf langsam erhitzen und regelm\u00e4ssig umr\u00fchren, oder in mikrowellengeeignetes Geschirr umf\u00fcllen und erhitzen (ca. 4 Minuten bei 600 Watt), mehrmals umr\u00fchren <\/p>\n<div data-a-expander-name=\"toggle_description\" class=\"a-row a-expander-container a-expander-extend-container\">\n<div class=\"a-expander-content a-expander-extend-content\">\n<h3>Rechtliche Hinweise<\/h3>\n<p>Hersteller: Eifeler Fleischwaren Ludwig Babendererde GmbH &#8211; Oberbettinger Str. 27 &#8211; D-54587 Lissendorf || Eifeler Schweinefleisch mit Paprika und Zwiebeln N\u00e4hrwertdeklaration: Durchschnittliche N\u00e4hrwerte je 100 g Brennwert:477 kJ \/ 113 kcal Fett:5,1 g davon: &#8211; ges\u00e4ttigte Fetts\u00e4uren:1,3g Kohlenhydrate:5,9 g davon: &#8211; Zucker3,8 g Eiwei\u00df:11,1 g Salz:0,93 g || Gegrillte Rostbratwurst in fein-w\u00fcrziger Curry-Tomaten-So\u00dfe N\u00e4hrwertdeklaration: Durchschnittliche N\u00e4hrwerte je 100 g Brennwert:764 kJ \/ 184 kcal Fett:14,1 g davon: &#8211; ges\u00e4ttigte Fetts\u00e4uren:5,5 g Kohlenhydrate:6,7 g davon: &#8211; Zucker5,5 g Eiwei\u00df:7,6 g Salz:1,09 g || Eifeler Rahmgeschnetzeltes Z\u00fcricher Art N\u00e4hrwertdeklaration: Durchschnittliche N\u00e4hrwerte je 100 g Brennwert:400 kJ\/ 96 kcal Fett:4,8 g davon: &#8211; ges\u00e4ttigte Fetts\u00e4uren:2,8 g Kohlenhydrate:4,8 g davon: &#8211; Zucker2,7 g Eiwei\u00df:8,3 g Salz:1,18 g || Eifeler Rinder Gulasch N\u00e4hrwertdeklaration: Durchschnittliche N\u00e4hrwerte je 100 g Brennwert:422 kJ\/ 101 kcal Fett:5,1 g davon: &#8211; ges\u00e4ttigte Fetts\u00e4uren:1,3 g Kohlenhydrate:4,3 g davon: &#8211; Zucker1,8 g Eiwei\u00df:9,4 g Salz:1,49 g || Rheinischer Sauerbraten N\u00e4hrwertdeklaration: Durchschnittliche N\u00e4hrwerte je 100 g Brennwert:527 kJ\/ 126 kcal Fett:6,3 g davon: &#8211; ges\u00e4ttigte Fetts\u00e4uren:1,1 g Kohlenhydrate:7,1 g davon: &#8211; Zucker3,9 g Balaststoffe:- g Eiwei\u00df:9,6 g Salz:1,34 g <\/p>\n<h3>Anschrift Hersteller\/Importeur<\/h3>\n<p>Eifeler Fleischwaren Ludwig Babendererde GmbH, D-54587 Lissendorf <\/p>\n<\/p><\/div>\n<p> <a href=\"void(0)\" data-action=\"a-expander-toggle\" class=\"a-expander-header a-declarative a-expander-extend-header\" data-a-expander-toggle=\"{\"><i class=\"a-icon a-icon-extender-expand\"><\/i><span class=\"a-expander-prompt\">Weitere Informationen<\/span><\/a> <\/div>\n<p>1 x Rheinischer Sauerbraten, 400g<br \/>\n1 x Rinder-Gulasch, 400g<br \/>\n1 x Paprika-Gulasch, 400g<br \/>\n1 x Rahm Geschnetzeltes, 400g<br \/>\n2 x Currywurst a 300g = 600g 2 x Schaschlik a 300g = 600g<br \/>\n<div class=\"main-cross-sell\" data-asin=\"B009MPW5OI\">\n\n\t<div class=\"WooZone-cross-sell-loader\">\n\t\t<div>\n\t\t\t<div id=\"floatingBarsG\">\n\t\t\t\t<div class=\"blockG\" id=\"rotateG_01\"><\/div>\n\t\t\t\t<div class=\"blockG\" id=\"rotateG_02\"><\/div>\n\t\t\t\t<div class=\"blockG\" id=\"rotateG_03\"><\/div>\n\t\t\t\t<div class=\"blockG\" id=\"rotateG_04\"><\/div>\n\t\t\t\t<div class=\"blockG\" id=\"rotateG_05\"><\/div>\n\t\t\t\t<div class=\"blockG\" id=\"rotateG_06\"><\/div>\n\t\t\t\t<div class=\"blockG\" id=\"rotateG_07\"><\/div>\n\t\t\t\t<div class=\"blockG\" id=\"rotateG_08\"><\/div>\n\t\t\t<\/div>\n\t\t\t<div class=\"WooZone-cross-sell-loader-text\"><\/div>\n\t\t<\/div>\n\t<\/div>\n\n\t\t\n<\/div>\n<div style=\"clear:both;\"><\/div>\n","protected":false},"excerpt":{"rendered":"1 x Rheinischer Sauerbraten, 400g\n1 x Rinder-Gulasch, 400g\n1 x Paprika-Gulasch, 400g","protected":false},"featured_media":5619,"comment_status":"open","ping_status":"closed","template":"","meta":[],"product_cat":[64,58],"product_tag":[],"_links":{"self":[{"href":"https:\/\/food-shop.org\/index.php?rest_route=\/wp\/v2\/product\/5618"}],"collection":[{"href":"https:\/\/food-shop.org\/index.php?rest_route=\/wp\/v2\/product"}],"about":[{"href":"https:\/\/food-shop.org\/index.php?rest_route=\/wp\/v2\/types\/product"}],"replies":[{"embeddable":true,"href":"https:\/\/food-shop.org\/index.php?rest_route=%2Fwp%2Fv2%2Fcomments&post=5618"}],"wp:featuredmedia":[{"embeddable":true,"href":"https:\/\/food-shop.org\/index.php?rest_route=\/wp\/v2\/media\/5619"}],"wp:attachment":[{"href":"https:\/\/food-shop.org\/index.php?rest_route=%2Fwp%2Fv2%2Fmedia&parent=5618"}],"wp:term":[{"taxonomy":"product_cat","embeddable":true,"href":"https:\/\/food-shop.org\/index.php?rest_route=%2Fwp%2Fv2%2Fproduct_cat&post=5618"},{"taxonomy":"product_tag","embeddable":true,"href":"https:\/\/food-shop.org\/index.php?rest_route=%2Fwp%2Fv2%2Fproduct_tag&post=5618"}],"curies":[{"name":"wp","href":"https:\/\/api.w.org\/{rel}","templated":true}]}}