{"id":5614,"date":"2020-08-31T11:13:16","date_gmt":"2020-08-31T11:13:16","guid":{"rendered":"https:\/\/food-shop.org\/?product=oekoland-leberwurst-fein-10er-pack-10-x-50-g"},"modified":"2023-04-06T16:26:43","modified_gmt":"2023-04-06T16:26:43","slug":"oekoland-leberwurst-fein-10er-pack-10-x-50-g","status":"publish","type":"product","link":"https:\/\/food-shop.org\/?product=oekoland-leberwurst-fein-10er-pack-10-x-50-g","title":{"rendered":"\u00d6KOLAND Leberwurst fein, 10er Pack (10 x 50 g)"},"content":{"rendered":"<p><!-- show up to 2 reviews by default --> <\/p>\n<h3>Inhaltsstoffe \/ Zutaten<\/h3>\n<p>Schweinefleisch (35%), Schweine- und Rinderleber (28%), Kalbfleisch (18%), Speck, Meersalz, Zwiebel, Gew\u00fcrze(Pfeffer, Majoran, Muskat, Ingwer, K\u00fcmmel, Senf, Chili, Senf, Pfeffer, Rind, Schwein <\/p>\n<h3>Anschrift Hersteller\/Importeur<\/h3>\n<p>\u00d6koland GmbH NordVertriebsgesellschaft f\u00fcr \u00f6kologische Erzeugnisse, Georgstr. 3-5, 31515 Wunstorf <\/p>\n<p>\u00d6KOLAND, Leberwurst fein<br \/>\nEchter, leckerer Bio-Genuss auf h\u00f6chstem Niveau, \u00d6koland verspricht hochwertige Lebensmittel aus biologischen Rohstoffen mit exzellentem Geschmack.<br \/>\n<div class=\"main-cross-sell\" data-asin=\"B00OQPWGRK\">\n\n\t<div class=\"WooZone-cross-sell-loader\">\n\t\t<div>\n\t\t\t<div id=\"floatingBarsG\">\n\t\t\t\t<div class=\"blockG\" id=\"rotateG_01\"><\/div>\n\t\t\t\t<div class=\"blockG\" id=\"rotateG_02\"><\/div>\n\t\t\t\t<div class=\"blockG\" id=\"rotateG_03\"><\/div>\n\t\t\t\t<div class=\"blockG\" id=\"rotateG_04\"><\/div>\n\t\t\t\t<div class=\"blockG\" id=\"rotateG_05\"><\/div>\n\t\t\t\t<div class=\"blockG\" id=\"rotateG_06\"><\/div>\n\t\t\t\t<div class=\"blockG\" id=\"rotateG_07\"><\/div>\n\t\t\t\t<div class=\"blockG\" id=\"rotateG_08\"><\/div>\n\t\t\t<\/div>\n\t\t\t<div class=\"WooZone-cross-sell-loader-text\"><\/div>\n\t\t<\/div>\n\t<\/div>\n\n\t\t\n<\/div>\n<div style=\"clear:both;\"><\/div>\n","protected":false},"excerpt":{"rendered":"\u00d6KOLAND, Leberwurst fein\nEchter, leckerer Bio-Genuss auf h\u00f6chstem Niveau, \u00d6koland verspricht hochwertige Lebensmittel aus biologischen Rohstoffen mit exzellentem Geschmack.","protected":false},"featured_media":5615,"comment_status":"open","ping_status":"closed","template":"","meta":[],"product_cat":[64,58],"product_tag":[],"_links":{"self":[{"href":"https:\/\/food-shop.org\/index.php?rest_route=\/wp\/v2\/product\/5614"}],"collection":[{"href":"https:\/\/food-shop.org\/index.php?rest_route=\/wp\/v2\/product"}],"about":[{"href":"https:\/\/food-shop.org\/index.php?rest_route=\/wp\/v2\/types\/product"}],"replies":[{"embeddable":true,"href":"https:\/\/food-shop.org\/index.php?rest_route=%2Fwp%2Fv2%2Fcomments&post=5614"}],"wp:featuredmedia":[{"embeddable":true,"href":"https:\/\/food-shop.org\/index.php?rest_route=\/wp\/v2\/media\/5615"}],"wp:attachment":[{"href":"https:\/\/food-shop.org\/index.php?rest_route=%2Fwp%2Fv2%2Fmedia&parent=5614"}],"wp:term":[{"taxonomy":"product_cat","embeddable":true,"href":"https:\/\/food-shop.org\/index.php?rest_route=%2Fwp%2Fv2%2Fproduct_cat&post=5614"},{"taxonomy":"product_tag","embeddable":true,"href":"https:\/\/food-shop.org\/index.php?rest_route=%2Fwp%2Fv2%2Fproduct_tag&post=5614"}],"curies":[{"name":"wp","href":"https:\/\/api.w.org\/{rel}","templated":true}]}}