{"id":5600,"date":"2020-08-31T11:13:07","date_gmt":"2020-08-31T11:13:07","guid":{"rendered":"https:\/\/food-shop.org\/?product=schwabenturm-5-dosen-bayrischer-leberkaese-bierwurst-hausmacher-leberwurst-presssack-weis-pressack-rot-a-200g-1630-e-kg"},"modified":"2023-04-06T16:26:43","modified_gmt":"2023-04-06T16:26:43","slug":"schwabenturm-5-dosen-bayrischer-leberkaese-bierwurst-hausmacher-leberwurst-presssack-weis-pressack-rot-a-200g-1630-e-kg","status":"publish","type":"product","link":"https:\/\/food-shop.org\/?product=schwabenturm-5-dosen-bayrischer-leberkaese-bierwurst-hausmacher-leberwurst-presssack-weis-pressack-rot-a-200g-1630-e-kg","title":{"rendered":"Schwabenturm \/ 5 Dosen (Bayrischer Leberk\u00e4se, Bierwurst, Hausmacher Leberwurst, Presssack Weis, Pressack Rot \u00e1 200g"},"content":{"rendered":"<p><!-- show up to 2 reviews by default --> <\/p>\n<h3>Produktbeschreibungen<\/h3>\n<p>5 Dosen a. 200g Leberk\u00e4se*, Bierwurst*, Hausmacher Leberwurst, Wei\u00dfer Presssack (S\u00fclzwurst) Roter Presssack (Blutwurst). (* mit Phosphor hergestellt) Leberk\u00e4se: Energie: 152 kcal \/ 100gr \/ 635 kj, Fett 7.6gr , davon ges\u00e4tt. Fetts\u00e4uren 1,52gr, Kohlenhydrate 6,2gr, davon Zucker 2gr, Eiwei\u00df 14gr, Salz 1.6gr Bierwurst: Energie: 152 kcal \/ 100gr \/ 635 kj, Fett 7.6gr , davon ges\u00e4tt. Fetts\u00e4uren 1,52gr, Kohlenhydrate 6,2gr, davon Zucker 2gr, Eiwei\u00df 14gr, Salz 1.6gr Roter Presssack: Energie: 340 kcal \/ 100gr \/ 1421,2 kj, Fett 25,5gr , davon ges\u00e4tt. Fetts\u00e4uren 5,1gr, Kohlenhydrate 2gr, davon Zucker 0,6gr, Eiwei\u00df 16gr, Salz 1.6gr Wei\u00dfer Presssack: Energie: 340 kcal \/ 100gr \/ 1421,2 kj, Fett 25,5gr , davon ges\u00e4tt. Fetts\u00e4uren 5,1gr, Kohlenhydrate 2gr, davon Zucker 0,6gr, Eiwei\u00df 16gr, Salz 1.6gr Hausmacher Leberwurst: Energie: 346 kcal \/ 100gr \/ 1446 kj, Fett 31,5gr , davon ges\u00e4tt. Fetts\u00e4uren 6,3gr, Kohlenhydrate 2gr, davon Zucker 1,1gr, Eiwei\u00df 15gr, Salz 1.6gr <\/p>\n<h3>Gebrauchsanweisung<\/h3>\n<p>Nach dem \u00d6ffnen z\u00fcgig aufbrauchen (Im K\u00fchlschrank ca. 3 Tage ge\u00f6ffnet haltbar) <\/p>\n<p>Das Perfekte Geschenk f\u00fcr Genie\u00dfer.<br \/>\nEin Leckere Brotzweit, wenn einmal Besuch kommt<br \/>\nIdeal zur Lagerung (Lange Haltbarkeit garantiert)<br \/>\nNach Traditioneller Handwerkskunst von unseren Metzgern Josef H\u00f6ck und Marco Scheichele hergestellt<br \/>\nKomplet aus eigener Herstellung wie auch Tiere aus eigener Schlachtung<br \/>\n<div class=\"main-cross-sell\" data-asin=\"B07NDZ7R3D\">\n\n\t<div class=\"WooZone-cross-sell-loader\">\n\t\t<div>\n\t\t\t<div id=\"floatingBarsG\">\n\t\t\t\t<div class=\"blockG\" id=\"rotateG_01\"><\/div>\n\t\t\t\t<div class=\"blockG\" id=\"rotateG_02\"><\/div>\n\t\t\t\t<div class=\"blockG\" id=\"rotateG_03\"><\/div>\n\t\t\t\t<div class=\"blockG\" id=\"rotateG_04\"><\/div>\n\t\t\t\t<div class=\"blockG\" id=\"rotateG_05\"><\/div>\n\t\t\t\t<div class=\"blockG\" id=\"rotateG_06\"><\/div>\n\t\t\t\t<div class=\"blockG\" id=\"rotateG_07\"><\/div>\n\t\t\t\t<div class=\"blockG\" id=\"rotateG_08\"><\/div>\n\t\t\t<\/div>\n\t\t\t<div class=\"WooZone-cross-sell-loader-text\"><\/div>\n\t\t<\/div>\n\t<\/div>\n\n\t\t\n<\/div>\n<div style=\"clear:both;\"><\/div>\n","protected":false},"excerpt":{"rendered":"Das Perfekte Geschenk f\u00fcr Genie\u00dfer.\nEin Leckere Brotzweit, wenn einmal Besuch kommt\nIdeal zur Lagerung (Lange Haltbarkeit garantiert)","protected":false},"featured_media":5601,"comment_status":"open","ping_status":"closed","template":"","meta":[],"product_cat":[64,58],"product_tag":[],"_links":{"self":[{"href":"https:\/\/food-shop.org\/index.php?rest_route=\/wp\/v2\/product\/5600"}],"collection":[{"href":"https:\/\/food-shop.org\/index.php?rest_route=\/wp\/v2\/product"}],"about":[{"href":"https:\/\/food-shop.org\/index.php?rest_route=\/wp\/v2\/types\/product"}],"replies":[{"embeddable":true,"href":"https:\/\/food-shop.org\/index.php?rest_route=%2Fwp%2Fv2%2Fcomments&post=5600"}],"wp:featuredmedia":[{"embeddable":true,"href":"https:\/\/food-shop.org\/index.php?rest_route=\/wp\/v2\/media\/5601"}],"wp:attachment":[{"href":"https:\/\/food-shop.org\/index.php?rest_route=%2Fwp%2Fv2%2Fmedia&parent=5600"}],"wp:term":[{"taxonomy":"product_cat","embeddable":true,"href":"https:\/\/food-shop.org\/index.php?rest_route=%2Fwp%2Fv2%2Fproduct_cat&post=5600"},{"taxonomy":"product_tag","embeddable":true,"href":"https:\/\/food-shop.org\/index.php?rest_route=%2Fwp%2Fv2%2Fproduct_tag&post=5600"}],"curies":[{"name":"wp","href":"https:\/\/api.w.org\/{rel}","templated":true}]}}