{"id":5591,"date":"2020-08-31T11:13:02","date_gmt":"2020-08-31T11:13:02","guid":{"rendered":"https:\/\/food-shop.org\/?product=400g-hausmacher-dosenwurst-zwiebelmettwurst-mhd2-20"},"modified":"2023-04-06T16:26:42","modified_gmt":"2023-04-06T16:26:42","slug":"400g-hausmacher-dosenwurst-zwiebelmettwurst-mhd2-20","status":"publish","type":"product","link":"https:\/\/food-shop.org\/?product=400g-hausmacher-dosenwurst-zwiebelmettwurst-mhd2-20","title":{"rendered":"400g Hausmacher Dosenwurst Zwiebelmettwurst MHD:2\/20"},"content":{"rendered":"<p><!-- show up to 2 reviews by default --> <\/p>\n<p>Hausmacher Dosenwurst Pf\u00e4lzer Zwiebelmettwurst 400g Dose Die Metzgerei Werz besteht seit mehr als 75 Jahren. Nach wie vor setzen Sie auf eine traditionelle Herstellung, ohne Geschmacksverst\u00e4rker, ohne Gluten und ohne Farbstoffe. Die Dosenwurst hat ein F\u00fcllgewicht von 400g und ist durch einen Ringpull einfach zu \u00f6ffnen. Zutaten: 94% Schweinefleisch, 2% Zwiebeln, Speck, Kochsalz, Dextrose, Gew\u00fcrze, Konservierungsstoffe: Natriumnitrit, Antioxidationsmittel: Natriumisoacsorbat, Emulgator: Mono- und Diglyceride, Geschmacksverst\u00e4rker: Natriumglutamat. Kann Spuren von Senf und Sellerie enthalten. Durchschnittliche N\u00e4hrwerte je 100 g Brennwert: 1249 kJ \/ 302 kcal Fett: 26,5 g davon: &#8211; ges\u00e4ttigte Fetts\u00e4uren: 12,2 g Kohlenhydrate: 2,2 g davon: &#8211; Zucker 1,1 g Eiwei\u00df: 13,6 g Salz: 1,45 g Hersteller: Werz Wurst ? Fleisch ? Convenience GmbH, 69124 Heidelberg MHD mindest 1 Monat und mehr bis 540 Tage <\/p>\n<p>Hausmacher Dosenwurst Pf\u00e4lzer Zwiebelmettwurst 400g Dose<br \/>\n<div class=\"main-cross-sell\" data-asin=\"B07HV5YD63\">\n\n\t<div class=\"WooZone-cross-sell-loader\">\n\t\t<div>\n\t\t\t<div id=\"floatingBarsG\">\n\t\t\t\t<div class=\"blockG\" id=\"rotateG_01\"><\/div>\n\t\t\t\t<div class=\"blockG\" id=\"rotateG_02\"><\/div>\n\t\t\t\t<div class=\"blockG\" id=\"rotateG_03\"><\/div>\n\t\t\t\t<div class=\"blockG\" id=\"rotateG_04\"><\/div>\n\t\t\t\t<div class=\"blockG\" id=\"rotateG_05\"><\/div>\n\t\t\t\t<div class=\"blockG\" id=\"rotateG_06\"><\/div>\n\t\t\t\t<div class=\"blockG\" id=\"rotateG_07\"><\/div>\n\t\t\t\t<div class=\"blockG\" id=\"rotateG_08\"><\/div>\n\t\t\t<\/div>\n\t\t\t<div class=\"WooZone-cross-sell-loader-text\"><\/div>\n\t\t<\/div>\n\t<\/div>\n\n\t\t\n<\/div>\n<div style=\"clear:both;\"><\/div>\n","protected":false},"excerpt":{"rendered":"Hausmacher Dosenwurst Pf\u00e4lzer Zwiebelmettwurst 400g Dose","protected":false},"featured_media":5592,"comment_status":"open","ping_status":"closed","template":"","meta":[],"product_cat":[64,58],"product_tag":[],"_links":{"self":[{"href":"https:\/\/food-shop.org\/index.php?rest_route=\/wp\/v2\/product\/5591"}],"collection":[{"href":"https:\/\/food-shop.org\/index.php?rest_route=\/wp\/v2\/product"}],"about":[{"href":"https:\/\/food-shop.org\/index.php?rest_route=\/wp\/v2\/types\/product"}],"replies":[{"embeddable":true,"href":"https:\/\/food-shop.org\/index.php?rest_route=%2Fwp%2Fv2%2Fcomments&post=5591"}],"wp:featuredmedia":[{"embeddable":true,"href":"https:\/\/food-shop.org\/index.php?rest_route=\/wp\/v2\/media\/5592"}],"wp:attachment":[{"href":"https:\/\/food-shop.org\/index.php?rest_route=%2Fwp%2Fv2%2Fmedia&parent=5591"}],"wp:term":[{"taxonomy":"product_cat","embeddable":true,"href":"https:\/\/food-shop.org\/index.php?rest_route=%2Fwp%2Fv2%2Fproduct_cat&post=5591"},{"taxonomy":"product_tag","embeddable":true,"href":"https:\/\/food-shop.org\/index.php?rest_route=%2Fwp%2Fv2%2Fproduct_tag&post=5591"}],"curies":[{"name":"wp","href":"https:\/\/api.w.org\/{rel}","templated":true}]}}