{"id":5565,"date":"2020-08-31T11:12:48","date_gmt":"2020-08-31T11:12:48","guid":{"rendered":"https:\/\/food-shop.org\/?product=2-x-konserve-diem-400g-saure-nieren-vom-landschwein-klassische-balsamico-sosse-240g-gewuerfelte-nierchen-je-konserve-lange-haltbar-1486e-kg"},"modified":"2023-04-06T16:26:42","modified_gmt":"2023-04-06T16:26:42","slug":"2-x-konserve-diem-400g-saure-nieren-vom-landschwein-klassische-balsamico-sosse-240g-gewuerfelte-nierchen-je-konserve-lange-haltbar-1486e-kg","status":"publish","type":"product","link":"https:\/\/food-shop.org\/?product=2-x-konserve-diem-400g-saure-nieren-vom-landschwein-klassische-balsamico-sosse-240g-gewuerfelte-nierchen-je-konserve-lange-haltbar-1486e-kg","title":{"rendered":"2 X Konserve Diem 400g Saure Nieren vom Landschwein &#8211; Klassische Balsamico So\u00dfe &#8211; 240g gew\u00fcrfelte Nierchen je Konserve\u2026"},"content":{"rendered":"<p><!-- show up to 2 reviews by default --> <\/p>\n<h3>Produktbeschreibungen<\/h3>\n<p>Zutatenliste Zutaten: Schweinenieren 60%, Fleischbr\u00fche mit Sellerie , Bratensaft, Weinssig, Zwiebel, Weizenmehl, Salz, Gew\u00fcrze.. Je nach Geschmack die Nierchen mit Salz und Balsamico Essig nachw\u00fcrzen. Was dem Gericht ein besonderes I T\u00fcpfelchen verleiht ist ein L\u00f6ffel grober Senf, der direkt in die So\u00dfe ger\u00fchrt wird. Durchschnittlicher N\u00e4hrwert pro 100g Energie143 kcal 597 kj Fett9,2 g Ges\u00e4ttigte Fetts\u00e4uren1,84 g Kohlenhydrate2 g Zucker0,95 g Eiwei\u00df 10 g Salz 1,6 g Konservierungsstoffekeine Nieren vom Schw\u00e4bischen Hausschwein in Streifen geschnitten. Die Nieren werden mit Zwiebeln angebraten und dann mit Rotwein und Essig abgel\u00f6scht, etwas Bratenso\u00dfe dazu gegeben und fein abgeschmeckt. <\/p>\n<h3>Inhaltsstoffe \/ Zutaten<\/h3>\n<p>Zutaten: Schweinenieren 60%, Fleischbr\u00fche mit Sellerie , Bratensaft, Weinssig, Zwiebel, Weizenmehl, Salz, Gew\u00fcrze.. <\/p>\n<div data-a-expander-name=\"toggle_description\" class=\"a-row a-expander-container a-expander-extend-container\">\n<div class=\"a-expander-content a-expander-extend-content\">\n<h3>Gebrauchsanweisung<\/h3>\n<p>In der Mikrowelle: Inhalt in eine mikrowellengeeignetes Gef\u00e4\u00df geben und abgedeckt in der Mikrowelle bei 600 Watt 4 Minuten erw\u00e4rmen. Auf dem Herd: Inhalt in einen Topf geben und auf dem Herd leicht kochend etwa 10 Minuten erw\u00e4rmen. Dabei regelm\u00e4\u00dfig umr\u00fchren. Oder: Geschlossene Dose 20 Minuten in kochendes Wasser legen. Vor dem \u00f6ffnen die Dose mit kaltem Wasser kurz abschrecken und beim \u00d6ffnen mit einem Tuch abdecken. <\/p>\n<\/p><\/div>\n<p> <a href=\"void(0)\" data-action=\"a-expander-toggle\" class=\"a-expander-header a-declarative a-expander-extend-header\" data-a-expander-toggle=\"{\"><i class=\"a-icon a-icon-extender-expand\"><\/i><span class=\"a-expander-prompt\">Weitere Informationen<\/span><\/a> <\/div>\n<p>Nieren vom Schw\u00e4bischen Hausschwein in Streifen geschnitten. Die Nieren werden mit Zwiebeln angebraten und dann mit Rotwein und Essig abgel\u00f6scht, etwas Bratenso\u00dfe dazu gegeben und fein abgeschmeckt.<br \/>\nJe nach Geschmack die Nierchen mit Salz und Balsamico Essig nachw\u00fcrzen. Was dem Gericht ein besonderes I T\u00fcpfelchen verleiht ist ein L\u00f6ffel grober Senf, der direkt in die So\u00dfe ger\u00fchrt wird.<br \/>\nWir Schlachten noch selbst in unserem eigenen Schlachthof und k\u00f6nnen deshalb auch die Herkunft der Tiere wie auch die Qualit\u00e4t der Innereien bestimmen.<br \/>\nVon Diem&#8217;s Spitzenk\u00f6chen kreiert: Gemeinsam mit den K\u00f6chen Johannes Diem, Oscar und Sebastian entwickeln wir einzigartige Rezepturen, in denen bewusst auf Konservierungsstoffe und Geschmacksverst\u00e4rker verzichtet wird. Durch die Verwendung spezielle Gew\u00fcrze und ausgew\u00e4hlten Zutaten und Aromen werden aus bekannten Klassikern kulinarische Geschmackserlebnisse.<br \/>\nNachhaltigkeit : Da uns die Umwelt und das Thema Nachhaltigkeit sehr am Herzen liegt, sind all unsere Diem Suppen in nachhaltigen Alu Konserven Dosen abgef\u00fcllt und kommen im umweltschonenden umgebleichtem Pappkarton zu Dir nach Hause oder ins B\u00fcro<br \/>\n<div class=\"main-cross-sell\" data-asin=\"B086N3T8YL\">\n\n\t<div class=\"WooZone-cross-sell-loader\">\n\t\t<div>\n\t\t\t<div id=\"floatingBarsG\">\n\t\t\t\t<div class=\"blockG\" id=\"rotateG_01\"><\/div>\n\t\t\t\t<div class=\"blockG\" id=\"rotateG_02\"><\/div>\n\t\t\t\t<div class=\"blockG\" id=\"rotateG_03\"><\/div>\n\t\t\t\t<div class=\"blockG\" id=\"rotateG_04\"><\/div>\n\t\t\t\t<div class=\"blockG\" id=\"rotateG_05\"><\/div>\n\t\t\t\t<div class=\"blockG\" id=\"rotateG_06\"><\/div>\n\t\t\t\t<div class=\"blockG\" id=\"rotateG_07\"><\/div>\n\t\t\t\t<div class=\"blockG\" id=\"rotateG_08\"><\/div>\n\t\t\t<\/div>\n\t\t\t<div class=\"WooZone-cross-sell-loader-text\"><\/div>\n\t\t<\/div>\n\t<\/div>\n\n\t\t\n<\/div>\n<div style=\"clear:both;\"><\/div>\n","protected":false},"excerpt":{"rendered":"Nieren vom Schw\u00e4bischen Hausschwein in Streifen geschnitten. Die Nieren werden mit Zwiebeln angebraten und dann mit Rotwein und Essig abgel\u00f6scht, etwas Bratenso\u00dfe dazu gegeben und fein abgeschmeckt.\nJe nach Geschmack die Nierchen mit Salz und Balsamico Essig nachw\u00fcrzen. Was dem Gericht ein besonderes I T\u00fcpfelchen verleiht ist ein L\u00f6ffel grober Senf, der direkt in die So\u00dfe ger\u00fchrt wird.\nWir Schlachten noch selbst in unserem eigenen Schlachthof und k\u00f6nnen deshalb auch die Herkunft der Tiere wie auch die Qualit\u00e4t der Innereien bestimmen.","protected":false},"featured_media":5566,"comment_status":"open","ping_status":"closed","template":"","meta":[],"product_cat":[64,58],"product_tag":[],"_links":{"self":[{"href":"https:\/\/food-shop.org\/index.php?rest_route=\/wp\/v2\/product\/5565"}],"collection":[{"href":"https:\/\/food-shop.org\/index.php?rest_route=\/wp\/v2\/product"}],"about":[{"href":"https:\/\/food-shop.org\/index.php?rest_route=\/wp\/v2\/types\/product"}],"replies":[{"embeddable":true,"href":"https:\/\/food-shop.org\/index.php?rest_route=%2Fwp%2Fv2%2Fcomments&post=5565"}],"wp:featuredmedia":[{"embeddable":true,"href":"https:\/\/food-shop.org\/index.php?rest_route=\/wp\/v2\/media\/5566"}],"wp:attachment":[{"href":"https:\/\/food-shop.org\/index.php?rest_route=%2Fwp%2Fv2%2Fmedia&parent=5565"}],"wp:term":[{"taxonomy":"product_cat","embeddable":true,"href":"https:\/\/food-shop.org\/index.php?rest_route=%2Fwp%2Fv2%2Fproduct_cat&post=5565"},{"taxonomy":"product_tag","embeddable":true,"href":"https:\/\/food-shop.org\/index.php?rest_route=%2Fwp%2Fv2%2Fproduct_tag&post=5565"}],"curies":[{"name":"wp","href":"https:\/\/api.w.org\/{rel}","templated":true}]}}