{"id":5557,"date":"2020-08-31T11:12:45","date_gmt":"2020-08-31T11:12:45","guid":{"rendered":"https:\/\/food-shop.org\/?product=hausmacher-dosenwurst-200g-probierset-vorteilsset-vorratsset-landmetzgerei-sandritter"},"modified":"2023-04-06T16:26:42","modified_gmt":"2023-04-06T16:26:42","slug":"hausmacher-dosenwurst-200g-probierset-vorteilsset-vorratsset-landmetzgerei-sandritter","status":"publish","type":"product","link":"https:\/\/food-shop.org\/?product=hausmacher-dosenwurst-200g-probierset-vorteilsset-vorratsset-landmetzgerei-sandritter","title":{"rendered":"Hausmacher Dosenwurst ohne Presskopf 200g Probierset, Vorteilsset, Vorratsset, Landmetzgerei Sandritter"},"content":{"rendered":"<p><!-- show up to 2 reviews by default --> <\/p>\n<h3>Produktbeschreibungen<\/h3>\n<p>Im Set enthalten: Leberwurst, Blutwurst, Schwartenmagen, Kartoffelwurst, grobe Bratwurst <\/p>\n<h3>Inhaltsstoffe \/ Zutaten<\/h3>\n<p>Zutaten Leberwurst: Schweinefleisch und Schweinespeck 70%, Schweinleber 25%, Br\u00fche, Speisesalz, Zwiebel, Gew\u00fcrze (u.a. Majoran, SELLERIE), Zucker. Zutaten Blutwurst: Schweinespeck, Schweineschwarten, Schweinefleisch, Schweineblut, Br\u00fche, Nitritp\u00f6kelsalz (Speisesalz, Konservierungsstoff: Natriumnitrit), Zwiebel, Gew\u00fcrze (u.a. Majoran, SELLERIE), Zucker. Zutaten Schwartenmagen: Schweinefleisch, Schweineschwarten, Br\u00fche, Trinkwasser, Essig, Nitritp\u00f6kelsalz (Speisesalz, Konservierungsstoff: Natriumnitrit), Gew\u00fcrze, Stabilisatoren: Natriumtriphosphat, Dinatriumphosphat, Glucosesirup, Antioxidationsmittel: Natriumascorbat, Ascorbins\u00e4ure, nat\u00fcrliche Aroma, Gew\u00fcrze, (u.a .SELLERIE), Zucker. Zutaten Kartoffelwurst: Schweinefleisch, Kartoffeln, Schweineblut, Br\u00fche, Speisesalz, Gew\u00fcrze (u.a. Majoran, SELLERIE), Zucker. grobe Bratwurst: Schweinefleisch 98%, Speisesalz, Zwiebel, Gew\u00fcrze (Majoran, SELLERIE), Stabilisator: Natriumtriphosphat, Dinatriumphosphat, nat\u00fcrliches Aroma, Zucker. <\/p>\n<p>Im Set enthalten: Leberwurst, Blutwurst, Schwartenmagen, Kartoffelwurst, grobe Bratwurst<br \/>\nWir bieten Ihnen DOSENWURST OHNE GLUTAMATHALTIGE ZUSATZSTOFFE, denn wir verwenden f\u00fcr die Herstellung unserer Dosenwurst ausschlie\u00dflich eigene Gew\u00fcrzmischungen aus NATURGEW\u00dcRZEN und verzichten auf den Geschmacksverst\u00e4rker Glutamat.<br \/>\nMehr TIERWOHL und TIERSCHUTZ durch eine NAT\u00dcRLICHE und ARTGERECHTE HALTUNG der STROHSCHWEINE in kleinen Gruppen und der DEUTSCH ANGUS RINDER in Weidehaltung.<br \/>\nANTIBIOTIKAFREIE AUFZUCHT der STROHSCHWEINE und DEUTSCH ANGUS RINDER.<br \/>\nUnsere Dosenwurst ist aufgrund der HANDWERKLICHE HERSTELLUNG im K\u00fchlschrank bei +2\u00b0C bis +7\u00b0C zu k\u00fchlen. Unsere Dosenwurst ist mindestens 6 Monate haltbar.<br \/>\n<div class=\"main-cross-sell\" data-asin=\"B07NC9WT85\">\n\n\t<div class=\"WooZone-cross-sell-loader\">\n\t\t<div>\n\t\t\t<div id=\"floatingBarsG\">\n\t\t\t\t<div class=\"blockG\" id=\"rotateG_01\"><\/div>\n\t\t\t\t<div class=\"blockG\" id=\"rotateG_02\"><\/div>\n\t\t\t\t<div class=\"blockG\" id=\"rotateG_03\"><\/div>\n\t\t\t\t<div class=\"blockG\" id=\"rotateG_04\"><\/div>\n\t\t\t\t<div class=\"blockG\" id=\"rotateG_05\"><\/div>\n\t\t\t\t<div class=\"blockG\" id=\"rotateG_06\"><\/div>\n\t\t\t\t<div class=\"blockG\" id=\"rotateG_07\"><\/div>\n\t\t\t\t<div class=\"blockG\" id=\"rotateG_08\"><\/div>\n\t\t\t<\/div>\n\t\t\t<div class=\"WooZone-cross-sell-loader-text\"><\/div>\n\t\t<\/div>\n\t<\/div>\n\n\t\t\n<\/div>\n<div style=\"clear:both;\"><\/div>\n","protected":false},"excerpt":{"rendered":"Im Set enthalten: Leberwurst, Blutwurst, Schwartenmagen, Kartoffelwurst, grobe Bratwurst\nWir bieten Ihnen DOSENWURST OHNE GLUTAMATHALTIGE ZUSATZSTOFFE, denn wir verwenden f\u00fcr die Herstellung unserer Dosenwurst ausschlie\u00dflich eigene Gew\u00fcrzmischungen aus NATURGEW\u00dcRZEN und verzichten auf den Geschmacksverst\u00e4rker Glutamat.\nMehr TIERWOHL und TIERSCHUTZ durch eine NAT\u00dcRLICHE und ARTGERECHTE HALTUNG der STROHSCHWEINE in kleinen Gruppen und der DEUTSCH ANGUS RINDER in Weidehaltung.","protected":false},"featured_media":5558,"comment_status":"open","ping_status":"closed","template":"","meta":[],"product_cat":[64,58],"product_tag":[],"_links":{"self":[{"href":"https:\/\/food-shop.org\/index.php?rest_route=\/wp\/v2\/product\/5557"}],"collection":[{"href":"https:\/\/food-shop.org\/index.php?rest_route=\/wp\/v2\/product"}],"about":[{"href":"https:\/\/food-shop.org\/index.php?rest_route=\/wp\/v2\/types\/product"}],"replies":[{"embeddable":true,"href":"https:\/\/food-shop.org\/index.php?rest_route=%2Fwp%2Fv2%2Fcomments&post=5557"}],"wp:featuredmedia":[{"embeddable":true,"href":"https:\/\/food-shop.org\/index.php?rest_route=\/wp\/v2\/media\/5558"}],"wp:attachment":[{"href":"https:\/\/food-shop.org\/index.php?rest_route=%2Fwp%2Fv2%2Fmedia&parent=5557"}],"wp:term":[{"taxonomy":"product_cat","embeddable":true,"href":"https:\/\/food-shop.org\/index.php?rest_route=%2Fwp%2Fv2%2Fproduct_cat&post=5557"},{"taxonomy":"product_tag","embeddable":true,"href":"https:\/\/food-shop.org\/index.php?rest_route=%2Fwp%2Fv2%2Fproduct_tag&post=5557"}],"curies":[{"name":"wp","href":"https:\/\/api.w.org\/{rel}","templated":true}]}}