{"id":5540,"date":"2020-08-31T11:12:35","date_gmt":"2020-08-31T11:12:35","guid":{"rendered":"https:\/\/food-shop.org\/?product=hausmacher-dosenwurst-lyoner-400g-mhd-11-19"},"modified":"2023-04-06T16:26:42","modified_gmt":"2023-04-06T16:26:42","slug":"hausmacher-dosenwurst-lyoner-400g-mhd-11-19","status":"publish","type":"product","link":"https:\/\/food-shop.org\/?product=hausmacher-dosenwurst-lyoner-400g-mhd-11-19","title":{"rendered":"Hausmacher Dosenwurst Lyoner 400g MHD 11\/19"},"content":{"rendered":"<p><!-- show up to 2 reviews by default --> <\/p>\n<p>Hausmacher Dosenwurst Lyoner 400g Dose Die Metzgerei Werz besteht seit mehr als 75 Jahren. Nach wie vor setzen Sie auf eine traditionelle Herstellung, ohne Geschmacksverst\u00e4rker, ohne Gluten und ohne Farbstoffe. Die Dosenwurst hat ein F\u00fcllgewicht von 400g und ist durch einen Ringpull einfach zu \u00f6ffnen. Zutaten: 73% Schweinefleisch, Trinkwasser, Kochsalz, Gew\u00fcrz, Zucker, Dextrose, Gew\u00fcrzextrakt, W\u00fcrze, Konservierungsstoff: E250 Natriumnitrit, Antioxidationsmittel: E300 L-Ascorbins\u00e4ure, E301 Natrium-L-Ascorbat, Stabilisator: E450 Diphosphate, S\u00e4urungsmittel: E330 Citronens\u00e4ure. N\u00e4hrwertangaben pro 100g: Brennwert 1103kj \/ 263 kcal Fett davon ges\u00e4ttigte Fetts\u00e4uren 25,1g \/ 10,0g Kohlenhydrate davon Zucker 0,2g \/ 0,2g Eiwei\u00df 9,2g Salz 1,8 g Hersteller: Werz Wurst \u2013 Fleisch \u2013 Convenience GmbH, 69124 Heidelberg <\/p>\n<p>Hausmacher Dosenwurst Lyoner 400g Dose<br \/>\n<div class=\"main-cross-sell\" data-asin=\"B07HTNRKPP\">\n\n\t<div class=\"WooZone-cross-sell-loader\">\n\t\t<div>\n\t\t\t<div id=\"floatingBarsG\">\n\t\t\t\t<div class=\"blockG\" id=\"rotateG_01\"><\/div>\n\t\t\t\t<div class=\"blockG\" id=\"rotateG_02\"><\/div>\n\t\t\t\t<div class=\"blockG\" id=\"rotateG_03\"><\/div>\n\t\t\t\t<div class=\"blockG\" id=\"rotateG_04\"><\/div>\n\t\t\t\t<div class=\"blockG\" id=\"rotateG_05\"><\/div>\n\t\t\t\t<div class=\"blockG\" id=\"rotateG_06\"><\/div>\n\t\t\t\t<div class=\"blockG\" id=\"rotateG_07\"><\/div>\n\t\t\t\t<div class=\"blockG\" id=\"rotateG_08\"><\/div>\n\t\t\t<\/div>\n\t\t\t<div class=\"WooZone-cross-sell-loader-text\"><\/div>\n\t\t<\/div>\n\t<\/div>\n\n\t\t\n<\/div>\n<div style=\"clear:both;\"><\/div>\n","protected":false},"excerpt":{"rendered":"Hausmacher Dosenwurst Lyoner 400g Dose","protected":false},"featured_media":5541,"comment_status":"open","ping_status":"closed","template":"","meta":[],"product_cat":[64,58],"product_tag":[],"_links":{"self":[{"href":"https:\/\/food-shop.org\/index.php?rest_route=\/wp\/v2\/product\/5540"}],"collection":[{"href":"https:\/\/food-shop.org\/index.php?rest_route=\/wp\/v2\/product"}],"about":[{"href":"https:\/\/food-shop.org\/index.php?rest_route=\/wp\/v2\/types\/product"}],"replies":[{"embeddable":true,"href":"https:\/\/food-shop.org\/index.php?rest_route=%2Fwp%2Fv2%2Fcomments&post=5540"}],"wp:featuredmedia":[{"embeddable":true,"href":"https:\/\/food-shop.org\/index.php?rest_route=\/wp\/v2\/media\/5541"}],"wp:attachment":[{"href":"https:\/\/food-shop.org\/index.php?rest_route=%2Fwp%2Fv2%2Fmedia&parent=5540"}],"wp:term":[{"taxonomy":"product_cat","embeddable":true,"href":"https:\/\/food-shop.org\/index.php?rest_route=%2Fwp%2Fv2%2Fproduct_cat&post=5540"},{"taxonomy":"product_tag","embeddable":true,"href":"https:\/\/food-shop.org\/index.php?rest_route=%2Fwp%2Fv2%2Fproduct_tag&post=5540"}],"curies":[{"name":"wp","href":"https:\/\/api.w.org\/{rel}","templated":true}]}}