{"id":5510,"date":"2020-08-31T11:09:44","date_gmt":"2020-08-31T11:09:44","guid":{"rendered":"https:\/\/food-shop.org\/?product=12-dosen-a-125g-dosenwurst-6-sorten-je-2-dosen-insgesamt-15-kg-lebensmittelvorrat-konserven"},"modified":"2023-04-06T16:26:41","modified_gmt":"2023-04-06T16:26:41","slug":"12-dosen-a-125g-dosenwurst-6-sorten-je-2-dosen-insgesamt-15-kg-lebensmittelvorrat-konserven","status":"publish","type":"product","link":"https:\/\/food-shop.org\/?product=12-dosen-a-125g-dosenwurst-6-sorten-je-2-dosen-insgesamt-15-kg-lebensmittelvorrat-konserven","title":{"rendered":"12 Dosen a 125g Dosenwurst, 6 Sorten je 2 Dosen, insgesamt 1,5 kg , Lebensmittelvorrat Konserven"},"content":{"rendered":"<p><!-- show up to 2 reviews by default --> <\/p>\n<h3>Produktbeschreibungen<\/h3>\n<p>12 Dosen mit einem Gesamtgewicht von 1,5 kg Wurst von den 6 Sorten: je 2 der 125g-Dosen 2 x Gutsleberwurst, 2 x Feine Leberwurst mit Kalbfleisch, 2 x Mettwurst , gekocht 2 x Schinkenwurst, 2 x Jagdwurst, 2 x Bierwurst. Jede 125g Dose ist ca. 7 cm Durchmesser und ca. 3,5 cm hoch. <\/p>\n<h3>Inhaltsstoffe \/ Zutaten<\/h3>\n<p>Gutsleberwurst: Schweinefleisch (55%), Schweineleber (22%), Schweinespeck, frische Zwiebeln, jodiertes Speisesalz, Emulgator E 472c, Gew\u00fcrze, Kr\u00e4uter, Konservierungsstoff: Natriumnitrit Kalbfleischleberwurst: Schweinefleisch (50%), Schweineleber (21%), Jungrindfleisch (16%),Speck, SAHNE, jodiertes Speisesalz, Emulgator: E 472c, Gew\u00fcrze, Saccharose,Konservierungsstoff: NatriumnitritMettwurst gekocht: Schweinefleisch (92%), jodiertes Speisesalz, Emulgator: E 472c,Gew\u00fcrze, R\u00f6stzwiebeln, Dextrose, Gew\u00fcrzextrakte, Konservierungsstoff:Natriumnitrit. Schinkenwurst: Schweinefleisch (62%), Rindfleisch (11%), Trinkwasser, jodiertesSpeisesalz, Gew\u00fcrze, Dextrose, Gew\u00fcrzextrakte, Stabilisator: Diphosphat,W\u00fcrze, Antioxidationsmittel: Ascorbins\u00e4ure, Konservierungsstoff: Natriumnitrit. Jagdwurst: Schweinefleisch (71%), Rindfleisch (11%), Trinkwasser, jodiertesSpeisesalz, Gew\u00fcrze (mit SENF), Stabilisator: Diphosphat, Gew\u00fcrzextrakte,Dextrose, Saccharose, S\u00e4uerungsmittel: Citronens\u00e4ure, Antioxidationsmittel:Ascorbins\u00e4ure, W\u00fcrze, Rum, Konservierungsstoff: Natriumnitrit. Bierwurst: Schweinefleisch (71%), Rindfleisch (11%), Trinkwasser, jodiertesSpeisesalz, SENFK\u00d6RNER, Gew\u00fcrze, Stabilisator: Diphosphat,Antioxidationsmittel: Ascorbins\u00e4ure, Dextrose, Gew\u00fcrzextrakte, W\u00fcrze,Konservierungsstoff: Natriumnitrit. <\/p>\n<div data-a-expander-name=\"toggle_description\" class=\"a-row a-expander-container a-expander-extend-container\">\n<div class=\"a-expander-content a-expander-extend-content\">\n<h3>Rechtliche Hinweise<\/h3>\n<p>Hersteller: Eifeler Fleischwaren Ludwig Babendererde GmbH &#8211; Oberbettinger Str. 27 &#8211; D-54587 Lissendorf <\/p>\n<h3>Anschrift Hersteller\/Importeur<\/h3>\n<p>Eifeler Fleischwaren Ludwig Babendererde GmbH &#8211; Oberbettinger Str. 27 &#8211; D-54587 Lissendor <\/p>\n<\/p><\/div>\n<p> <a href=\"void(0)\" data-action=\"a-expander-toggle\" class=\"a-expander-header a-declarative a-expander-extend-header\" data-a-expander-toggle=\"{\"><i class=\"a-icon a-icon-extender-expand\"><\/i><span class=\"a-expander-prompt\">Weitere Informationen<\/span><\/a> <\/div>\n<p>6 Sorten, je 2 Dosen a 125g = 1,5 Kg Wurst<br \/>\nMindesthaltbarkeit: ca. 20 Monate<br \/>\nmit Ring-Pull-Verschluss (\u00f6ffnen ohne Dosen\u00f6ffner)<br \/>\nNEU: plus 2 passende Deckel zum wiederverschlie\u00dfen der ge\u00f6ffneten Dose<br \/>\n<div class=\"main-cross-sell\" data-asin=\"B009MP8F6A\">\n\n\t<div class=\"WooZone-cross-sell-loader\">\n\t\t<div>\n\t\t\t<div id=\"floatingBarsG\">\n\t\t\t\t<div class=\"blockG\" id=\"rotateG_01\"><\/div>\n\t\t\t\t<div class=\"blockG\" id=\"rotateG_02\"><\/div>\n\t\t\t\t<div class=\"blockG\" id=\"rotateG_03\"><\/div>\n\t\t\t\t<div class=\"blockG\" id=\"rotateG_04\"><\/div>\n\t\t\t\t<div class=\"blockG\" id=\"rotateG_05\"><\/div>\n\t\t\t\t<div class=\"blockG\" id=\"rotateG_06\"><\/div>\n\t\t\t\t<div class=\"blockG\" id=\"rotateG_07\"><\/div>\n\t\t\t\t<div class=\"blockG\" id=\"rotateG_08\"><\/div>\n\t\t\t<\/div>\n\t\t\t<div class=\"WooZone-cross-sell-loader-text\"><\/div>\n\t\t<\/div>\n\t<\/div>\n\n\t\t\n<\/div>\n<div style=\"clear:both;\"><\/div>\n","protected":false},"excerpt":{"rendered":"6 Sorten, je 2 Dosen a 125g = 1,5 Kg Wurst\nMindesthaltbarkeit: ca. 20 Monate\nmit Ring-Pull-Verschluss (\u00f6ffnen ohne Dosen\u00f6ffner)","protected":false},"featured_media":5511,"comment_status":"open","ping_status":"closed","template":"","meta":[],"product_cat":[64,58],"product_tag":[],"_links":{"self":[{"href":"https:\/\/food-shop.org\/index.php?rest_route=\/wp\/v2\/product\/5510"}],"collection":[{"href":"https:\/\/food-shop.org\/index.php?rest_route=\/wp\/v2\/product"}],"about":[{"href":"https:\/\/food-shop.org\/index.php?rest_route=\/wp\/v2\/types\/product"}],"replies":[{"embeddable":true,"href":"https:\/\/food-shop.org\/index.php?rest_route=%2Fwp%2Fv2%2Fcomments&post=5510"}],"wp:featuredmedia":[{"embeddable":true,"href":"https:\/\/food-shop.org\/index.php?rest_route=\/wp\/v2\/media\/5511"}],"wp:attachment":[{"href":"https:\/\/food-shop.org\/index.php?rest_route=%2Fwp%2Fv2%2Fmedia&parent=5510"}],"wp:term":[{"taxonomy":"product_cat","embeddable":true,"href":"https:\/\/food-shop.org\/index.php?rest_route=%2Fwp%2Fv2%2Fproduct_cat&post=5510"},{"taxonomy":"product_tag","embeddable":true,"href":"https:\/\/food-shop.org\/index.php?rest_route=%2Fwp%2Fv2%2Fproduct_tag&post=5510"}],"curies":[{"name":"wp","href":"https:\/\/api.w.org\/{rel}","templated":true}]}}