{"id":5502,"date":"2020-08-31T11:09:41","date_gmt":"2020-08-31T11:09:41","guid":{"rendered":"https:\/\/food-shop.org\/?product=probierpaket-8x200g-dosen-hausmacher-wurst"},"modified":"2023-04-06T16:26:41","modified_gmt":"2023-04-06T16:26:41","slug":"probierpaket-8x200g-dosen-hausmacher-wurst","status":"publish","type":"product","link":"https:\/\/food-shop.org\/?product=probierpaket-8x200g-dosen-hausmacher-wurst","title":{"rendered":"Probierpaket 8x200g Dosen Hausmacher Wurst"},"content":{"rendered":"<p><!-- show up to 2 reviews by default --> <\/p>\n<h3>Produktbeschreibungen<\/h3>\n<p>Jetzt kennenlernen zum Aktionspreis!!Ein Angebot an alle ,die deftige Hausmacherwurst aus eigener Schlachtung probieren oder verschenken m\u00f6chten.Die 8 Sorten bieten einen Querschnitt aus unserem Konservenwurstsortiment.Einfach mal probieren -es lohnt sich!Genie\u00dfen Sie folgende Sorten: Mettwurst gek., S\u00fclze, Rotwurst, Leberwurst fein, Leberwurst grob, R\u00f6stzwiebelleberwurst, Zwiebelmett, Eisbein Unsere Wurstkonserven werden aus selbst geschlachtetem,frischem Fleisch hergestellt und ohne weitere Zusatzstoffe belassen. Wir kochen unsere Konserven ausreichende Zeit im Wasserbad und gew\u00e4hren eine Mindesthaltbarkeitszeit von 2 Jahren. Zutaten: Mettwurst gek.: Schweinefleisch(97%), Kochsalz,Nitritp\u00f6kelsalz(Natriumnitrit),Gew\u00fcrze, Glukosesirup S\u00fclze: Schweinefleisch (25%), Schweinek\u00f6pfe (25%), Schwarten, Fleischbr\u00fche, Branntweinessig, Kochsalz,Nitritp\u00f6kelsalz(Natriumnitrit),Gew\u00fcrze, Glukosesirup Rotwurst:Schweinefleisch (30%), Speck, Schwarten, Schweineblut, Zunge und Herz vom Schwein, Kochsalz,Nitritp\u00f6kelsalz(Natriumnitrit),Gew\u00fcrze, Leberwurst,fein:Schweinefleisch(80%),Schweineleber(18%) Kochsalz,Nitritp\u00f6kelsalz(Natriumnitrit),Gew\u00fcrze, Glukosesirup Leberwurst,grob:Schweinefleisch(70%),Schweineleber(25%) Kochsalz,Nitritp\u00f6kelsalz(Natriumnitrit),Gew\u00fcrze, Glukosesirup R\u00f6stzwiebelleberwurst:Schweinefleisch(57%),Schweineleber(38%) Kochsalz,Nitritp\u00f6kelsalz(Natriumnitrit),R\u00f6stzwiebeln, Gew\u00fcrze Zwiebelmettwurst gek.: Schweinefleisch(97%), Kochsalz,Nitritp\u00f6kelsalz(Natriumnitrit),Gew\u00fcrze, Glukosesirup Eisbein: Eisbeinfleisch mit Schwarte(98%), Kochsalz,Nitritp\u00f6kelsalz(Natriumnitrit),Gew\u00fcrze, <\/p>\n<h3>Inhaltsstoffe \/ Zutaten<\/h3>\n<p>Folgende Sorten: Mettwurst gek., S\u00fclze, Rotwurst,Leberwurst fein ,grob &amp; R\u00f6stzwiebelleberwurst, Zwiebelmett, EisbeinUnsere Wurstkonserven werden aus garantiert frischem Fleisch hergestellt und au\u00dfer Nitritp\u00f6kelsalz ohne weitere Zusatzstoffe belassen. Wir kochen unsere Konserven ausreichende Zeit im Wasserbad und gew\u00e4hren eine Haltbarkeitszeit von 2 Jahren . Zutaten:Mettwurst gek.: Schweinefleisch(97%), Kochsalz,Nitritp\u00f6kelsalz(Natriumnitrit),Gew\u00fcrze, Glukosesirup S\u00fclze: Schweinefleisch (25%), Schweinek\u00f6pfe (25%), Schwarten, Fleischbr\u00fche, Branntweinessig, Kochsalz,Nitritp\u00f6kelsalz(Natriumnitrit),Gew\u00fcrze, Glukosesirup Rotwurst:Schweinefleisch (30%), Speck, Schwarten, Schweineblut, Zunge und Herz vom Schwein, Kochsalz,Nitritp\u00f6kelsalz(Natriumnitrit),Gew\u00fcrze, Leberwurst,fein:Schweinefleisch(80%),Schweineleber(18%) Kochsalz,Nitritp\u00f6kelsalz(Natriumnitrit),Gew\u00fcrze, GlukosesirupLeberwurst,grob:Schweinefleisch(70%),Schweineleber(25%) Kochsalz,Nitritp\u00f6kelsalz(Natriumnitrit),Gew\u00fcrze, GlukosesirupR\u00f6stzwiebelleberwurst:Schweinefleisch(57%),Schweineleber(38%) Kochsalz,Nitritp\u00f6kelsalz(Natriumnitrit),R\u00f6stzwiebeln, Gew\u00fcrze Zwiebelmettwurst gek.: Schweinefleisch(97%), Kochsalz,Nitritp\u00f6kelsalz(Natriumnitrit),Gew\u00fcrze, Glukosesirup Eisbein: Eisbeinfleisch mit Schwarte(98%), Kochsalz,Nitritp\u00f6kelsalz(Natriumnitrit),Gew\u00fcrze,Wir fertigen komplett ohne Zusatzstoffe wie Geschmacksverst\u00e4rker, Bindemittel, Farbstoffe und liefern daher auch beste Qualit\u00e4t f\u00fcr Allergiker. <\/p>\n<p>Aktionspreis !!!:<br \/>\nWiehenkamp Wurstwaren v.Lande bietet hier ein 8-Sorten Probiersortiment<br \/>\nHausmacher Wurstkonserven zum Geschmackstest an<br \/>\nWiehenkamp=Top Qualit\u00e4t und Frische aus eigener Schlachtung!<br \/>\nohne Geschmacksverst\u00e4rker,Bindemittel,Farbstoffe usw.-Fleischgeschmack pur!<br \/>\n<div class=\"main-cross-sell\" data-asin=\"B0046ZGPZO\">\n\n\t<div class=\"WooZone-cross-sell-loader\">\n\t\t<div>\n\t\t\t<div id=\"floatingBarsG\">\n\t\t\t\t<div class=\"blockG\" id=\"rotateG_01\"><\/div>\n\t\t\t\t<div class=\"blockG\" id=\"rotateG_02\"><\/div>\n\t\t\t\t<div class=\"blockG\" id=\"rotateG_03\"><\/div>\n\t\t\t\t<div class=\"blockG\" id=\"rotateG_04\"><\/div>\n\t\t\t\t<div class=\"blockG\" id=\"rotateG_05\"><\/div>\n\t\t\t\t<div class=\"blockG\" id=\"rotateG_06\"><\/div>\n\t\t\t\t<div class=\"blockG\" id=\"rotateG_07\"><\/div>\n\t\t\t\t<div class=\"blockG\" id=\"rotateG_08\"><\/div>\n\t\t\t<\/div>\n\t\t\t<div class=\"WooZone-cross-sell-loader-text\"><\/div>\n\t\t<\/div>\n\t<\/div>\n\n\t\t\n<\/div>\n<div style=\"clear:both;\"><\/div>\n","protected":false},"excerpt":{"rendered":"Aktionspreis !!!:\nWiehenkamp Wurstwaren v.Lande bietet hier ein 8-Sorten Probiersortiment\nHausmacher Wurstkonserven zum Geschmackstest an","protected":false},"featured_media":5503,"comment_status":"open","ping_status":"closed","template":"","meta":[],"product_cat":[64,58],"product_tag":[],"_links":{"self":[{"href":"https:\/\/food-shop.org\/index.php?rest_route=\/wp\/v2\/product\/5502"}],"collection":[{"href":"https:\/\/food-shop.org\/index.php?rest_route=\/wp\/v2\/product"}],"about":[{"href":"https:\/\/food-shop.org\/index.php?rest_route=\/wp\/v2\/types\/product"}],"replies":[{"embeddable":true,"href":"https:\/\/food-shop.org\/index.php?rest_route=%2Fwp%2Fv2%2Fcomments&post=5502"}],"wp:featuredmedia":[{"embeddable":true,"href":"https:\/\/food-shop.org\/index.php?rest_route=\/wp\/v2\/media\/5503"}],"wp:attachment":[{"href":"https:\/\/food-shop.org\/index.php?rest_route=%2Fwp%2Fv2%2Fmedia&parent=5502"}],"wp:term":[{"taxonomy":"product_cat","embeddable":true,"href":"https:\/\/food-shop.org\/index.php?rest_route=%2Fwp%2Fv2%2Fproduct_cat&post=5502"},{"taxonomy":"product_tag","embeddable":true,"href":"https:\/\/food-shop.org\/index.php?rest_route=%2Fwp%2Fv2%2Fproduct_tag&post=5502"}],"curies":[{"name":"wp","href":"https:\/\/api.w.org\/{rel}","templated":true}]}}