{"id":5482,"date":"2020-08-31T11:09:33","date_gmt":"2020-08-31T11:09:33","guid":{"rendered":"https:\/\/food-shop.org\/?product=wurstkonserven-12x200g-hausmacher-komplettsortiment"},"modified":"2023-04-06T16:25:32","modified_gmt":"2023-04-06T16:25:32","slug":"wurstkonserven-12x200g-hausmacher-komplettsortiment","status":"publish","type":"product","link":"https:\/\/food-shop.org\/?product=wurstkonserven-12x200g-hausmacher-komplettsortiment","title":{"rendered":"Wurstkonserven :12x200g Hausmacher Komplettsortiment"},"content":{"rendered":"<p><!-- show up to 2 reviews by default --> <\/p>\n<h3>Produktbeschreibungen<\/h3>\n<p>Komplettsortiment unserer 200 g Dosen, perfekt f\u00fcr den Urlaub oder als &#8222;Notreserve&#8220; f\u00fcr Zuhause. Folgende 12 Sorten: Mettwurst gekocht, S\u00fclze, Rotwurst, J\u00e4gerwurst, Leberwurst fein &amp; grob, Zwiebelmett, Eisbein, R\u00f6stzwiebelleberwurst, Weihnachtsleberwurst,Corned Beef, Apfelschmalz. Unsere Wurstkonserven werden aus garantiert frischem Fleisch hergestellt und ohne weitere Zusatzstoffe belassen. Wir kochen unsere Konserven ausreichende Zeit im Wasserbad und gew\u00e4hren eine Haltbarkeit von 2 Jahren. Zutaten: Mettwurst gekocht: Schweinefleisch (97%), Kochsalz, Nitritp\u00f6kelsalz (Natriumnitrit), Gew\u00fcrze, Glukosesirup S\u00fclze: Schweinefleisch (25%), Schweinek\u00f6pfe (25%), Schwarten, Fleischbr\u00fche, Branntweinessig, Kochsalz, Nitritp\u00f6kelsalz (Natriumnitrit), Gew\u00fcrze, Glukosesirup Rotwurst: Schweinefleisch (30%), Speck, Schwarten, Schweineblut, Zunge und Herz vom Schwein, Kochsalz, Nitritp\u00f6kelsalz (Natriumnitrit), Gew\u00fcrze J\u00e4gerwurst: Schweinefleisch (60%), Rindfleisch (35%), Eier, Kochsalz, Nitritp\u00f6kelsalz (Natriumnitrit), Gew\u00fcrze, Glukosesirup Leberwurst,fein: Schweinefleisch (80%), Schweineleber(18%), Kochsalz, Nitritp\u00f6kelsalz (Natriumnitrit), Gew\u00fcrze, Glukosesirup Leberwurst, grob: Schweinefleisch (73%), Schweineleber(25%), Kochsalz, Nitritp\u00f6kelsalz (Natriumnitrit), Gew\u00fcrze R\u00f6stzwiebelleberwurst: Schweinefleisch(57%), Schweineleber (38%), Kochsalz, Nitritp\u00f6kelsalz (Natriumnitrit), R\u00f6stzwiebeln (1,5%), Gew\u00fcrze Weihnachtsleberwurst: Schweinefleisch, Schweineleber (38%), Kochsalz, Nitritp\u00f6kelsalz (Natriumnitrit), Gew\u00fcrze (u.a.Anis) Zwiebelmettwurst gekocht: Schweinefleisch (97%), Kochsalz, Nitritp\u00f6kelsalz (Natriumnitrit), Gew\u00fcrze, Glukosesirup Eisbein: Eisbeinfleisch mit Schwarte (98%), Kochsalz, Nitritp\u00f6kelsalz (Natriumnitrit), Gew\u00fcrze Corned Beef: Rindfleisch 95%, Schweineschwarten, Kochsalz, Nitritp\u00f6kelsalz(Natriumnitrit), Gew\u00fcrze, Glukosesirup Apfelschmalz: Schweineschmalz, \u00c4pfel, R\u00f6stzwiebeln, Kochsalz, Gew\u00fcrze <\/p>\n<h3>Inhaltsstoffe \/ Zutaten<\/h3>\n<p>Mettwurst gekocht: Schweinefleisch (97%), Kochsalz, Nitritp\u00f6kelsalz (Natriumnitrit), Gew\u00fcrze, Glukosesirup S\u00fclze: Schweinefleisch (25%), Schweinek\u00f6pfe (25%), Schwarten, Fleischbr\u00fche, Branntweinessig, Kochsalz, Nitritp\u00f6kelsalz (Natriumnitrit), Gew\u00fcrze, Glukosesirup Rotwurst: Schweinefleisch (30%), Speck, Schwarten, Schweineblut, Zunge und Herz vom Schwein, Kochsalz, Nitritp\u00f6kelsalz (Natriumnitrit), Gew\u00fcrze J\u00e4gerwurst: Schweinefleisch (60%), Rindfleisch (35%), Eier, Kochsalz, Nitritp\u00f6kelsalz (Natriumnitrit), Gew\u00fcrze, Glukosesirup Leberwurst,fein: Schweinefleisch (80%), Schweineleber(18%), Kochsalz, Nitritp\u00f6kelsalz (Natriumnitrit), Gew\u00fcrze, Glukosesirup Leberwurst, grob: Schweinefleisch (73%), Schweineleber(25%), Kochsalz, Nitritp\u00f6kelsalz (Natriumnitrit), Gew\u00fcrze R\u00f6stzwiebelleberwurst: Schweinefleisch(57%), Schweineleber (38%), Kochsalz, Nitritp\u00f6kelsalz (Natriumnitrit), R\u00f6stzwiebeln (1,5%), Gew\u00fcrze Weihnachtsleberwurst: Schweinefleisch, Schweineleber (38%), Kochsalz, Nitritp\u00f6kelsalz (Natriumnitrit), Gew\u00fcrze (u.a.Anis) Zwiebelmettwurst gekocht: Schweinefleisch (97%), Kochsalz, Nitritp\u00f6kelsalz (Natriumnitrit), Gew\u00fcrze, Glukosesirup Eisbein: Eisbeinfleisch mit Schwarte (98%), Kochsalz, Nitritp\u00f6kelsalz (Natriumnitrit), Gew\u00fcrze Corned Beef: Rindfleisch 95%, Schweineschwarten, Kochsalz, Nitritp\u00f6kelsalz(Natriumnitrit), Gew\u00fcrze, Glukosesirup Apfelschmalz: Schweineschmalz, \u00c4pfel, R\u00f6stzwiebeln, Kochsalz, Gew\u00fcrze <\/p>\n<p>Hausmacher Wurst Konserven<br \/>\nAus eigener Schlachtung, nach traditionellen Rezepturen hergestellt<br \/>\nohne Geschmacksverst\u00e4rker, Farbstoffe, Bindemittel usw.<br \/>\n2 Jahre haltbar, sehr gut zur Bevorratung geeignet!<br \/>\n<div class=\"main-cross-sell\" data-asin=\"B004228KBI\">\n\n\t<div class=\"WooZone-cross-sell-loader\">\n\t\t<div>\n\t\t\t<div id=\"floatingBarsG\">\n\t\t\t\t<div class=\"blockG\" id=\"rotateG_01\"><\/div>\n\t\t\t\t<div class=\"blockG\" id=\"rotateG_02\"><\/div>\n\t\t\t\t<div class=\"blockG\" id=\"rotateG_03\"><\/div>\n\t\t\t\t<div class=\"blockG\" id=\"rotateG_04\"><\/div>\n\t\t\t\t<div class=\"blockG\" id=\"rotateG_05\"><\/div>\n\t\t\t\t<div class=\"blockG\" id=\"rotateG_06\"><\/div>\n\t\t\t\t<div class=\"blockG\" id=\"rotateG_07\"><\/div>\n\t\t\t\t<div class=\"blockG\" id=\"rotateG_08\"><\/div>\n\t\t\t<\/div>\n\t\t\t<div class=\"WooZone-cross-sell-loader-text\"><\/div>\n\t\t<\/div>\n\t<\/div>\n\n\t\t\n<\/div>\n<div style=\"clear:both;\"><\/div>\n","protected":false},"excerpt":{"rendered":"Hausmacher Wurst Konserven\nAus eigener Schlachtung, nach traditionellen Rezepturen hergestellt\nohne Geschmacksverst\u00e4rker, Farbstoffe, Bindemittel usw.","protected":false},"featured_media":5483,"comment_status":"open","ping_status":"closed","template":"","meta":[],"product_cat":[64,58],"product_tag":[],"_links":{"self":[{"href":"https:\/\/food-shop.org\/index.php?rest_route=\/wp\/v2\/product\/5482"}],"collection":[{"href":"https:\/\/food-shop.org\/index.php?rest_route=\/wp\/v2\/product"}],"about":[{"href":"https:\/\/food-shop.org\/index.php?rest_route=\/wp\/v2\/types\/product"}],"replies":[{"embeddable":true,"href":"https:\/\/food-shop.org\/index.php?rest_route=%2Fwp%2Fv2%2Fcomments&post=5482"}],"wp:featuredmedia":[{"embeddable":true,"href":"https:\/\/food-shop.org\/index.php?rest_route=\/wp\/v2\/media\/5483"}],"wp:attachment":[{"href":"https:\/\/food-shop.org\/index.php?rest_route=%2Fwp%2Fv2%2Fmedia&parent=5482"}],"wp:term":[{"taxonomy":"product_cat","embeddable":true,"href":"https:\/\/food-shop.org\/index.php?rest_route=%2Fwp%2Fv2%2Fproduct_cat&post=5482"},{"taxonomy":"product_tag","embeddable":true,"href":"https:\/\/food-shop.org\/index.php?rest_route=%2Fwp%2Fv2%2Fproduct_tag&post=5482"}],"curies":[{"name":"wp","href":"https:\/\/api.w.org\/{rel}","templated":true}]}}