{"id":5457,"date":"2020-08-31T11:06:12","date_gmt":"2020-08-31T11:06:12","guid":{"rendered":"https:\/\/food-shop.org\/?product=thueringer-knackwurst-mit-kuemmel-landmetzgerei-schiessl-ca-500g"},"modified":"2023-04-06T16:25:32","modified_gmt":"2023-04-06T16:25:32","slug":"thueringer-knackwurst-mit-kuemmel-landmetzgerei-schiessl-ca-500g","status":"publish","type":"product","link":"https:\/\/food-shop.org\/?product=thueringer-knackwurst-mit-kuemmel-landmetzgerei-schiessl-ca-500g","title":{"rendered":"Knackwurst mit K\u00fcmmel Th\u00fcringer Art \u2605Landmetzgerei Schiessl \u2605 ca. 500g"},"content":{"rendered":"<p><!-- show up to 2 reviews by default --> <\/p>\n<p>Th\u00fcringer Knackwurst mit K\u00fcmmel \u2013 Rohwurst mit w\u00fcrzigem K\u00fcmmel Geschmack. F\u00fcr die Herstellung Landmetzger Schiessl&#8217;s Th\u00fcringer Knackwurst mit K\u00fcmmel wird mageres Schweinefleisch auf mittlere K\u00f6rnung geschnitten. Edle Naturgew\u00fcrze werden schonend untergemischt. F\u00fcr den kr\u00e4ftigen K\u00fcmmelgeschmack verwendet die Landmetzger Schiessl ganze K\u00fcmmelk\u00f6rner. Damit das volle Aroma der Th\u00fcringer Knackwurst mit K\u00fcmmel voll zum Tragen kommt, wird sie in nat\u00fcrliche Rinderkranzd\u00e4rme gef\u00fcllt und langsam kalt ger\u00e4uchert. <\/p>\n<p>Th\u00fcringer Knackwurst mit K\u00fcmmel \u2013 Rohwurst mit w\u00fcrzigem K\u00fcmmel Geschmack. F\u00fcr die Herstellung Landmetzger Schiessl&#8217;s Th\u00fcringer Knackwurst mit K\u00fcmmel wird mageres Schweinefleisch auf mittlere K\u00f6rnung geschnitten.<br \/>\nEdle Naturgew\u00fcrze werden schonend untergemischt. F\u00fcr den kr\u00e4ftigen K\u00fcmmelgeschmack verwendet die Landmetzger Schiessl ganze K\u00fcmmelk\u00f6rner.<br \/>\nDamit das volle Aroma der Th\u00fcringer Knackwurst mit K\u00fcmmel voll zum Tragen kommt, wird sie in nat\u00fcrliche Rinderkranzd\u00e4rme gef\u00fcllt und langsam kalt ger\u00e4uchert.<br \/>\nSpitzenqualit\u00e4t aus Bayern<br \/>\nEine Bestelleinheit: ca. 500g<br \/>\n<div class=\"main-cross-sell\" data-asin=\"B003WUEPPQ\">\n\n\t<div class=\"WooZone-cross-sell-loader\">\n\t\t<div>\n\t\t\t<div id=\"floatingBarsG\">\n\t\t\t\t<div class=\"blockG\" id=\"rotateG_01\"><\/div>\n\t\t\t\t<div class=\"blockG\" id=\"rotateG_02\"><\/div>\n\t\t\t\t<div class=\"blockG\" id=\"rotateG_03\"><\/div>\n\t\t\t\t<div class=\"blockG\" id=\"rotateG_04\"><\/div>\n\t\t\t\t<div class=\"blockG\" id=\"rotateG_05\"><\/div>\n\t\t\t\t<div class=\"blockG\" id=\"rotateG_06\"><\/div>\n\t\t\t\t<div class=\"blockG\" id=\"rotateG_07\"><\/div>\n\t\t\t\t<div class=\"blockG\" id=\"rotateG_08\"><\/div>\n\t\t\t<\/div>\n\t\t\t<div class=\"WooZone-cross-sell-loader-text\"><\/div>\n\t\t<\/div>\n\t<\/div>\n\n\t\t\n<\/div>\n<div style=\"clear:both;\"><\/div>\n","protected":false},"excerpt":{"rendered":"Th\u00fcringer Knackwurst mit K\u00fcmmel \u2013 Rohwurst mit w\u00fcrzigem K\u00fcmmel Geschmack. F\u00fcr die Herstellung Landmetzger Schiessl's Th\u00fcringer Knackwurst mit K\u00fcmmel wird mageres Schweinefleisch auf mittlere K\u00f6rnung geschnitten.\nEdle Naturgew\u00fcrze werden schonend untergemischt. F\u00fcr den kr\u00e4ftigen K\u00fcmmelgeschmack verwendet die Landmetzger Schiessl ganze K\u00fcmmelk\u00f6rner.\nDamit das volle Aroma der Th\u00fcringer Knackwurst mit K\u00fcmmel voll zum Tragen kommt, wird sie in nat\u00fcrliche Rinderkranzd\u00e4rme gef\u00fcllt und langsam kalt ger\u00e4uchert.","protected":false},"featured_media":5458,"comment_status":"open","ping_status":"closed","template":"","meta":[],"product_cat":[64,82],"product_tag":[],"_links":{"self":[{"href":"https:\/\/food-shop.org\/index.php?rest_route=\/wp\/v2\/product\/5457"}],"collection":[{"href":"https:\/\/food-shop.org\/index.php?rest_route=\/wp\/v2\/product"}],"about":[{"href":"https:\/\/food-shop.org\/index.php?rest_route=\/wp\/v2\/types\/product"}],"replies":[{"embeddable":true,"href":"https:\/\/food-shop.org\/index.php?rest_route=%2Fwp%2Fv2%2Fcomments&post=5457"}],"wp:featuredmedia":[{"embeddable":true,"href":"https:\/\/food-shop.org\/index.php?rest_route=\/wp\/v2\/media\/5458"}],"wp:attachment":[{"href":"https:\/\/food-shop.org\/index.php?rest_route=%2Fwp%2Fv2%2Fmedia&parent=5457"}],"wp:term":[{"taxonomy":"product_cat","embeddable":true,"href":"https:\/\/food-shop.org\/index.php?rest_route=%2Fwp%2Fv2%2Fproduct_cat&post=5457"},{"taxonomy":"product_tag","embeddable":true,"href":"https:\/\/food-shop.org\/index.php?rest_route=%2Fwp%2Fv2%2Fproduct_tag&post=5457"}],"curies":[{"name":"wp","href":"https:\/\/api.w.org\/{rel}","templated":true}]}}