{"id":5453,"date":"2020-08-31T11:06:11","date_gmt":"2020-08-31T11:06:11","guid":{"rendered":"https:\/\/food-shop.org\/?product=langolt-gyulai-heissgeraeucherte-wurst-1kg"},"modified":"2023-04-06T16:25:31","modified_gmt":"2023-04-06T16:25:31","slug":"langolt-gyulai-heissgeraeucherte-wurst-1kg","status":"publish","type":"product","link":"https:\/\/food-shop.org\/?product=langolt-gyulai-heissgeraeucherte-wurst-1kg","title":{"rendered":"L\u00e1ngolt | Gyulai Heissger\u00e4ucherte Wurst 1kg"},"content":{"rendered":"<p><!-- show up to 2 reviews by default --> <\/p>\n<p>HEISSGER\u00e4UCHERTE \u201eLANGOLT\u201d WURST ZUSAMMENSETZUNG Schweinefleisch, Salz, Paprikapulver, Gew\u00fcrze, Saccharose, Geschmacksverst\u00e4rker \/E-621\/, Antioxydant \/E-300\/, Konservierungsmittel \/E-250\/ WURSTH\u00dcLLE: Schweinedarm SENSORISCHE EIGENSCHAFTEN: Form und Ma\u00dfen: Das Produkt, wird in Schweined\u00e4rme mit einem Durchmesser von 34-38 mm gef\u00fcllt. H\u00fclle: Schimmelfrei, gut haftend. Konsistenz, Schnittfl\u00e4che: gleichm\u00e4\u00dfig zerkleinerte Fleischpaste (5-7 mm), gut schneidbar, feste Konsistenz, auf der Schnittfl\u00e4che sind dunkelrosa Fleischst\u00fccke und Speckst\u00fccke zu sehen. Die Ware darf keine Luftzieher oder Gew\u00fcrzklumpen enthalten.. Farbe, Geruch, Geschmack: Leichter Rauchgeschmack, harmonischer, w\u00fcrziger Geruch, frei von Fremdger\u00fcche. <\/p>\n<p>HEISSGER\u00e4UCHERTE \u201eLANGOLT\u201d WURST<br \/>\nGyulai<br \/>\nFeinkost-aus-Ungarn.de<br \/>\n<div class=\"main-cross-sell\" data-asin=\"B014MEWCSM\">\n\n\t<div class=\"WooZone-cross-sell-loader\">\n\t\t<div>\n\t\t\t<div id=\"floatingBarsG\">\n\t\t\t\t<div class=\"blockG\" id=\"rotateG_01\"><\/div>\n\t\t\t\t<div class=\"blockG\" id=\"rotateG_02\"><\/div>\n\t\t\t\t<div class=\"blockG\" id=\"rotateG_03\"><\/div>\n\t\t\t\t<div class=\"blockG\" id=\"rotateG_04\"><\/div>\n\t\t\t\t<div class=\"blockG\" id=\"rotateG_05\"><\/div>\n\t\t\t\t<div class=\"blockG\" id=\"rotateG_06\"><\/div>\n\t\t\t\t<div class=\"blockG\" id=\"rotateG_07\"><\/div>\n\t\t\t\t<div class=\"blockG\" id=\"rotateG_08\"><\/div>\n\t\t\t<\/div>\n\t\t\t<div class=\"WooZone-cross-sell-loader-text\"><\/div>\n\t\t<\/div>\n\t<\/div>\n\n\t\t\n<\/div>\n<div style=\"clear:both;\"><\/div>\n","protected":false},"excerpt":{"rendered":"HEISSGER\u00e4UCHERTE \u201eLANGOLT\u201d WURST\nGyulai\nFeinkost-aus-Ungarn.de","protected":false},"featured_media":5454,"comment_status":"open","ping_status":"closed","template":"","meta":[],"product_cat":[64,82],"product_tag":[],"_links":{"self":[{"href":"https:\/\/food-shop.org\/index.php?rest_route=\/wp\/v2\/product\/5453"}],"collection":[{"href":"https:\/\/food-shop.org\/index.php?rest_route=\/wp\/v2\/product"}],"about":[{"href":"https:\/\/food-shop.org\/index.php?rest_route=\/wp\/v2\/types\/product"}],"replies":[{"embeddable":true,"href":"https:\/\/food-shop.org\/index.php?rest_route=%2Fwp%2Fv2%2Fcomments&post=5453"}],"wp:featuredmedia":[{"embeddable":true,"href":"https:\/\/food-shop.org\/index.php?rest_route=\/wp\/v2\/media\/5454"}],"wp:attachment":[{"href":"https:\/\/food-shop.org\/index.php?rest_route=%2Fwp%2Fv2%2Fmedia&parent=5453"}],"wp:term":[{"taxonomy":"product_cat","embeddable":true,"href":"https:\/\/food-shop.org\/index.php?rest_route=%2Fwp%2Fv2%2Fproduct_cat&post=5453"},{"taxonomy":"product_tag","embeddable":true,"href":"https:\/\/food-shop.org\/index.php?rest_route=%2Fwp%2Fv2%2Fproduct_tag&post=5453"}],"curies":[{"name":"wp","href":"https:\/\/api.w.org\/{rel}","templated":true}]}}