{"id":5451,"date":"2020-08-31T11:06:09","date_gmt":"2020-08-31T11:06:09","guid":{"rendered":"https:\/\/food-shop.org\/?product=pizzaleberkaese-landmetzgerei-schiessl-ca-1000g"},"modified":"2023-04-06T16:25:31","modified_gmt":"2023-04-06T16:25:31","slug":"pizzaleberkaese-landmetzgerei-schiessl-ca-1000g","status":"publish","type":"product","link":"https:\/\/food-shop.org\/?product=pizzaleberkaese-landmetzgerei-schiessl-ca-1000g","title":{"rendered":"Pizzaleberk\u00e4se &#8211; Landmetzgerei Schiessl &#8211; ca. 1000g"},"content":{"rendered":"<div class=\"disclaim\"> Gr\u00f6\u00dfe:<strong>1000g<\/strong> <\/div>\n<p> <!-- show up to 2 reviews by default --> <\/p>\n<p>Landmetzger Schiessl&#8217;s Pizzaleberk\u00e4se \u2013 der \u201eExotische\u201c. Leberk\u00e4se einmal anders, das ist unser Pizzaleberk\u00e4se. F\u00fcr die Herstellung werden milder Schinken, edle Salami, helle Champignons, gew\u00fcrfelter Goudak\u00e4se sowie rote und gr\u00fcne Paprikaw\u00fcrfel vermischt und mit feinem Leberk\u00e4sebr\u00e4t vermengt. Die Oregano betonte W\u00fcrzung sorgt f\u00fcr den typischen Pizzageschmack. Die Leberk\u00e4semasse wird in Formen gef\u00fcllt und im Ofen gebacken. Probieren Sie unseren Pizzaleberk\u00e4se \u2013 eine besondere Delikatesse. <\/p>\n<p>Landmetzger Schiessl&#8217;s Pizzaleberk\u00e4se \u2013 der \u201eExotische\u201c. Leberk\u00e4se einmal anders, das ist unser Pizzaleberk\u00e4se.<br \/>\nF\u00fcr die Herstellung werden milder Schinken, edle Salami, helle Champignons, gew\u00fcrfelter Goudak\u00e4se sowie rote und gr\u00fcne Paprikaw\u00fcrfel vermischt und mit feinem Leberk\u00e4sebr\u00e4t vermengt.<br \/>\nDie Oregano betonte W\u00fcrzung sorgt f\u00fcr den typischen Pizzageschmack. Die Leberk\u00e4semasse wird in Formen gef\u00fcllt und im Ofen gebacken. Probieren Sie unseren Pizzaleberk\u00e4se \u2013 eine besondere Delikatesse.<br \/>\nSpitzenqualit\u00e4t aus Bayern<br \/>\nEine Bestelleinheit: ca. 1000g<br \/>\n<div class=\"main-cross-sell\" data-asin=\"B00K4ZGFQE\">\n\n\t<div class=\"WooZone-cross-sell-loader\">\n\t\t<div>\n\t\t\t<div id=\"floatingBarsG\">\n\t\t\t\t<div class=\"blockG\" id=\"rotateG_01\"><\/div>\n\t\t\t\t<div class=\"blockG\" id=\"rotateG_02\"><\/div>\n\t\t\t\t<div class=\"blockG\" id=\"rotateG_03\"><\/div>\n\t\t\t\t<div class=\"blockG\" id=\"rotateG_04\"><\/div>\n\t\t\t\t<div class=\"blockG\" id=\"rotateG_05\"><\/div>\n\t\t\t\t<div class=\"blockG\" id=\"rotateG_06\"><\/div>\n\t\t\t\t<div class=\"blockG\" id=\"rotateG_07\"><\/div>\n\t\t\t\t<div class=\"blockG\" id=\"rotateG_08\"><\/div>\n\t\t\t<\/div>\n\t\t\t<div class=\"WooZone-cross-sell-loader-text\"><\/div>\n\t\t<\/div>\n\t<\/div>\n\n\t\t\n<\/div>\n<div style=\"clear:both;\"><\/div>\n","protected":false},"excerpt":{"rendered":"Landmetzger Schiessl's Pizzaleberk\u00e4se \u2013 der \u201eExotische\u201c. Leberk\u00e4se einmal anders, das ist unser Pizzaleberk\u00e4se.\nF\u00fcr die Herstellung werden milder Schinken, edle Salami, helle Champignons, gew\u00fcrfelter Goudak\u00e4se sowie rote und gr\u00fcne Paprikaw\u00fcrfel vermischt und mit feinem Leberk\u00e4sebr\u00e4t vermengt.\nDie Oregano betonte W\u00fcrzung sorgt f\u00fcr den typischen Pizzageschmack. Die Leberk\u00e4semasse wird in Formen gef\u00fcllt und im Ofen gebacken. Probieren Sie unseren Pizzaleberk\u00e4se \u2013 eine besondere Delikatesse.","protected":false},"featured_media":5452,"comment_status":"open","ping_status":"closed","template":"","meta":[],"product_cat":[64,82],"product_tag":[],"_links":{"self":[{"href":"https:\/\/food-shop.org\/index.php?rest_route=\/wp\/v2\/product\/5451"}],"collection":[{"href":"https:\/\/food-shop.org\/index.php?rest_route=\/wp\/v2\/product"}],"about":[{"href":"https:\/\/food-shop.org\/index.php?rest_route=\/wp\/v2\/types\/product"}],"replies":[{"embeddable":true,"href":"https:\/\/food-shop.org\/index.php?rest_route=%2Fwp%2Fv2%2Fcomments&post=5451"}],"wp:featuredmedia":[{"embeddable":true,"href":"https:\/\/food-shop.org\/index.php?rest_route=\/wp\/v2\/media\/5452"}],"wp:attachment":[{"href":"https:\/\/food-shop.org\/index.php?rest_route=%2Fwp%2Fv2%2Fmedia&parent=5451"}],"wp:term":[{"taxonomy":"product_cat","embeddable":true,"href":"https:\/\/food-shop.org\/index.php?rest_route=%2Fwp%2Fv2%2Fproduct_cat&post=5451"},{"taxonomy":"product_tag","embeddable":true,"href":"https:\/\/food-shop.org\/index.php?rest_route=%2Fwp%2Fv2%2Fproduct_tag&post=5451"}],"curies":[{"name":"wp","href":"https:\/\/api.w.org\/{rel}","templated":true}]}}