{"id":5412,"date":"2020-08-31T11:02:09","date_gmt":"2020-08-31T11:02:09","guid":{"rendered":"https:\/\/food-shop.org\/?product=csabai-kolbasz-250g-gyulai-csabaer-paprikasalami-250g"},"modified":"2023-04-06T16:25:31","modified_gmt":"2023-04-06T16:25:31","slug":"csabai-kolbasz-250g-gyulai-csabaer-paprikasalami-250g","status":"publish","type":"product","link":"https:\/\/food-shop.org\/?product=csabai-kolbasz-250g-gyulai-csabaer-paprikasalami-250g","title":{"rendered":"Csabai kolb\u00e1sz 250g, Gyulai, Csabaer Paprikasalami 250g"},"content":{"rendered":"<p><!-- show up to 2 reviews by default --> <\/p>\n<p>Csabai Wurst 250g<\/p>\n<p>Produktbeschreibung<br \/>Csaba-Wurst W\u00fcrzig &#8211; traditionelle, trocken gereifte Wurst. Seine Produktionstechnologie ist gesch\u00fctzt &#8211; ggA. Es hat ein angenehm rauchiges, w\u00fcrziges Aroma, einen harmonischen Geschmack und leicht pfeffrigen Pfeffer.<\/p>\n<p>Produkt: Csabaer Paprikasalami 250g<\/p>\n<p>Verpackung: Vakuumfolie<\/p>\n<p>Zutaten: Schweinefleisch, Schweinespeck, Salz, Paprikapulver scharf, Gew\u00fcrze, Antioxydanzien (E-330, E-300), Saccharose, Konservierungsmittel (E250)<\/p>\n<p>Beschreibung und Geschmack: Neben der Gyulaer Paarwurst erhielt auch die Csabaer Paprikasalami das GGA zeichen. Dem entsprechend darf diese feinw\u00fcrzige, leicht scharfe Salamisorte ausschlie\u00dflich in der gegend von Gyula und B\u00e9k\u00e9scsaba (im s\u00fcdosten von Ungarn) hergestellt werden. Nach dem R\u00e4uchern wird diese Salamisorte etwa sieben Wochen lang unter st\u00e4ndigen Kontrolle gereif.<\/p>\n<p>Nettogewicht: 250 g<br \/>Haltbarkeit: 60 Tage<br \/>Lagerung: +10 bis +20 \u00b0 CMagyar\/UngarischCsabai kolb\u00e1sz 250g<br \/>Term\u00e9kle\u00edr\u00e1s<\/p>\n<p>Csabai kolb\u00e1sz Cs\u00edp\u0151s &#8211; hagyom\u00e1nyos, sz\u00e1r\u00edt\u00e1sos \u00e9rlel\u00e9ssel k\u00e9sz\u00fclt kolb\u00e1sz. Gy\u00e1rt\u00e1si technol\u00f3gi\u00e1ja oltalom alatt \u00e1ll &#8211; OFJ. Kellemesen f\u00fcst\u00f6lt, f\u0171szeres illat\u00fa, \u00edze harmonikus, a paprik\u00e1t\u00f3l enyh\u00e9n cs\u00edp\u0151s. R\u00fad, midi, valamint szeletelt form\u00e1ban kaphat\u00f3.<br \/>R\u00fadban<\/p>\n<p>Nett\u00f3 t\u00f6meg: 250g vg, vf., 550g vg, vf.<br \/>Min\u0151s\u00e9gmeg\u0151rz\u00e9si id\u0151: 60 nap<br \/>T\u00e1rol\u00e1s:+10 &#8211; +20\u00b0C<\/p>\n<p>Szeletelve<\/p>\n<p>Nett\u00f3 t\u00f6meg: 80 g<br \/>Min\u0151s\u00e9gmeg\u0151rz\u00e9si id\u0151: 80 nap<br \/>Sz\u00e1ll\u00edt\u00e1si \u00e9s t\u00e1rol\u00e1si h\u0151m\u00e9rs\u00e9klet: +0 &#8211; +10 \u00b0C alatt <\/p>\n<p>Csabai kolb\u00e1sz 250g<br \/>\nGyulai,Csaba-Wurst W\u00fcrzig &#8211; traditionelle<br \/>\nFeinkost-aus-Ungarn.de | MACK Freiburger Str. 4 | 79331 Teningen &#8211; Deutschland Tel. +49(0)7641-9626690 E-Mail: bestellung@feinkost-aus-ungarn.de www.feinkost-aus-ungarn.de<br \/>\ntrocken gereifte Wurst. Seine Produktionstechnologie ist gesch\u00fctzt &#8211; ggA. Es hat ein angenehm rauchiges<br \/>\nw\u00fcrziges Aroma<br \/>\n<div class=\"main-cross-sell\" data-asin=\"B084GP4KYC\">\n\n\t<div class=\"WooZone-cross-sell-loader\">\n\t\t<div>\n\t\t\t<div id=\"floatingBarsG\">\n\t\t\t\t<div class=\"blockG\" id=\"rotateG_01\"><\/div>\n\t\t\t\t<div class=\"blockG\" id=\"rotateG_02\"><\/div>\n\t\t\t\t<div class=\"blockG\" id=\"rotateG_03\"><\/div>\n\t\t\t\t<div class=\"blockG\" id=\"rotateG_04\"><\/div>\n\t\t\t\t<div class=\"blockG\" id=\"rotateG_05\"><\/div>\n\t\t\t\t<div class=\"blockG\" id=\"rotateG_06\"><\/div>\n\t\t\t\t<div class=\"blockG\" id=\"rotateG_07\"><\/div>\n\t\t\t\t<div class=\"blockG\" id=\"rotateG_08\"><\/div>\n\t\t\t<\/div>\n\t\t\t<div class=\"WooZone-cross-sell-loader-text\"><\/div>\n\t\t<\/div>\n\t<\/div>\n\n\t\t\n<\/div>\n<div style=\"clear:both;\"><\/div>\n","protected":false},"excerpt":{"rendered":"Csabai kolb\u00e1sz 250g\nGyulai,Csaba-Wurst W\u00fcrzig - traditionelle\nFeinkost-aus-Ungarn.de | MACK Freiburger Str. 4 | 79331 Teningen - Deutschland Tel. +49(0)7641-9626690 E-Mail: bestellung@feinkost-aus-ungarn.de www.feinkost-aus-ungarn.de","protected":false},"featured_media":5413,"comment_status":"open","ping_status":"closed","template":"","meta":[],"product_cat":[64,82],"product_tag":[],"_links":{"self":[{"href":"https:\/\/food-shop.org\/index.php?rest_route=\/wp\/v2\/product\/5412"}],"collection":[{"href":"https:\/\/food-shop.org\/index.php?rest_route=\/wp\/v2\/product"}],"about":[{"href":"https:\/\/food-shop.org\/index.php?rest_route=\/wp\/v2\/types\/product"}],"replies":[{"embeddable":true,"href":"https:\/\/food-shop.org\/index.php?rest_route=%2Fwp%2Fv2%2Fcomments&post=5412"}],"wp:featuredmedia":[{"embeddable":true,"href":"https:\/\/food-shop.org\/index.php?rest_route=\/wp\/v2\/media\/5413"}],"wp:attachment":[{"href":"https:\/\/food-shop.org\/index.php?rest_route=%2Fwp%2Fv2%2Fmedia&parent=5412"}],"wp:term":[{"taxonomy":"product_cat","embeddable":true,"href":"https:\/\/food-shop.org\/index.php?rest_route=%2Fwp%2Fv2%2Fproduct_cat&post=5412"},{"taxonomy":"product_tag","embeddable":true,"href":"https:\/\/food-shop.org\/index.php?rest_route=%2Fwp%2Fv2%2Fproduct_tag&post=5412"}],"curies":[{"name":"wp","href":"https:\/\/api.w.org\/{rel}","templated":true}]}}