{"id":5391,"date":"2020-08-31T11:01:59","date_gmt":"2020-08-31T11:01:59","guid":{"rendered":"https:\/\/food-shop.org\/?product=hobelz-bratgriller-kraeuter-250g"},"modified":"2023-04-06T16:25:31","modified_gmt":"2023-04-06T16:25:31","slug":"hobelz-bratgriller-kraeuter-250g","status":"publish","type":"product","link":"https:\/\/food-shop.org\/?product=hobelz-bratgriller-kraeuter-250g","title":{"rendered":"Hobelz Bratgriller Kr\u00e4uter, 250g"},"content":{"rendered":"<p><!-- show up to 2 reviews by default --> <\/p>\n<p>W\u00fcrzige rein pflanzliche Hobelz Bratgriller mit Kr\u00e4utern f\u00fcr alle Grill-Fans. Hobelz vegane Bratgriller Kr\u00e4uter sind \u00e4u\u00dferst leckere Bratw\u00fcrste mit einer schmackhafte W\u00fcrze und viel Eiwei\u00df, gleichzeitig haben sie aber wenig Fett und einen geringen Anteil an Kohlenhydraten! Dazu sind sie nat\u00fcrlich frei von gentechnisch ver\u00e4ndertem Soja und cholesterinfrei! <\/p>\n<p>vegan<br \/>\nlaktosefrei<br \/>\nmilchfrei<br \/>\neifrei<br \/>\nvegetarisch<br \/>\n<div class=\"main-cross-sell\" data-asin=\"B00Q562HZE\">\n\n\t<div class=\"WooZone-cross-sell-loader\">\n\t\t<div>\n\t\t\t<div id=\"floatingBarsG\">\n\t\t\t\t<div class=\"blockG\" id=\"rotateG_01\"><\/div>\n\t\t\t\t<div class=\"blockG\" id=\"rotateG_02\"><\/div>\n\t\t\t\t<div class=\"blockG\" id=\"rotateG_03\"><\/div>\n\t\t\t\t<div class=\"blockG\" id=\"rotateG_04\"><\/div>\n\t\t\t\t<div class=\"blockG\" id=\"rotateG_05\"><\/div>\n\t\t\t\t<div class=\"blockG\" id=\"rotateG_06\"><\/div>\n\t\t\t\t<div class=\"blockG\" id=\"rotateG_07\"><\/div>\n\t\t\t\t<div class=\"blockG\" id=\"rotateG_08\"><\/div>\n\t\t\t<\/div>\n\t\t\t<div class=\"WooZone-cross-sell-loader-text\"><\/div>\n\t\t<\/div>\n\t<\/div>\n\n\t\t\n<\/div>\n<div style=\"clear:both;\"><\/div>\n","protected":false},"excerpt":{"rendered":"vegan\nlaktosefrei\nmilchfrei","protected":false},"featured_media":5392,"comment_status":"open","ping_status":"closed","template":"","meta":[],"product_cat":[64,82],"product_tag":[],"_links":{"self":[{"href":"https:\/\/food-shop.org\/index.php?rest_route=\/wp\/v2\/product\/5391"}],"collection":[{"href":"https:\/\/food-shop.org\/index.php?rest_route=\/wp\/v2\/product"}],"about":[{"href":"https:\/\/food-shop.org\/index.php?rest_route=\/wp\/v2\/types\/product"}],"replies":[{"embeddable":true,"href":"https:\/\/food-shop.org\/index.php?rest_route=%2Fwp%2Fv2%2Fcomments&post=5391"}],"wp:featuredmedia":[{"embeddable":true,"href":"https:\/\/food-shop.org\/index.php?rest_route=\/wp\/v2\/media\/5392"}],"wp:attachment":[{"href":"https:\/\/food-shop.org\/index.php?rest_route=%2Fwp%2Fv2%2Fmedia&parent=5391"}],"wp:term":[{"taxonomy":"product_cat","embeddable":true,"href":"https:\/\/food-shop.org\/index.php?rest_route=%2Fwp%2Fv2%2Fproduct_cat&post=5391"},{"taxonomy":"product_tag","embeddable":true,"href":"https:\/\/food-shop.org\/index.php?rest_route=%2Fwp%2Fv2%2Fproduct_tag&post=5391"}],"curies":[{"name":"wp","href":"https:\/\/api.w.org\/{rel}","templated":true}]}}