{"id":5386,"date":"2020-08-31T11:01:56","date_gmt":"2020-08-31T11:01:56","guid":{"rendered":"https:\/\/food-shop.org\/?product=knacker-landmetzgerei-schiessl-ca-1000g"},"modified":"2023-04-06T16:25:30","modified_gmt":"2023-04-06T16:25:30","slug":"knacker-landmetzgerei-schiessl-ca-1000g","status":"publish","type":"product","link":"https:\/\/food-shop.org\/?product=knacker-landmetzgerei-schiessl-ca-1000g","title":{"rendered":"Knacker &#8211; Landmetzgerei Schiessl &#8211; ca. 1000g"},"content":{"rendered":"<div class=\"disclaim\"> Gr\u00f6\u00dfe:<strong>1000g<\/strong> <\/div>\n<p> <!-- show up to 2 reviews by default --> <\/p>\n<p>Schiessl&#8217;s Knacker \u2013 eine Spezialit\u00e4t! Urspr\u00fcnglich wurden die Knacker nur in der Oberpfalz hergestellt. Der typische Geschmack der Knacker wird durch die Hausschlachtung der Landmetzgrei Schiessl, die Verwendung von edlen Naturgew\u00fcrzen und einer Extraportion Original Th\u00fcringer Majoran erreicht. Schmecken Sie die Qualit\u00e4t. Hei\u00df schmecken unsere Knacker am besten. Auch zum Grillen sind sie bestens geeignet. <\/p>\n<p>Schiessl&#8217;s Knacker \u2013 eine Spezialit\u00e4t! Urspr\u00fcnglich wurden die Knacker nur in der Oberpfalz hergestellt.<br \/>\nDer typische Geschmack der Knacker wird durch die Hausschlachtung der Landmetzgrei Schiessl, die Verwendung von edlen Naturgew\u00fcrzen und einer Extraportion Original Th\u00fcringer Majoran erreicht.<br \/>\nHei\u00df schmecken unsere Knacker am besten. Auch zum Grillen sind sie bestens geeignet.<br \/>\nSpitzenqualit\u00e4t aus Bayern<br \/>\nEine Bestelleinheit: 1000g<br \/>\n<div class=\"main-cross-sell\" data-asin=\"B00K4ZGO9M\">\n\n\t<div class=\"WooZone-cross-sell-loader\">\n\t\t<div>\n\t\t\t<div id=\"floatingBarsG\">\n\t\t\t\t<div class=\"blockG\" id=\"rotateG_01\"><\/div>\n\t\t\t\t<div class=\"blockG\" id=\"rotateG_02\"><\/div>\n\t\t\t\t<div class=\"blockG\" id=\"rotateG_03\"><\/div>\n\t\t\t\t<div class=\"blockG\" id=\"rotateG_04\"><\/div>\n\t\t\t\t<div class=\"blockG\" id=\"rotateG_05\"><\/div>\n\t\t\t\t<div class=\"blockG\" id=\"rotateG_06\"><\/div>\n\t\t\t\t<div class=\"blockG\" id=\"rotateG_07\"><\/div>\n\t\t\t\t<div class=\"blockG\" id=\"rotateG_08\"><\/div>\n\t\t\t<\/div>\n\t\t\t<div class=\"WooZone-cross-sell-loader-text\"><\/div>\n\t\t<\/div>\n\t<\/div>\n\n\t\t\n<\/div>\n<div style=\"clear:both;\"><\/div>\n","protected":false},"excerpt":{"rendered":"Schiessl's Knacker \u2013 eine Spezialit\u00e4t! Urspr\u00fcnglich wurden die Knacker nur in der Oberpfalz hergestellt.\nDer typische Geschmack der Knacker wird durch die Hausschlachtung der Landmetzgrei Schiessl, die Verwendung von edlen Naturgew\u00fcrzen und einer Extraportion Original Th\u00fcringer Majoran erreicht.\nHei\u00df schmecken unsere Knacker am besten. Auch zum Grillen sind sie bestens geeignet.","protected":false},"featured_media":5387,"comment_status":"open","ping_status":"closed","template":"","meta":[],"product_cat":[64,82],"product_tag":[],"_links":{"self":[{"href":"https:\/\/food-shop.org\/index.php?rest_route=\/wp\/v2\/product\/5386"}],"collection":[{"href":"https:\/\/food-shop.org\/index.php?rest_route=\/wp\/v2\/product"}],"about":[{"href":"https:\/\/food-shop.org\/index.php?rest_route=\/wp\/v2\/types\/product"}],"replies":[{"embeddable":true,"href":"https:\/\/food-shop.org\/index.php?rest_route=%2Fwp%2Fv2%2Fcomments&post=5386"}],"wp:featuredmedia":[{"embeddable":true,"href":"https:\/\/food-shop.org\/index.php?rest_route=\/wp\/v2\/media\/5387"}],"wp:attachment":[{"href":"https:\/\/food-shop.org\/index.php?rest_route=%2Fwp%2Fv2%2Fmedia&parent=5386"}],"wp:term":[{"taxonomy":"product_cat","embeddable":true,"href":"https:\/\/food-shop.org\/index.php?rest_route=%2Fwp%2Fv2%2Fproduct_cat&post=5386"},{"taxonomy":"product_tag","embeddable":true,"href":"https:\/\/food-shop.org\/index.php?rest_route=%2Fwp%2Fv2%2Fproduct_tag&post=5386"}],"curies":[{"name":"wp","href":"https:\/\/api.w.org\/{rel}","templated":true}]}}