{"id":5360,"date":"2020-08-31T11:01:46","date_gmt":"2020-08-31T11:01:46","guid":{"rendered":"https:\/\/food-shop.org\/?product=eichsfelder-feldgieker"},"modified":"2023-04-06T16:25:30","modified_gmt":"2023-04-06T16:25:30","slug":"eichsfelder-feldgieker","status":"publish","type":"product","link":"https:\/\/food-shop.org\/?product=eichsfelder-feldgieker","title":{"rendered":"Original Eichsfelder Feldgieker &#8211; luftgetrocknet"},"content":{"rendered":"<p><!-- show up to 2 reviews by default --> <\/p>\n<h3>Produktbeschreibungen<\/h3>\n<p>Unser Original Eichsfelder Feldgieker (oder auch Feldkieker) wird warm verarbeitet und unterliegt strengen Kontrollen bei der Herstellung. Die Eichsfelder Traditionswurst zeichnet sich durch ihre besondere Herstellung und Lagerung aus. Dabei werden ausschlie\u00dflich Schweine mit einer Schlachtreife von mindestens 12 Monaten verwendet. Der Feldgieker reift anschlie\u00dfend 6 bis 12 Monate im Naturdarm bevor er in den Handel kommt und verzehrt werden kann. Der Kenner wei\u00df um den unverwechselbarem kulinarischem Genuss des Eichsfelder Feldkiekers. Seine Heimat ist das Eichsfeld &#8211; im Nordwesten Th\u00fcringens, mit Ausl\u00e4ufern bis in das s\u00fcd\u00f6stliche Niedersachsen und einigen kleinen Zipfeln im benachbarten Hessen- gelegen.Schon der Name birgt Geheimnisvolles. Woher kommt er eigentlich?Etymologen, das sind Sprachwissenschaftler, die sich mit der Herkunft und Geschichte von Wortbildungen besch\u00e4ftigen, sagen, dass die Eichsfelder Bauern die Wurst mit aufs Feld nahmen und sie, damit sie sch\u00f6n k\u00fchl und frisch blieb, in die Erde \u201egikten\u201c (mundartlich steckten). Andere meinen, es komme davon, dass die Wurst zum Trocknen auf dem Boden aufgeh\u00e4ngt wurde und somit ins Feld kieken (gucken) konnte, nachzulesen in \u201eDeutschlands kulinarischem Erbe\u201c aus dem Jahre 1939. Erste urkundliche Erw\u00e4hnungen gehen zur\u00fcck auf das Jahr 1718 und stammen aus der Gemeinde Hilkerode: \u201evierzehn gute groschen pro 3 \u00bd pfund felt kycker\u201c (Stadtarchiv Duderstadt). Auch J. W. von Goethe soll die Qualit\u00e4t des Feldgiekers gesch\u00e4tzt haben. Seine Unverwechselbarkeit erh\u00e4lt er vor allem durch die Warmfleischverarbeitung. Verwendet werden vorwiegend Fleischabschnitte von Schweinen aus de <\/p>\n<h3>Inhaltsstoffe \/ Zutaten<\/h3>\n<p>40% Schweineschinkenfleisch, 20% mageres Schweinefleisch, 20% Schweineschulter, 20% KernigerR\u00fcckenspeck W\u00fcrzung: Schwarzer mittelgrob gemahlener Pfeffer, Rohrzucker, Knoblauch Weitere Zutaten: Speisesalz <\/p>\n<div data-a-expander-name=\"toggle_description\" class=\"a-row a-expander-container a-expander-extend-container\">\n<div class=\"a-expander-content a-expander-extend-content\">\n<h3>Gebrauchsanweisung<\/h3>\n<p>Rohw\u00fcrste wie der Eichsfelder Feldkieker sollten k\u00fchl und dunkel gelagert werden. Am besten ist es, sie an einer Stange aufzuh\u00e4ngen. Die Lagertemperatur sollte auf keinen Fall \u00fcber 15\u00b0 C steigen. Die relative Luftfeuchte sollte ca. 75 bis 80 % betragen. Die Wurst sollte luftig aufgeh\u00e4ngt werden. Um ein zu starkes Austrocknen zu verhindern, darf keine Zugluft herrschen. <\/p>\n<h3>Anschrift Hersteller\/Importeur<\/h3>\n<p>Fleischerei &amp; Partyservice Eismann, M\u00fchlplatz 1, 99098 Erfurt, Deutschland <\/p>\n<\/p><\/div>\n<p> <a href=\"void(0)\" data-action=\"a-expander-toggle\" class=\"a-expander-header a-declarative a-expander-extend-header\" data-a-expander-toggle=\"{\"><i class=\"a-icon a-icon-extender-expand\"><\/i><span class=\"a-expander-prompt\">Weitere Informationen<\/span><\/a> <\/div>\n<p>Handwerkliche Herstellung<br \/>\nTraditionsbetrieb seit 1890<br \/>\nTh\u00fcringer Spezialit\u00e4t<br \/>\n<div class=\"main-cross-sell\" data-asin=\"B016MOVKJW\">\n\n\t<div class=\"WooZone-cross-sell-loader\">\n\t\t<div>\n\t\t\t<div id=\"floatingBarsG\">\n\t\t\t\t<div class=\"blockG\" id=\"rotateG_01\"><\/div>\n\t\t\t\t<div class=\"blockG\" id=\"rotateG_02\"><\/div>\n\t\t\t\t<div class=\"blockG\" id=\"rotateG_03\"><\/div>\n\t\t\t\t<div class=\"blockG\" id=\"rotateG_04\"><\/div>\n\t\t\t\t<div class=\"blockG\" id=\"rotateG_05\"><\/div>\n\t\t\t\t<div class=\"blockG\" id=\"rotateG_06\"><\/div>\n\t\t\t\t<div class=\"blockG\" id=\"rotateG_07\"><\/div>\n\t\t\t\t<div class=\"blockG\" id=\"rotateG_08\"><\/div>\n\t\t\t<\/div>\n\t\t\t<div class=\"WooZone-cross-sell-loader-text\"><\/div>\n\t\t<\/div>\n\t<\/div>\n\n\t\t\n<\/div>\n<div style=\"clear:both;\"><\/div>\n","protected":false},"excerpt":{"rendered":"Handwerkliche Herstellung\nTraditionsbetrieb seit 1890\nTh\u00fcringer Spezialit\u00e4t","protected":false},"featured_media":5361,"comment_status":"open","ping_status":"closed","template":"","meta":[],"product_cat":[64,82],"product_tag":[],"_links":{"self":[{"href":"https:\/\/food-shop.org\/index.php?rest_route=\/wp\/v2\/product\/5360"}],"collection":[{"href":"https:\/\/food-shop.org\/index.php?rest_route=\/wp\/v2\/product"}],"about":[{"href":"https:\/\/food-shop.org\/index.php?rest_route=\/wp\/v2\/types\/product"}],"replies":[{"embeddable":true,"href":"https:\/\/food-shop.org\/index.php?rest_route=%2Fwp%2Fv2%2Fcomments&post=5360"}],"wp:featuredmedia":[{"embeddable":true,"href":"https:\/\/food-shop.org\/index.php?rest_route=\/wp\/v2\/media\/5361"}],"wp:attachment":[{"href":"https:\/\/food-shop.org\/index.php?rest_route=%2Fwp%2Fv2%2Fmedia&parent=5360"}],"wp:term":[{"taxonomy":"product_cat","embeddable":true,"href":"https:\/\/food-shop.org\/index.php?rest_route=%2Fwp%2Fv2%2Fproduct_cat&post=5360"},{"taxonomy":"product_tag","embeddable":true,"href":"https:\/\/food-shop.org\/index.php?rest_route=%2Fwp%2Fv2%2Fproduct_tag&post=5360"}],"curies":[{"name":"wp","href":"https:\/\/api.w.org\/{rel}","templated":true}]}}