{"id":5342,"date":"2020-08-31T11:01:37","date_gmt":"2020-08-31T11:01:37","guid":{"rendered":"https:\/\/food-shop.org\/?product=pfefferbeisser-landmetzgerei-schiessl-ca-350g"},"modified":"2023-04-06T16:25:30","modified_gmt":"2023-04-06T16:25:30","slug":"pfefferbeisser-landmetzgerei-schiessl-ca-350g","status":"publish","type":"product","link":"https:\/\/food-shop.org\/?product=pfefferbeisser-landmetzgerei-schiessl-ca-350g","title":{"rendered":"Pfefferbei\u00dfer &#8211; Landmetzgerei Schiessl &#8211; ca. 350g"},"content":{"rendered":"<p><!-- show up to 2 reviews by default --> <\/p>\n<p>Schiessl&#8217;s Pfefferbei\u00dfer \u2013 lecker und aromatisch! Zur Herstellung unserer Pfefferbei\u00dfer verwendet die Landmetzgerei Schiessl gut gek\u00fchlte Schweineschultern und Schweineb\u00e4uche. Ihre besondere Note erhalten die schnittfesten Rohw\u00fcrstchen durch die traditionelle Gew\u00fcrzmischung. Nur \u00fcber dem Wurstwolf geschnitten, in Schafsaitlinge eingef\u00fcllt werden die w\u00fcrzigen Pfefferbei\u00dfer im Kaltrauch \u00fcber Tannensp\u00e4nen goldgelb ger\u00e4uchert. Ideal als Reiseproviant, als Imbiss zwischendurch oder als schmackhafte Beigabe f\u00fcr Geschenkk\u00f6rbe. <\/p>\n<p>Schiessl&#8217;s Pfefferbei\u00dfer \u2013 lecker und aromatisch! Zur Herstellung unserer Pfefferbei\u00dfer verwendet die Landmetzgerei Schiessl gut gek\u00fchlte Schweineschultern und Schweineb\u00e4uche.<br \/>\nIhre besondere Note erhalten die schnittfesten Rohw\u00fcrstchen durch die traditionelle Gew\u00fcrzmischung. Nur \u00fcber dem Wurstwolf geschnitten, in Schafsaitlinge eingef\u00fcllt werden die w\u00fcrzigen Pfefferbei\u00dfer im Kaltrauch \u00fcber Tannensp\u00e4nen goldgelb ger\u00e4uchert.<br \/>\nIdeal als Reiseproviant, als Imbiss zwischendurch oder als schmackhafte Beigabe f\u00fcr Geschenkk\u00f6rbe.<br \/>\nSpitzenqualit\u00e4t aus Bayern<br \/>\nEine Bestelleinheit: 350g (3-Paar-Packung)<br \/>\n<div class=\"main-cross-sell\" data-asin=\"B003WXLSDA\">\n\n\t<div class=\"WooZone-cross-sell-loader\">\n\t\t<div>\n\t\t\t<div id=\"floatingBarsG\">\n\t\t\t\t<div class=\"blockG\" id=\"rotateG_01\"><\/div>\n\t\t\t\t<div class=\"blockG\" id=\"rotateG_02\"><\/div>\n\t\t\t\t<div class=\"blockG\" id=\"rotateG_03\"><\/div>\n\t\t\t\t<div class=\"blockG\" id=\"rotateG_04\"><\/div>\n\t\t\t\t<div class=\"blockG\" id=\"rotateG_05\"><\/div>\n\t\t\t\t<div class=\"blockG\" id=\"rotateG_06\"><\/div>\n\t\t\t\t<div class=\"blockG\" id=\"rotateG_07\"><\/div>\n\t\t\t\t<div class=\"blockG\" id=\"rotateG_08\"><\/div>\n\t\t\t<\/div>\n\t\t\t<div class=\"WooZone-cross-sell-loader-text\"><\/div>\n\t\t<\/div>\n\t<\/div>\n\n\t\t\n<\/div>\n<div style=\"clear:both;\"><\/div>\n","protected":false},"excerpt":{"rendered":"Schiessl's Pfefferbei\u00dfer \u2013 lecker und aromatisch! Zur Herstellung unserer Pfefferbei\u00dfer verwendet die Landmetzgerei Schiessl gut gek\u00fchlte Schweineschultern und Schweineb\u00e4uche.\nIhre besondere Note erhalten die schnittfesten Rohw\u00fcrstchen durch die traditionelle Gew\u00fcrzmischung. Nur \u00fcber dem Wurstwolf geschnitten, in Schafsaitlinge eingef\u00fcllt werden die w\u00fcrzigen Pfefferbei\u00dfer im Kaltrauch \u00fcber Tannensp\u00e4nen goldgelb ger\u00e4uchert.\nIdeal als Reiseproviant, als Imbiss zwischendurch oder als schmackhafte Beigabe f\u00fcr Geschenkk\u00f6rbe.","protected":false},"featured_media":5343,"comment_status":"open","ping_status":"closed","template":"","meta":[],"product_cat":[64,82],"product_tag":[],"_links":{"self":[{"href":"https:\/\/food-shop.org\/index.php?rest_route=\/wp\/v2\/product\/5342"}],"collection":[{"href":"https:\/\/food-shop.org\/index.php?rest_route=\/wp\/v2\/product"}],"about":[{"href":"https:\/\/food-shop.org\/index.php?rest_route=\/wp\/v2\/types\/product"}],"replies":[{"embeddable":true,"href":"https:\/\/food-shop.org\/index.php?rest_route=%2Fwp%2Fv2%2Fcomments&post=5342"}],"wp:featuredmedia":[{"embeddable":true,"href":"https:\/\/food-shop.org\/index.php?rest_route=\/wp\/v2\/media\/5343"}],"wp:attachment":[{"href":"https:\/\/food-shop.org\/index.php?rest_route=%2Fwp%2Fv2%2Fmedia&parent=5342"}],"wp:term":[{"taxonomy":"product_cat","embeddable":true,"href":"https:\/\/food-shop.org\/index.php?rest_route=%2Fwp%2Fv2%2Fproduct_cat&post=5342"},{"taxonomy":"product_tag","embeddable":true,"href":"https:\/\/food-shop.org\/index.php?rest_route=%2Fwp%2Fv2%2Fproduct_tag&post=5342"}],"curies":[{"name":"wp","href":"https:\/\/api.w.org\/{rel}","templated":true}]}}