{"id":5336,"date":"2020-08-31T11:01:34","date_gmt":"2020-08-31T11:01:34","guid":{"rendered":"https:\/\/food-shop.org\/?product=kaesekrainer-wuerstchen-landmetzgerei-schiessl-ca-1000g"},"modified":"2023-04-06T16:25:30","modified_gmt":"2023-04-06T16:25:30","slug":"kaesekrainer-wuerstchen-landmetzgerei-schiessl-ca-1000g","status":"publish","type":"product","link":"https:\/\/food-shop.org\/?product=kaesekrainer-wuerstchen-landmetzgerei-schiessl-ca-1000g","title":{"rendered":"K\u00e4sekrainer W\u00fcrstchen- Landmetzgerei Schiessl &#8211; ca. 1000g"},"content":{"rendered":"<div class=\"disclaim\"> Gr\u00f6\u00dfe:<strong>1000g<\/strong> <\/div>\n<p> <!-- show up to 2 reviews by default --> <\/p>\n<p>K\u00e4sekrainer vom Landmetzger Schiessl \u2013 ein herzhaft-w\u00fcrziger Genuss! Milder Goudak\u00e4se, mageres Schulterfleisch vom Schwein und ein herzhaft gew\u00fcrztes Magergrundbr\u00e4t sind die Basis f\u00fcr Schiessl&#8217;s w\u00fcrzigen K\u00e4sekrainer. Landmetzger Schiessl&#8217;s K\u00e4sekrainer sind bestens geeignet zum Hei\u00df- oder Kaltessen. M\u00f6gen Sie es lieber etwas \u201esch\u00e4rfer\u201c? Dann probieren Sie einmal diesen Extra-Tipp: Die K\u00e4sekrainer in der Pfanne oder auf dem Grill bei m\u00e4\u00dfiger Hitze braten. <\/p>\n<p>K\u00e4sekrainer vom Landmetzger Schiessl \u2013 ein herzhaft-w\u00fcrziger Genuss! Milder Goudak\u00e4se, mageres Schulterfleisch vom Schwein und ein herzhaft gew\u00fcrztes Magergrundbr\u00e4t sind die Basis f\u00fcr Schiessl&#8217;s w\u00fcrzigen K\u00e4sekrainer.<br \/>\nLandmetzger Schiessl&#8217;s K\u00e4sekrainer sind bestens geeignet zum Hei\u00df- oder Kaltessen. M\u00f6gen Sie es lieber etwas \u201esch\u00e4rfer\u201c? Dann probieren Sie einmal diesen Extra-Tipp: Die K\u00e4sekrainer in der Pfanne oder auf dem Grill bei m\u00e4\u00dfiger Hitze braten.<br \/>\nSpitzenqualit\u00e4t aus Bayern<br \/>\nEine Bestelleinheit: 1000g<br \/>\n<div class=\"main-cross-sell\" data-asin=\"B00K4ZHE82\">\n\n\t<div class=\"WooZone-cross-sell-loader\">\n\t\t<div>\n\t\t\t<div id=\"floatingBarsG\">\n\t\t\t\t<div class=\"blockG\" id=\"rotateG_01\"><\/div>\n\t\t\t\t<div class=\"blockG\" id=\"rotateG_02\"><\/div>\n\t\t\t\t<div class=\"blockG\" id=\"rotateG_03\"><\/div>\n\t\t\t\t<div class=\"blockG\" id=\"rotateG_04\"><\/div>\n\t\t\t\t<div class=\"blockG\" id=\"rotateG_05\"><\/div>\n\t\t\t\t<div class=\"blockG\" id=\"rotateG_06\"><\/div>\n\t\t\t\t<div class=\"blockG\" id=\"rotateG_07\"><\/div>\n\t\t\t\t<div class=\"blockG\" id=\"rotateG_08\"><\/div>\n\t\t\t<\/div>\n\t\t\t<div class=\"WooZone-cross-sell-loader-text\"><\/div>\n\t\t<\/div>\n\t<\/div>\n\n\t\t\n<\/div>\n<div style=\"clear:both;\"><\/div>\n","protected":false},"excerpt":{"rendered":"K\u00e4sekrainer vom Landmetzger Schiessl \u2013 ein herzhaft-w\u00fcrziger Genuss! Milder Goudak\u00e4se, mageres Schulterfleisch vom Schwein und ein herzhaft gew\u00fcrztes Magergrundbr\u00e4t sind die Basis f\u00fcr Schiessl's w\u00fcrzigen K\u00e4sekrainer.\nLandmetzger Schiessl's K\u00e4sekrainer sind bestens geeignet zum Hei\u00df- oder Kaltessen. M\u00f6gen Sie es lieber etwas \u201esch\u00e4rfer\u201c? Dann probieren Sie einmal diesen Extra-Tipp: Die K\u00e4sekrainer in der Pfanne oder auf dem Grill bei m\u00e4\u00dfiger Hitze braten.\nSpitzenqualit\u00e4t aus Bayern","protected":false},"featured_media":5337,"comment_status":"open","ping_status":"closed","template":"","meta":[],"product_cat":[64,82],"product_tag":[],"_links":{"self":[{"href":"https:\/\/food-shop.org\/index.php?rest_route=\/wp\/v2\/product\/5336"}],"collection":[{"href":"https:\/\/food-shop.org\/index.php?rest_route=\/wp\/v2\/product"}],"about":[{"href":"https:\/\/food-shop.org\/index.php?rest_route=\/wp\/v2\/types\/product"}],"replies":[{"embeddable":true,"href":"https:\/\/food-shop.org\/index.php?rest_route=%2Fwp%2Fv2%2Fcomments&post=5336"}],"wp:featuredmedia":[{"embeddable":true,"href":"https:\/\/food-shop.org\/index.php?rest_route=\/wp\/v2\/media\/5337"}],"wp:attachment":[{"href":"https:\/\/food-shop.org\/index.php?rest_route=%2Fwp%2Fv2%2Fmedia&parent=5336"}],"wp:term":[{"taxonomy":"product_cat","embeddable":true,"href":"https:\/\/food-shop.org\/index.php?rest_route=%2Fwp%2Fv2%2Fproduct_cat&post=5336"},{"taxonomy":"product_tag","embeddable":true,"href":"https:\/\/food-shop.org\/index.php?rest_route=%2Fwp%2Fv2%2Fproduct_tag&post=5336"}],"curies":[{"name":"wp","href":"https:\/\/api.w.org\/{rel}","templated":true}]}}