{"id":5320,"date":"2020-08-31T10:40:39","date_gmt":"2020-08-31T10:40:39","guid":{"rendered":"https:\/\/food-shop.org\/?product=probierpaket-hausmacher-wurst-5-tlg-vacuumiert"},"modified":"2023-04-06T16:25:29","modified_gmt":"2023-04-06T16:25:29","slug":"probierpaket-hausmacher-wurst-5-tlg-vacuumiert","status":"publish","type":"product","link":"https:\/\/food-shop.org\/?product=probierpaket-hausmacher-wurst-5-tlg-vacuumiert","title":{"rendered":"Probierpaket Hausmacher Wurst-5 tlg vacuumiert"},"content":{"rendered":"<p><!-- show up to 2 reviews by default --> <\/p>\n<h3>Produktbeschreibungen<\/h3>\n<p>Ein Angebot an alle ,die deftige Hausmacherwurst aus eigener Schlachtung und ohne Zusatzstoffe und Geschmacksverst\u00e4rker probieren oder verschenken m\u00f6chten.Die 5 Sorten bieten einen Querschnitt aus unserem Rohwurstsortiment.Einfach mal probieren und genie\u00dfen-es lohnt sich! Inhalt: 1 feine + 1 grobe Dauerwurst (je 500 g), 1 ger. Mettwurst 250g, 1 Zwiebelbraunschweiger 200g ,6 Pfefferbeisser a&#8217;25g =150g Alle Wurstsorten werden bei uns wie zu Gro\u00dfmutters Zeiten nur mit Salz, Gew\u00fcrzen und Zuckerstoff hergestellt. Wir verzichten absolut auf den Einsatz weiterer Zusatzstoffe wie Geschmacksverst\u00e4rker, Farbstoffe usw. Ger\u00e4uchert werden unsere Wurstsorten ausschlie\u00dflich mit Buchensp\u00e4nen. Haltbarkeit:vacuumiert je nach Sorte zwischen 4 und 12 Wochen Zutaten: Dauerwurst:Schweinefleisch,Speck,Kochsalz,Nitritp\u00f6kelsalz(Kochsalz,Konservierungsstoff E250),Gew\u00fcrze,Glukosesirup,Lactose,Buchenrauch ger\u00e4ucherte Mettwurst: Schweinefleisch,Speck,Kochsalz,Nitritp\u00f6kelsalz(Kochsalz, Konservierungsstoff E250),Schweinedarm,Glukosesirup,Lactose,Buchenrauch Zwiebelbraunschweiger:Schweinefleisch,Speck,Zwiebeln,Kochsalz, Nitritp\u00f6kelsalz(Kochsalz,Konservierungsstoff E250),Gew\u00fcrze,Glukosesirup,Lactose,Buchenrauch Pfefferbeisser:Schweinefleisch,Speck,Kochsalz,Nitritp\u00f6kelsalz(Kochsalz,Konservierungsstoff E250),Schafsaitling,Gew\u00fcrze(Pfefferschrot),Glukosesirup,Lactose,Buchenrauch <\/p>\n<h3>Inhaltsstoffe \/ Zutaten<\/h3>\n<p>Wir fertigen komplett ohne Zusatzstoffe wie Geschmacksverst\u00e4rker, Bindemittel, Farbstoffe und liefern daher auch beste Qualit\u00e4t f\u00fcr Allergiker.Zutaten: Dauerwurst:Schweinefleisch,Speck,Kochsalz,Nitritp\u00f6kelsalz(Kochsalz,Konservierungsstoff E250),Gew\u00fcrze,Zuckerstoff,Buchenrauch ger\u00e4ucherte Mettwurst: Schweinefleisch,Speck,Kochsalz,Nitritp\u00f6kelsalz(Kochsalz, Konservierungsstoff E250),Schweinedarm,Zuckerstoff,Buchenrauch Zwiebelbraunschweiger:Schweinefleisch,Speck,Zwiebeln,Kochsalz, Nitritp\u00f6kelsalz(Kochsalz,Konservierungsstoff E250),Gew\u00fcrze,Zuckerstoff,Buchenrauch Pfefferbeisser:Schweinefleisch,Speck,Kochsalz,Nitritp\u00f6kelsalz(Kochsalz,Konservierungsstoff E250),Schafsaitling,Gew\u00fcrze(Pfefferschrot),Zuckerstoff,Buchenrauch <\/p>\n<div data-a-expander-name=\"toggle_description\" class=\"a-row a-expander-container a-expander-extend-container\">\n<div class=\"a-expander-content a-expander-extend-content\">\n<h3>Gebrauchsanweisung<\/h3>\n<p>original Hausmacher Wurst nach \u00fcberlieferten Rezepturen <\/p>\n<\/p><\/div>\n<p> <a href=\"void(0)\" data-action=\"a-expander-toggle\" class=\"a-expander-header a-declarative a-expander-extend-header\" data-a-expander-toggle=\"{\"><i class=\"a-icon a-icon-extender-expand\"><\/i><span class=\"a-expander-prompt\">Weitere Informationen<\/span><\/a> <\/div>\n<p>Wurstkauf.de (Wiehenkamp) bietet hier ein 5 -Sorten Probiersortiment<br \/>\nHausmacher Wurst zum Geschmackstest an.Alle Sorten ger\u00e4uchert und vacumiert<br \/>\nWurstkauf.de=Top Qualit\u00e4t und Frische aus eigener Schlachtung!<br \/>\nohne Geschmacksverst\u00e4rker,Bindemittel,Farbstoffe usw.-Fleischgeschmack pur!<br \/>\n<div class=\"main-cross-sell\" data-asin=\"B0046ZBV80\">\n\n\t<div class=\"WooZone-cross-sell-loader\">\n\t\t<div>\n\t\t\t<div id=\"floatingBarsG\">\n\t\t\t\t<div class=\"blockG\" id=\"rotateG_01\"><\/div>\n\t\t\t\t<div class=\"blockG\" id=\"rotateG_02\"><\/div>\n\t\t\t\t<div class=\"blockG\" id=\"rotateG_03\"><\/div>\n\t\t\t\t<div class=\"blockG\" id=\"rotateG_04\"><\/div>\n\t\t\t\t<div class=\"blockG\" id=\"rotateG_05\"><\/div>\n\t\t\t\t<div class=\"blockG\" id=\"rotateG_06\"><\/div>\n\t\t\t\t<div class=\"blockG\" id=\"rotateG_07\"><\/div>\n\t\t\t\t<div class=\"blockG\" id=\"rotateG_08\"><\/div>\n\t\t\t<\/div>\n\t\t\t<div class=\"WooZone-cross-sell-loader-text\"><\/div>\n\t\t<\/div>\n\t<\/div>\n\n\t\t\n<\/div>\n<div style=\"clear:both;\"><\/div>\n","protected":false},"excerpt":{"rendered":"Wurstkauf.de (Wiehenkamp) bietet hier ein 5 -Sorten Probiersortiment\nHausmacher Wurst zum Geschmackstest an.Alle Sorten ger\u00e4uchert und vacumiert\nWurstkauf.de=Top Qualit\u00e4t und Frische aus eigener Schlachtung!","protected":false},"featured_media":5321,"comment_status":"open","ping_status":"closed","template":"","meta":[],"product_cat":[64,82],"product_tag":[],"_links":{"self":[{"href":"https:\/\/food-shop.org\/index.php?rest_route=\/wp\/v2\/product\/5320"}],"collection":[{"href":"https:\/\/food-shop.org\/index.php?rest_route=\/wp\/v2\/product"}],"about":[{"href":"https:\/\/food-shop.org\/index.php?rest_route=\/wp\/v2\/types\/product"}],"replies":[{"embeddable":true,"href":"https:\/\/food-shop.org\/index.php?rest_route=%2Fwp%2Fv2%2Fcomments&post=5320"}],"wp:featuredmedia":[{"embeddable":true,"href":"https:\/\/food-shop.org\/index.php?rest_route=\/wp\/v2\/media\/5321"}],"wp:attachment":[{"href":"https:\/\/food-shop.org\/index.php?rest_route=%2Fwp%2Fv2%2Fmedia&parent=5320"}],"wp:term":[{"taxonomy":"product_cat","embeddable":true,"href":"https:\/\/food-shop.org\/index.php?rest_route=%2Fwp%2Fv2%2Fproduct_cat&post=5320"},{"taxonomy":"product_tag","embeddable":true,"href":"https:\/\/food-shop.org\/index.php?rest_route=%2Fwp%2Fv2%2Fproduct_tag&post=5320"}],"curies":[{"name":"wp","href":"https:\/\/api.w.org\/{rel}","templated":true}]}}