{"id":5295,"date":"2020-08-31T10:40:29","date_gmt":"2020-08-31T10:40:29","guid":{"rendered":"https:\/\/food-shop.org\/?product=edelsalami-landmetzgerei-schiessl-ca-1150g"},"modified":"2023-04-06T16:25:29","modified_gmt":"2023-04-06T16:25:29","slug":"edelsalami-landmetzgerei-schiessl-ca-1150g","status":"publish","type":"product","link":"https:\/\/food-shop.org\/?product=edelsalami-landmetzgerei-schiessl-ca-1150g","title":{"rendered":"Edelsalami &#8211; Landmetzgerei Schiessl &#8211; ca. 1150g"},"content":{"rendered":"<div class=\"disclaim\"> Gr\u00f6\u00dfe:<strong>1150g<\/strong> <\/div>\n<p> <!-- show up to 2 reviews by default --> <\/p>\n<p>Landmetzger Schiessl&#8217;s Edelsalami \u2013 feinw\u00fcrzig im Geschmack. F\u00fcr die Herstellung Landmetzger Schiessl&#8217;s Edelsalami werden nur beste Zutaten verwendet. Ausgesuchtes Rind- und Schweinefleisch sowie kerniger R\u00fcckenspeck bilden die Basis f\u00fcr unsere Edelsalami. In hochwertige Wabennetze gef\u00fcllt, kommt im Naturreifeverfahren ihr unwiderstehliches mediterranes Aroma voll zur Geltung. Ein s\u00fcdl\u00e4ndischer Leckerbissen f\u00fcr alle Liebhaber von edler Salami. <\/p>\n<p>Feinw\u00fcrzig im Geschmack &amp; mediterranes Aroma<br \/>\nBestes Rind- und Schweinefleisch<br \/>\nHergestellt im Naturreifeverfahren<br \/>\nSpitzenqualit\u00e4t aus Bayern<br \/>\nTop Preis-Leistungs-Verh\u00e4ltnis<br \/>\n<div class=\"main-cross-sell\" data-asin=\"B003WUGRN4\">\n\n\t<div class=\"WooZone-cross-sell-loader\">\n\t\t<div>\n\t\t\t<div id=\"floatingBarsG\">\n\t\t\t\t<div class=\"blockG\" id=\"rotateG_01\"><\/div>\n\t\t\t\t<div class=\"blockG\" id=\"rotateG_02\"><\/div>\n\t\t\t\t<div class=\"blockG\" id=\"rotateG_03\"><\/div>\n\t\t\t\t<div class=\"blockG\" id=\"rotateG_04\"><\/div>\n\t\t\t\t<div class=\"blockG\" id=\"rotateG_05\"><\/div>\n\t\t\t\t<div class=\"blockG\" id=\"rotateG_06\"><\/div>\n\t\t\t\t<div class=\"blockG\" id=\"rotateG_07\"><\/div>\n\t\t\t\t<div class=\"blockG\" id=\"rotateG_08\"><\/div>\n\t\t\t<\/div>\n\t\t\t<div class=\"WooZone-cross-sell-loader-text\"><\/div>\n\t\t<\/div>\n\t<\/div>\n\n\t\t\n<\/div>\n<div style=\"clear:both;\"><\/div>\n","protected":false},"excerpt":{"rendered":"Feinw\u00fcrzig im Geschmack &amp; mediterranes Aroma\nBestes Rind- und Schweinefleisch\nHergestellt im Naturreifeverfahren","protected":false},"featured_media":5296,"comment_status":"open","ping_status":"closed","template":"","meta":[],"product_cat":[64,82],"product_tag":[],"_links":{"self":[{"href":"https:\/\/food-shop.org\/index.php?rest_route=\/wp\/v2\/product\/5295"}],"collection":[{"href":"https:\/\/food-shop.org\/index.php?rest_route=\/wp\/v2\/product"}],"about":[{"href":"https:\/\/food-shop.org\/index.php?rest_route=\/wp\/v2\/types\/product"}],"replies":[{"embeddable":true,"href":"https:\/\/food-shop.org\/index.php?rest_route=%2Fwp%2Fv2%2Fcomments&post=5295"}],"wp:featuredmedia":[{"embeddable":true,"href":"https:\/\/food-shop.org\/index.php?rest_route=\/wp\/v2\/media\/5296"}],"wp:attachment":[{"href":"https:\/\/food-shop.org\/index.php?rest_route=%2Fwp%2Fv2%2Fmedia&parent=5295"}],"wp:term":[{"taxonomy":"product_cat","embeddable":true,"href":"https:\/\/food-shop.org\/index.php?rest_route=%2Fwp%2Fv2%2Fproduct_cat&post=5295"},{"taxonomy":"product_tag","embeddable":true,"href":"https:\/\/food-shop.org\/index.php?rest_route=%2Fwp%2Fv2%2Fproduct_tag&post=5295"}],"curies":[{"name":"wp","href":"https:\/\/api.w.org\/{rel}","templated":true}]}}