{"id":5279,"date":"2020-08-31T10:40:24","date_gmt":"2020-08-31T10:40:24","guid":{"rendered":"https:\/\/food-shop.org\/?product=herzhafte-spezialitaetenkiste-mit-thueringer-wurst"},"modified":"2023-04-06T16:25:29","modified_gmt":"2023-04-06T16:25:29","slug":"herzhafte-spezialitaetenkiste-mit-thueringer-wurst","status":"publish","type":"product","link":"https:\/\/food-shop.org\/?product=herzhafte-spezialitaetenkiste-mit-thueringer-wurst","title":{"rendered":"Herzhafte Spezialit\u00e4tenkiste mit Th\u00fcringer Wurst"},"content":{"rendered":"<p><!-- show up to 2 reviews by default --> <\/p>\n<h3>Produktbeschreibungen<\/h3>\n<p>In dieser Kiste stecken herzhafte Spezialit\u00e4ten der Th\u00fcringer Wursttradition. Genie\u00dfen Sie den einmaligen Geschmack der Wurstklassiker aus der Mitte Deutschlands. Diese wurden nach alter Handwerkstradition seit 1890 in unserem Familienbetrieb hergestellt. Unsere Pr\u00e4sentkisten sind eine tolle Geschenkidee f\u00fcr jeden Anlass. Ob f\u00fcr Freunde, Familie oder Gesch\u00e4ftspartner mit diesen K\u00f6stlichkeiten werden Sie gro\u00dfe Freude bereiten. Diese Pr\u00e4sentkiste beinhaltet 1 x Paar Th\u00fcringer Knacker ca.200g 2 x Paar Th\u00fcringer Minisalami ca.160g 1 x Original Th\u00fcringer Knackwurst (Mettwurst) ca.600g 1 x Glas Hausmacher Th\u00fcringer Leberwurst ca. 150g 1 x Glas Hausmacher Th\u00fcringer Rotwurst ca. 150g 1 x Glas Hausmacher Th\u00fcringer S\u00fclze ca. 150g 1 x Altenburger Bauernsenf <\/p>\n<h3>Gebrauchsanweisung<\/h3>\n<p>Die Th\u00fcringer Wurst sollte immer k\u00fchl und dunkel gelagert werden. <\/p>\n<div data-a-expander-name=\"toggle_description\" class=\"a-row a-expander-container a-expander-extend-container\">\n<div class=\"a-expander-content a-expander-extend-content\">\n<h3>Anschrift Hersteller\/Importeur<\/h3>\n<p>Fleischerei &amp; Partyservice Eismann, M\u00fchlplatz 1, 99098 Erfurt, Deutschland <\/p>\n<\/p><\/div>\n<p> <a href=\"void(0)\" data-action=\"a-expander-toggle\" class=\"a-expander-header a-declarative a-expander-extend-header\" data-a-expander-toggle=\"{\"><i class=\"a-icon a-icon-extender-expand\"><\/i><span class=\"a-expander-prompt\">Weitere Informationen<\/span><\/a> <\/div>\n<p>Diese Pr\u00e4sentkiste beinhaltet: 1 x Th\u00fcringer Knackwurst, 1 Paar Knacker, 2 Paar Minisalami, Glas Th\u00fcringer Leberwurst, Glas Th\u00fcringer Rotwurst, Glas Th\u00fcringer S\u00fclze,, Altenburger Bauernsenf<br \/>\nTolle Geschenkidee in einer dekorativen Holzkiste<br \/>\nHandwerkliche Herstellung im Familienbetrieb seit 1890<br \/>\nMit Original Th\u00fcringer Wurstspezialit\u00e4ten<br \/>\nUnsere Spezialit\u00e4tenkiste enth\u00e4lt keine allergenen Stoffe.<br \/>\n<div class=\"main-cross-sell\" data-asin=\"B016MY3ML6\">\n\n\t<div class=\"WooZone-cross-sell-loader\">\n\t\t<div>\n\t\t\t<div id=\"floatingBarsG\">\n\t\t\t\t<div class=\"blockG\" id=\"rotateG_01\"><\/div>\n\t\t\t\t<div class=\"blockG\" id=\"rotateG_02\"><\/div>\n\t\t\t\t<div class=\"blockG\" id=\"rotateG_03\"><\/div>\n\t\t\t\t<div class=\"blockG\" id=\"rotateG_04\"><\/div>\n\t\t\t\t<div class=\"blockG\" id=\"rotateG_05\"><\/div>\n\t\t\t\t<div class=\"blockG\" id=\"rotateG_06\"><\/div>\n\t\t\t\t<div class=\"blockG\" id=\"rotateG_07\"><\/div>\n\t\t\t\t<div class=\"blockG\" id=\"rotateG_08\"><\/div>\n\t\t\t<\/div>\n\t\t\t<div class=\"WooZone-cross-sell-loader-text\"><\/div>\n\t\t<\/div>\n\t<\/div>\n\n\t\t\n<\/div>\n<div style=\"clear:both;\"><\/div>\n","protected":false},"excerpt":{"rendered":"Diese Pr\u00e4sentkiste beinhaltet: 1 x Th\u00fcringer Knackwurst, 1 Paar Knacker, 2 Paar Minisalami, Glas Th\u00fcringer Leberwurst, Glas Th\u00fcringer Rotwurst, Glas Th\u00fcringer S\u00fclze,, Altenburger Bauernsenf\nTolle Geschenkidee in einer dekorativen Holzkiste\nHandwerkliche Herstellung im Familienbetrieb seit 1890","protected":false},"featured_media":5280,"comment_status":"open","ping_status":"closed","template":"","meta":[],"product_cat":[64,82],"product_tag":[],"_links":{"self":[{"href":"https:\/\/food-shop.org\/index.php?rest_route=\/wp\/v2\/product\/5279"}],"collection":[{"href":"https:\/\/food-shop.org\/index.php?rest_route=\/wp\/v2\/product"}],"about":[{"href":"https:\/\/food-shop.org\/index.php?rest_route=\/wp\/v2\/types\/product"}],"replies":[{"embeddable":true,"href":"https:\/\/food-shop.org\/index.php?rest_route=%2Fwp%2Fv2%2Fcomments&post=5279"}],"wp:featuredmedia":[{"embeddable":true,"href":"https:\/\/food-shop.org\/index.php?rest_route=\/wp\/v2\/media\/5280"}],"wp:attachment":[{"href":"https:\/\/food-shop.org\/index.php?rest_route=%2Fwp%2Fv2%2Fmedia&parent=5279"}],"wp:term":[{"taxonomy":"product_cat","embeddable":true,"href":"https:\/\/food-shop.org\/index.php?rest_route=%2Fwp%2Fv2%2Fproduct_cat&post=5279"},{"taxonomy":"product_tag","embeddable":true,"href":"https:\/\/food-shop.org\/index.php?rest_route=%2Fwp%2Fv2%2Fproduct_tag&post=5279"}],"curies":[{"name":"wp","href":"https:\/\/api.w.org\/{rel}","templated":true}]}}