{"id":5246,"date":"2020-08-31T10:40:10","date_gmt":"2020-08-31T10:40:10","guid":{"rendered":"https:\/\/food-shop.org\/?product=wuerstchenspezialpaket-%e2%98%85-landmetzger-schiessl-%e2%98%85-ca-2300g"},"modified":"2023-04-06T16:25:28","modified_gmt":"2023-04-06T16:25:28","slug":"wuerstchenspezialpaket-%e2%98%85-landmetzger-schiessl-%e2%98%85-ca-2300g","status":"publish","type":"product","link":"https:\/\/food-shop.org\/?product=wuerstchenspezialpaket-%e2%98%85-landmetzger-schiessl-%e2%98%85-ca-2300g","title":{"rendered":"Landmetzgerei Schiessl W\u00fcrstlspezialpaket 2300g I Hausmacher wurstpaket Glutenfrei, Lactosefreie Wurst, Wiener und\u2026"},"content":{"rendered":"<p><!-- show up to 2 reviews by default --> <\/p>\n<p>Unser W\u00fcrstlspezialpaket macht W\u00fcrstelliebhaber gl\u00fccklich! <br \/> Ein kulinarischer Leckerbissen f\u00fcr viele Gelegenheiten. <\/p>\n<p> Enthalten sind die beliebtesten W\u00fcrstchen aus unserem Sortiment! Da ist f\u00fcr jeden etwas dabei. <\/p>\n<p><b>Inhalt:<\/b> 500g Wiener (5 Paar), 300g Bauernseufzer (2 Paar), 300g Knacker (2 Paar), 300g K\u00e4sekrainer (5 St\u00fcck), 300g Wei\u00dfw\u00fcrste (2 Paar), 350g Debrecziner (5 St\u00fcck), 250g Feuerli (3 St\u00fcck) <\/p>\n<p> Unser Paket eignet sich f\u00fcr eine Brotzeit oder auch zum verschenken. <\/p>\n<p> Wie alle unsere Wurstwaren stellen wir auch alle W\u00fcrstchen in diesem Paket nach alt\u00fcberlieferten Rezepturen her. Sie erhalten knackige W\u00fcrstchen in der von uns gewohnt hochwertigen Qualit\u00e4t. <\/p>\n<p> Guten Appetit! <\/p>\n<p>7 verschiedene W\u00fcrstchen in einem Paket<br \/>\nKleiner Familienbetrieb mit eigener Schlachtung<br \/>\nSpitzenqualit\u00e4t aus Bayern direkt vom Landmetzger<br \/>\nTop Preis-Leistungs-Verh\u00e4ltnis<br \/>\nFleischversand seit mehr als 40 Jahren<br \/>\n<div class=\"main-cross-sell\" data-asin=\"B00U67NVNK\">\n\n\t<div class=\"WooZone-cross-sell-loader\">\n\t\t<div>\n\t\t\t<div id=\"floatingBarsG\">\n\t\t\t\t<div class=\"blockG\" id=\"rotateG_01\"><\/div>\n\t\t\t\t<div class=\"blockG\" id=\"rotateG_02\"><\/div>\n\t\t\t\t<div class=\"blockG\" id=\"rotateG_03\"><\/div>\n\t\t\t\t<div class=\"blockG\" id=\"rotateG_04\"><\/div>\n\t\t\t\t<div class=\"blockG\" id=\"rotateG_05\"><\/div>\n\t\t\t\t<div class=\"blockG\" id=\"rotateG_06\"><\/div>\n\t\t\t\t<div class=\"blockG\" id=\"rotateG_07\"><\/div>\n\t\t\t\t<div class=\"blockG\" id=\"rotateG_08\"><\/div>\n\t\t\t<\/div>\n\t\t\t<div class=\"WooZone-cross-sell-loader-text\"><\/div>\n\t\t<\/div>\n\t<\/div>\n\n\t\t\n<\/div>\n<div style=\"clear:both;\"><\/div>\n","protected":false},"excerpt":{"rendered":"7 verschiedene W\u00fcrstchen in einem Paket\nKleiner Familienbetrieb mit eigener Schlachtung\nSpitzenqualit\u00e4t aus Bayern direkt vom Landmetzger","protected":false},"featured_media":5247,"comment_status":"open","ping_status":"closed","template":"","meta":[],"product_cat":[64,82],"product_tag":[],"_links":{"self":[{"href":"https:\/\/food-shop.org\/index.php?rest_route=\/wp\/v2\/product\/5246"}],"collection":[{"href":"https:\/\/food-shop.org\/index.php?rest_route=\/wp\/v2\/product"}],"about":[{"href":"https:\/\/food-shop.org\/index.php?rest_route=\/wp\/v2\/types\/product"}],"replies":[{"embeddable":true,"href":"https:\/\/food-shop.org\/index.php?rest_route=%2Fwp%2Fv2%2Fcomments&post=5246"}],"wp:featuredmedia":[{"embeddable":true,"href":"https:\/\/food-shop.org\/index.php?rest_route=\/wp\/v2\/media\/5247"}],"wp:attachment":[{"href":"https:\/\/food-shop.org\/index.php?rest_route=%2Fwp%2Fv2%2Fmedia&parent=5246"}],"wp:term":[{"taxonomy":"product_cat","embeddable":true,"href":"https:\/\/food-shop.org\/index.php?rest_route=%2Fwp%2Fv2%2Fproduct_cat&post=5246"},{"taxonomy":"product_tag","embeddable":true,"href":"https:\/\/food-shop.org\/index.php?rest_route=%2Fwp%2Fv2%2Fproduct_tag&post=5246"}],"curies":[{"name":"wp","href":"https:\/\/api.w.org\/{rel}","templated":true}]}}