{"id":5219,"date":"2020-08-31T10:39:59","date_gmt":"2020-08-31T10:39:59","guid":{"rendered":"https:\/\/food-shop.org\/?product=gyulai-paroskolbasz-1000g"},"modified":"2023-04-06T16:25:28","modified_gmt":"2023-04-06T16:25:28","slug":"gyulai-paroskolbasz-1000g","status":"publish","type":"product","link":"https:\/\/food-shop.org\/?product=gyulai-paroskolbasz-1000g","title":{"rendered":"Gyulai P\u00e1roskolb\u00e1sz 1000g"},"content":{"rendered":"<p><!-- show up to 2 reviews by default --> <\/p>\n<h3>Produktbeschreibungen<\/h3>\n<p>Gyulai P\u00e1roskolb\u00e1sz 1000g Das weltber\u00fchmte Produkt wurde schon auf der Weltausstellung in Br\u00fcssel 1935 mit Goldmedaille anerkannt. 1998 erreichte sie die Auszeichnung &#8222;Forum der Ausgezeichneten Waren&#8220; mit ihrem unverwechselbaren ungarischen Geschmack und ihrer Qualit\u00e4t. Die Gyulaer Wurst wurde 2000 Erfolgsprodukt der Ausstellung FOODAPEST. Original ungarische schnittfeste Rohwurst mit Paprika. Herstellung aus reinem Schweinefleisch. Zutaten: Schweinefleisch, Schweinespeck, Kochsalz, Paprika, Gew\u00fcrze, Antioxidant, Saccharose. Quid Werte: 100g Kolbasz werden aus 152g Schweinefleisch hergestellt Zusatzstoffe: Konservierungsstoff: Natriumnitrit <\/p>\n<h3>Inhaltsstoffe \/ Zutaten<\/h3>\n<p>Zutaten: Schweinefleisch, Schweinespeck, Kochsalz, Paprika, Gew\u00fcrze, Antioxidant, Saccharose. Quid Werte: 100g Kolbasz werden aus 152g Schweinefleisch hergestellt Zusatzstoffe: Konservierungsstoff: Natriumnitrit <\/p>\n<p>Feinkost-aus-Ungarn<br \/>\nGyulah\u00fas Kft<br \/>\nWurstwaren aus Ungarn Kolbasz<br \/>\n1000g<br \/>\n<div class=\"main-cross-sell\" data-asin=\"B00ILOGFLA\">\n\n\t<div class=\"WooZone-cross-sell-loader\">\n\t\t<div>\n\t\t\t<div id=\"floatingBarsG\">\n\t\t\t\t<div class=\"blockG\" id=\"rotateG_01\"><\/div>\n\t\t\t\t<div class=\"blockG\" id=\"rotateG_02\"><\/div>\n\t\t\t\t<div class=\"blockG\" id=\"rotateG_03\"><\/div>\n\t\t\t\t<div class=\"blockG\" id=\"rotateG_04\"><\/div>\n\t\t\t\t<div class=\"blockG\" id=\"rotateG_05\"><\/div>\n\t\t\t\t<div class=\"blockG\" id=\"rotateG_06\"><\/div>\n\t\t\t\t<div class=\"blockG\" id=\"rotateG_07\"><\/div>\n\t\t\t\t<div class=\"blockG\" id=\"rotateG_08\"><\/div>\n\t\t\t<\/div>\n\t\t\t<div class=\"WooZone-cross-sell-loader-text\"><\/div>\n\t\t<\/div>\n\t<\/div>\n\n\t\t\n<\/div>\n<div style=\"clear:both;\"><\/div>\n","protected":false},"excerpt":{"rendered":"Feinkost-aus-Ungarn\nGyulah\u00fas Kft\nWurstwaren aus Ungarn Kolbasz","protected":false},"featured_media":5220,"comment_status":"open","ping_status":"closed","template":"","meta":[],"product_cat":[64,82],"product_tag":[],"_links":{"self":[{"href":"https:\/\/food-shop.org\/index.php?rest_route=\/wp\/v2\/product\/5219"}],"collection":[{"href":"https:\/\/food-shop.org\/index.php?rest_route=\/wp\/v2\/product"}],"about":[{"href":"https:\/\/food-shop.org\/index.php?rest_route=\/wp\/v2\/types\/product"}],"replies":[{"embeddable":true,"href":"https:\/\/food-shop.org\/index.php?rest_route=%2Fwp%2Fv2%2Fcomments&post=5219"}],"wp:featuredmedia":[{"embeddable":true,"href":"https:\/\/food-shop.org\/index.php?rest_route=\/wp\/v2\/media\/5220"}],"wp:attachment":[{"href":"https:\/\/food-shop.org\/index.php?rest_route=%2Fwp%2Fv2%2Fmedia&parent=5219"}],"wp:term":[{"taxonomy":"product_cat","embeddable":true,"href":"https:\/\/food-shop.org\/index.php?rest_route=%2Fwp%2Fv2%2Fproduct_cat&post=5219"},{"taxonomy":"product_tag","embeddable":true,"href":"https:\/\/food-shop.org\/index.php?rest_route=%2Fwp%2Fv2%2Fproduct_tag&post=5219"}],"curies":[{"name":"wp","href":"https:\/\/api.w.org\/{rel}","templated":true}]}}