{"id":5217,"date":"2020-08-31T10:39:58","date_gmt":"2020-08-31T10:39:58","guid":{"rendered":"https:\/\/food-shop.org\/?product=bayerisches-probier-paket-2020-%e2%98%85-landmetzgerei-schiessl-%e2%98%85-ca-25kg"},"modified":"2023-04-06T16:25:28","modified_gmt":"2023-04-06T16:25:28","slug":"bayerisches-probier-paket-2020-%e2%98%85-landmetzgerei-schiessl-%e2%98%85-ca-25kg","status":"publish","type":"product","link":"https:\/\/food-shop.org\/?product=bayerisches-probier-paket-2020-%e2%98%85-landmetzgerei-schiessl-%e2%98%85-ca-25kg","title":{"rendered":"Landmetzgerei Schiessl Bayerisches Probier-Paket 2.5kg I Hausmacher wurstpaket Glutenfrei, Lactosefreie Wurst, Salami\u2026"},"content":{"rendered":"<p><!-- show up to 2 reviews by default --> <\/p>\n<p>Unser Bayerisches Probier-Paket &#8211; Hochgenuss in einem Paket! <\/p>\n<p> Wenn Sie schon immer mal die Schmankerl aus Bayern probieren wollten, ist dieses Paket genau das richtige f\u00fcr Sie. Es eignet sich aber nicht nur zum selber genie\u00dfen, sondern auch zum verschenken. <\/p>\n<p> Unsere Wurstspezialit\u00e4ten stellen wir nur aus bestem Schweine- und Rindfleisch aus eigener Schlachtung her. Vor allem die Zubereitung nach alt\u00fcberlieferten Rezepturen und die schlachtwarme Verarbeitung des Fleisches machen den unvergleichlichen Geschmack unserer Produkte aus. <\/p>\n<p><b>Inhalt:<\/b> Nussschinken, R\u00e4ucherbauch, Wacholderschinken, Bauernschwarzwurst, Rohpolnische, Hausmacher Leberwurst, Bayrischer Leberk\u00e4se, Wei\u00dfw\u00fcrste, Bauernseufzer und Gew\u00fcrzbauch <\/p>\n<p><b>Hinweis zur Haltbarkeit:<\/b> Da es sich bei unseren Produkten um Frischware aus Handwerklicher Herstellung handelt, ist die Haltbarkeit begrenzt f\u00fcr etwa 2-3 Wochen gegeben. <\/p>\n<p>Echt bayerische Schmankerl in einem Paket!<br \/>\nInhalt: Nussschinken, R\u00e4ucherbauch, Wacholderschinken, Bauernschwarzwurst, Rohpolnische, Hausmacher Leberwurst, Bayrischer Leberk\u00e4se, Wei\u00dfw\u00fcrste, Bauernseufzer und Gew\u00fcrzbauch<br \/>\nSpitzenqualit\u00e4t aus Bayern<br \/>\nFamilienbetrieb mit hausgemachten Spezialit\u00e4ten<br \/>\nTop Preis-Leistungs-Verh\u00e4ltnis<br \/>\n<div class=\"main-cross-sell\" data-asin=\"B07P6CRCY5\">\n\n\t<div class=\"WooZone-cross-sell-loader\">\n\t\t<div>\n\t\t\t<div id=\"floatingBarsG\">\n\t\t\t\t<div class=\"blockG\" id=\"rotateG_01\"><\/div>\n\t\t\t\t<div class=\"blockG\" id=\"rotateG_02\"><\/div>\n\t\t\t\t<div class=\"blockG\" id=\"rotateG_03\"><\/div>\n\t\t\t\t<div class=\"blockG\" id=\"rotateG_04\"><\/div>\n\t\t\t\t<div class=\"blockG\" id=\"rotateG_05\"><\/div>\n\t\t\t\t<div class=\"blockG\" id=\"rotateG_06\"><\/div>\n\t\t\t\t<div class=\"blockG\" id=\"rotateG_07\"><\/div>\n\t\t\t\t<div class=\"blockG\" id=\"rotateG_08\"><\/div>\n\t\t\t<\/div>\n\t\t\t<div class=\"WooZone-cross-sell-loader-text\"><\/div>\n\t\t<\/div>\n\t<\/div>\n\n\t\t\n<\/div>\n<div style=\"clear:both;\"><\/div>\n","protected":false},"excerpt":{"rendered":"Echt bayerische Schmankerl in einem Paket!\nInhalt: Nussschinken, R\u00e4ucherbauch, Wacholderschinken, Bauernschwarzwurst, Rohpolnische, Hausmacher Leberwurst, Bayrischer Leberk\u00e4se, Wei\u00dfw\u00fcrste, Bauernseufzer und Gew\u00fcrzbauch\nSpitzenqualit\u00e4t aus Bayern","protected":false},"featured_media":5218,"comment_status":"open","ping_status":"closed","template":"","meta":[],"product_cat":[64,82],"product_tag":[],"_links":{"self":[{"href":"https:\/\/food-shop.org\/index.php?rest_route=\/wp\/v2\/product\/5217"}],"collection":[{"href":"https:\/\/food-shop.org\/index.php?rest_route=\/wp\/v2\/product"}],"about":[{"href":"https:\/\/food-shop.org\/index.php?rest_route=\/wp\/v2\/types\/product"}],"replies":[{"embeddable":true,"href":"https:\/\/food-shop.org\/index.php?rest_route=%2Fwp%2Fv2%2Fcomments&post=5217"}],"wp:featuredmedia":[{"embeddable":true,"href":"https:\/\/food-shop.org\/index.php?rest_route=\/wp\/v2\/media\/5218"}],"wp:attachment":[{"href":"https:\/\/food-shop.org\/index.php?rest_route=%2Fwp%2Fv2%2Fmedia&parent=5217"}],"wp:term":[{"taxonomy":"product_cat","embeddable":true,"href":"https:\/\/food-shop.org\/index.php?rest_route=%2Fwp%2Fv2%2Fproduct_cat&post=5217"},{"taxonomy":"product_tag","embeddable":true,"href":"https:\/\/food-shop.org\/index.php?rest_route=%2Fwp%2Fv2%2Fproduct_tag&post=5217"}],"curies":[{"name":"wp","href":"https:\/\/api.w.org\/{rel}","templated":true}]}}