{"id":5159,"date":"2020-08-31T10:36:59","date_gmt":"2020-08-31T10:36:59","guid":{"rendered":"https:\/\/food-shop.org\/?product=bayerisches-probier-packerl-%e2%98%85-landmetzgerei-schiessl-%e2%98%85-ca-1000g"},"modified":"2023-04-06T16:25:27","modified_gmt":"2023-04-06T16:25:27","slug":"bayerisches-probier-packerl-%e2%98%85-landmetzgerei-schiessl-%e2%98%85-ca-1000g","status":"publish","type":"product","link":"https:\/\/food-shop.org\/?product=bayerisches-probier-packerl-%e2%98%85-landmetzgerei-schiessl-%e2%98%85-ca-1000g","title":{"rendered":"Landmetzgerei Schiessl Bayerisches Probier-Packerl 1000g I Hausmacher wurstpaket Glutenfrei, Lactosefreie Wurst, Salami\u2026"},"content":{"rendered":"<p><!-- show up to 2 reviews by default --> <\/p>\n<p>Unser Schiessl-Test-Paket haben wir f\u00fcr alle unsere Kunden geschn\u00fcrt, die sich zun\u00e4chst einmal von der Qualit\u00e4t unserer Produkte \u00fcberzeugen m\u00f6chten. Mit diesem Testpaket haben Sie die einmalige Gelegenheit, unsere leckeren Wurstprodukte zu probieren. <\/p>\n<p> Wir m\u00f6chten Sie von unseren bayerischen Schmankerln \u00fcberzeugen, deshalb bieten wir Ihnen das Schiessl-Test-Paket zu extra g\u00fcnstigen Konditionen an! <\/p>\n<p><b>Inhalt:<\/b> Wei\u00dfw\u00fcrste, K\u00e4sekrainer, Bayrischer Leberk\u00e4se, Bauernschwarzwurst, Rohpolnische, roher Schinken und Zwiebelwurst. <\/p>\n<p> Bestellen Sie jetzt \u2013 zum absoluten Vorzugspreis &#8211; unser Schiessl-Test-Paket. Wir w\u00fcnschen Ihnen Guten Appetit. <\/p>\n<p>Haltbarkeit: Die Produkte in diesem Paket haben eine Mindesthaltbarkeit von maximal 1 &#8211; 2 Wochen.<\/p>\n<p> Sollten Sie nicht zufrieden sein, bekommen Sie Ihr Geld zur\u00fcck! <\/p>\n<p> Hinweise: Die Geld-zur\u00fcck-Garantie gilt nur f\u00fcr ein Testpaket, die Versandpauschale wird nicht erstattet. Der Versand erfolgt ungek\u00fchlt ohne K\u00fchlakkus. <\/p>\n<p>Speziell f\u00fcr Neukunden, die sich zun\u00e4chst von unseren Produkten \u00fcberzeugen m\u00f6chten!<br \/>\nKleiner Familienbetrieb mit \u00fcber 40 Jahren Versanderfahrung<br \/>\nBayerische Schmankerl nach alt\u00fcberlieferter Rezeptur<br \/>\nTop Preis-Leistungs-Verh\u00e4ltnis<br \/>\nInhalt: Wei\u00dfw\u00fcrste, K\u00e4sekrainer, Bayrischer Leberk\u00e4se, Bauernschwarzwurst, Rohpolnische, roher Schinken und Zwiebelwurst.<br \/>\n<div class=\"main-cross-sell\" data-asin=\"B007JTAGJ0\">\n\n\t<div class=\"WooZone-cross-sell-loader\">\n\t\t<div>\n\t\t\t<div id=\"floatingBarsG\">\n\t\t\t\t<div class=\"blockG\" id=\"rotateG_01\"><\/div>\n\t\t\t\t<div class=\"blockG\" id=\"rotateG_02\"><\/div>\n\t\t\t\t<div class=\"blockG\" id=\"rotateG_03\"><\/div>\n\t\t\t\t<div class=\"blockG\" id=\"rotateG_04\"><\/div>\n\t\t\t\t<div class=\"blockG\" id=\"rotateG_05\"><\/div>\n\t\t\t\t<div class=\"blockG\" id=\"rotateG_06\"><\/div>\n\t\t\t\t<div class=\"blockG\" id=\"rotateG_07\"><\/div>\n\t\t\t\t<div class=\"blockG\" id=\"rotateG_08\"><\/div>\n\t\t\t<\/div>\n\t\t\t<div class=\"WooZone-cross-sell-loader-text\"><\/div>\n\t\t<\/div>\n\t<\/div>\n\n\t\t\n<\/div>\n<div style=\"clear:both;\"><\/div>\n","protected":false},"excerpt":{"rendered":"Speziell f\u00fcr Neukunden, die sich zun\u00e4chst von unseren Produkten \u00fcberzeugen m\u00f6chten!\nKleiner Familienbetrieb mit \u00fcber 40 Jahren Versanderfahrung\nBayerische Schmankerl nach alt\u00fcberlieferter Rezeptur","protected":false},"featured_media":5160,"comment_status":"open","ping_status":"closed","template":"","meta":[],"product_cat":[64,82],"product_tag":[],"_links":{"self":[{"href":"https:\/\/food-shop.org\/index.php?rest_route=\/wp\/v2\/product\/5159"}],"collection":[{"href":"https:\/\/food-shop.org\/index.php?rest_route=\/wp\/v2\/product"}],"about":[{"href":"https:\/\/food-shop.org\/index.php?rest_route=\/wp\/v2\/types\/product"}],"replies":[{"embeddable":true,"href":"https:\/\/food-shop.org\/index.php?rest_route=%2Fwp%2Fv2%2Fcomments&post=5159"}],"wp:featuredmedia":[{"embeddable":true,"href":"https:\/\/food-shop.org\/index.php?rest_route=\/wp\/v2\/media\/5160"}],"wp:attachment":[{"href":"https:\/\/food-shop.org\/index.php?rest_route=%2Fwp%2Fv2%2Fmedia&parent=5159"}],"wp:term":[{"taxonomy":"product_cat","embeddable":true,"href":"https:\/\/food-shop.org\/index.php?rest_route=%2Fwp%2Fv2%2Fproduct_cat&post=5159"},{"taxonomy":"product_tag","embeddable":true,"href":"https:\/\/food-shop.org\/index.php?rest_route=%2Fwp%2Fv2%2Fproduct_tag&post=5159"}],"curies":[{"name":"wp","href":"https:\/\/api.w.org\/{rel}","templated":true}]}}