{"id":5137,"date":"2020-08-31T10:36:51","date_gmt":"2020-08-31T10:36:51","guid":{"rendered":"https:\/\/food-shop.org\/?product=bifi-xxl-30-x-40g"},"modified":"2023-04-06T16:25:26","modified_gmt":"2023-04-06T16:25:26","slug":"bifi-xxl-30-x-40g","status":"publish","type":"product","link":"https:\/\/food-shop.org\/?product=bifi-xxl-30-x-40g","title":{"rendered":"BiFi Original XXL \u2013 30er Pack (30 x 40g) \u2013 Herzhafter Salami Fleischsnack \u2013 Ger\u00e4ucherte Wurst als Snack to go"},"content":{"rendered":"<p><!-- show up to 2 reviews by default --> <\/p>\n<h3>Produktbeschreibung<\/h3>\n<p>F\u00fcr die hungrigen Momente gibt es die 40 Gramm BiFi XXL. Gleicher herzhafter Bissen, gleiches Fleisch, aber fast doppelt so gro\u00df. <\/p>\n<h3>Inhaltsstoffe \/ Zutaten<\/h3>\n<p>Zutaten: Schweinefleisch, Rindfleisch, jodiertes Speisesalz (Speisesalz, Kaliumiodat), Dextrose, Gew\u00fcrze (Pfeffer, Koriander, Knoblauch), Antioxidationsmittel (Natriumascorbat), Konservierungsstoff (Natriumnitrit), Buchenholzrauch. 100 g Minisalami werden hergestellt aus 160 g Schweine- und Rindfleisch (der Gewichtsverlust entsteht durch Wasserverlust beim R\u00e4uchern). <\/p>\n<div data-a-expander-name=\"toggle_description\" class=\"a-row a-expander-container a-expander-extend-container\">\n<div class=\"a-expander-content a-expander-extend-content\">\n<h3>Gebrauchsanweisung<\/h3>\n<p>keine Angaben <\/p>\n<h3>Warnhinweise<\/h3>\n<p>Allergene: glutenhaltiges Getreide, Eier, Milch <\/p>\n<h3>Anschrift Hersteller\/Importeur<\/h3>\n<p>Eyber Str. 81 91522 Ansbach <\/p>\n<\/p><\/div>\n<p> <a href=\"void(0)\" data-action=\"a-expander-toggle\" class=\"a-expander-header a-declarative a-expander-extend-header\" data-a-expander-toggle=\"{\"><i class=\"a-icon a-icon-extender-expand\"><\/i><span class=\"a-expander-prompt\">Weitere Informationen<\/span><\/a> <\/div>\n<p>Optimal um den Hunger zwischen den Mahlzeiten zu bek\u00e4mpfen<br \/>\nstoppt das Magenknurren auf langen Autofahrten, auf der Arbeit, beim Fu\u00dfball und in allen Situationen, in denen man einen unb\u00e4ndigen Hunger nach einem herzhaften und w\u00fcrzigen Wurstsnack hat<br \/>\nSnack to Go!<br \/>\nDu glaubst, ich bin \u2019ne Mogelpackung? Falsch gedacht! Ich bin die volle Portion Fleisch \u2013 immer in der richtigen Gr\u00f6\u00dfe f\u00fcr jeden Hunger und jede Gelegenheit.<br \/>\nWorauf wartest du noch? Greif zu!<br \/>\n<div class=\"main-cross-sell\" data-asin=\"B003U2FC6M\">\n\n\t<div class=\"WooZone-cross-sell-loader\">\n\t\t<div>\n\t\t\t<div id=\"floatingBarsG\">\n\t\t\t\t<div class=\"blockG\" id=\"rotateG_01\"><\/div>\n\t\t\t\t<div class=\"blockG\" id=\"rotateG_02\"><\/div>\n\t\t\t\t<div class=\"blockG\" id=\"rotateG_03\"><\/div>\n\t\t\t\t<div class=\"blockG\" id=\"rotateG_04\"><\/div>\n\t\t\t\t<div class=\"blockG\" id=\"rotateG_05\"><\/div>\n\t\t\t\t<div class=\"blockG\" id=\"rotateG_06\"><\/div>\n\t\t\t\t<div class=\"blockG\" id=\"rotateG_07\"><\/div>\n\t\t\t\t<div class=\"blockG\" id=\"rotateG_08\"><\/div>\n\t\t\t<\/div>\n\t\t\t<div class=\"WooZone-cross-sell-loader-text\"><\/div>\n\t\t<\/div>\n\t<\/div>\n\n\t\t\n<\/div>\n<div style=\"clear:both;\"><\/div>\n","protected":false},"excerpt":{"rendered":"Optimal um den Hunger zwischen den Mahlzeiten zu bek\u00e4mpfen\nstoppt das Magenknurren auf langen Autofahrten, auf der Arbeit, beim Fu\u00dfball und in allen Situationen, in denen man einen unb\u00e4ndigen Hunger nach einem herzhaften und w\u00fcrzigen Wurstsnack hat\nSnack to Go!","protected":false},"featured_media":5138,"comment_status":"open","ping_status":"closed","template":"","meta":[],"product_cat":[64,82],"product_tag":[],"_links":{"self":[{"href":"https:\/\/food-shop.org\/index.php?rest_route=\/wp\/v2\/product\/5137"}],"collection":[{"href":"https:\/\/food-shop.org\/index.php?rest_route=\/wp\/v2\/product"}],"about":[{"href":"https:\/\/food-shop.org\/index.php?rest_route=\/wp\/v2\/types\/product"}],"replies":[{"embeddable":true,"href":"https:\/\/food-shop.org\/index.php?rest_route=%2Fwp%2Fv2%2Fcomments&post=5137"}],"wp:featuredmedia":[{"embeddable":true,"href":"https:\/\/food-shop.org\/index.php?rest_route=\/wp\/v2\/media\/5138"}],"wp:attachment":[{"href":"https:\/\/food-shop.org\/index.php?rest_route=%2Fwp%2Fv2%2Fmedia&parent=5137"}],"wp:term":[{"taxonomy":"product_cat","embeddable":true,"href":"https:\/\/food-shop.org\/index.php?rest_route=%2Fwp%2Fv2%2Fproduct_cat&post=5137"},{"taxonomy":"product_tag","embeddable":true,"href":"https:\/\/food-shop.org\/index.php?rest_route=%2Fwp%2Fv2%2Fproduct_tag&post=5137"}],"curies":[{"name":"wp","href":"https:\/\/api.w.org\/{rel}","templated":true}]}}