{"id":5111,"date":"2020-08-31T10:36:39","date_gmt":"2020-08-31T10:36:39","guid":{"rendered":"https:\/\/food-shop.org\/?product=ember-biltong-grosspacksack-beef-jerky-original-proteinreicher-snack-original-1x500g"},"modified":"2023-04-05T16:23:14","modified_gmt":"2023-04-05T16:23:14","slug":"ember-biltong-grosspacksack-beef-jerky-original-proteinreicher-snack-original-1x500g","status":"publish","type":"product","link":"https:\/\/food-shop.org\/?product=ember-biltong-grosspacksack-beef-jerky-original-proteinreicher-snack-original-1x500g","title":{"rendered":"Ember Snacks &#8211; Biltong-Snack aus britischem und irischem Rindfleisch &#8211; hoher Eiwei\u00dfgehalt &#8211; Original\u2026"},"content":{"rendered":"<p>EMBER VERWENDET NUR DAS BESTE BRITISCHE- UND IRISCHE-RINDFLEISCH &#8211; Ember ist stolz auf die Herstellung von hochwertigem, gut schmeckendem Biltong-Steak. Wir w\u00e4hlen sorgf\u00e4ltig Rindfleischsorten aus, die aus ethischer Sicht aus traditionellen, flei\u00dfigen Betrieben stammen.<br \/>\nWIR VERWENDEN ECHTE INHALTSSTOFFE UND F\u00dcGEN NIEMALS ZUCKER HINZU &#8211; Nat\u00fcrlich proteinreich, ist unser leckerer Snack glutenfrei, kalorienarm und kohlenhydratarm. Inspiriert von s\u00fcdafrikanischer K\u00fcche ist unser Biltong der perfekte Snack, um Sie durch den Tag zu treiben.<br \/>\nDER PERFEKTE SNACK MIT HOHEM PROTEINANTEIL &#8211; Ein toller Snack ohne Zuckerzusatz f\u00fcr alle Gelegenheiten. Vor oder nach dem Training, Protein am Nachmittag oder die perfekte Erg\u00e4nzung zu Lunchboxen, Picknicks, BBQ&#8217;s oder Familienausfl\u00fcgen.<br \/>\nPROBIEREN SIE UNSEREN BILTONG-SNACK &#8211; Unser meistverkaufter Biltong-Snack wird langsam an der Luft getrocknet, leicht gew\u00fcrzt und d\u00fcnn geschnitten, um den nat\u00fcrlichen Geschmack des Biltongs zu verst\u00e4rken. Wir sind sicher, dass dies das leckerste Biltong sein wird, das du je haben wirst.<br \/>\nAN EINEM K\u00dcHLEN, TROCKENEN ORT AUFBEWAHREN &#8211; Nach dem \u00d6ffnen innerhalb von 3 bis 4 Tagen verbrauchen. Der Sauerstoffabsorber in dieser Packung ist nicht zum Verzehr bestimmt.<br \/>\n<div class=\"main-cross-sell\" data-asin=\"B07CZM4PKK\">\n\n\t<div class=\"WooZone-cross-sell-loader\">\n\t\t<div>\n\t\t\t<div id=\"floatingBarsG\">\n\t\t\t\t<div class=\"blockG\" id=\"rotateG_01\"><\/div>\n\t\t\t\t<div class=\"blockG\" id=\"rotateG_02\"><\/div>\n\t\t\t\t<div class=\"blockG\" id=\"rotateG_03\"><\/div>\n\t\t\t\t<div class=\"blockG\" id=\"rotateG_04\"><\/div>\n\t\t\t\t<div class=\"blockG\" id=\"rotateG_05\"><\/div>\n\t\t\t\t<div class=\"blockG\" id=\"rotateG_06\"><\/div>\n\t\t\t\t<div class=\"blockG\" id=\"rotateG_07\"><\/div>\n\t\t\t\t<div class=\"blockG\" id=\"rotateG_08\"><\/div>\n\t\t\t<\/div>\n\t\t\t<div class=\"WooZone-cross-sell-loader-text\"><\/div>\n\t\t<\/div>\n\t<\/div>\n\n\t\t\n<\/div>\n<div style=\"clear:both;\"><\/div>\n","protected":false},"excerpt":{"rendered":"EMBER VERWENDET NUR DAS BESTE BRITISCHE- UND IRISCHE-RINDFLEISCH - Ember ist stolz auf die Herstellung von hochwertigem, gut schmeckendem Biltong-Steak. Wir w\u00e4hlen sorgf\u00e4ltig Rindfleischsorten aus, die aus ethischer Sicht aus traditionellen, flei\u00dfigen Betrieben stammen.\nWIR VERWENDEN ECHTE INHALTSSTOFFE UND F\u00dcGEN NIEMALS ZUCKER HINZU - Nat\u00fcrlich proteinreich, ist unser leckerer Snack glutenfrei, kalorienarm und kohlenhydratarm. Inspiriert von s\u00fcdafrikanischer K\u00fcche ist unser Biltong der perfekte Snack, um Sie durch den Tag zu treiben.\nDER PERFEKTE SNACK MIT HOHEM PROTEINANTEIL - Ein toller Snack ohne Zuckerzusatz f\u00fcr alle Gelegenheiten. Vor oder nach dem Training, Protein am Nachmittag oder die perfekte Erg\u00e4nzung zu Lunchboxen, Picknicks, BBQ's oder Familienausfl\u00fcgen.","protected":false},"featured_media":5112,"comment_status":"open","ping_status":"closed","template":"","meta":[],"product_cat":[64,82],"product_tag":[],"_links":{"self":[{"href":"https:\/\/food-shop.org\/index.php?rest_route=\/wp\/v2\/product\/5111"}],"collection":[{"href":"https:\/\/food-shop.org\/index.php?rest_route=\/wp\/v2\/product"}],"about":[{"href":"https:\/\/food-shop.org\/index.php?rest_route=\/wp\/v2\/types\/product"}],"replies":[{"embeddable":true,"href":"https:\/\/food-shop.org\/index.php?rest_route=%2Fwp%2Fv2%2Fcomments&post=5111"}],"wp:featuredmedia":[{"embeddable":true,"href":"https:\/\/food-shop.org\/index.php?rest_route=\/wp\/v2\/media\/5112"}],"wp:attachment":[{"href":"https:\/\/food-shop.org\/index.php?rest_route=%2Fwp%2Fv2%2Fmedia&parent=5111"}],"wp:term":[{"taxonomy":"product_cat","embeddable":true,"href":"https:\/\/food-shop.org\/index.php?rest_route=%2Fwp%2Fv2%2Fproduct_cat&post=5111"},{"taxonomy":"product_tag","embeddable":true,"href":"https:\/\/food-shop.org\/index.php?rest_route=%2Fwp%2Fv2%2Fproduct_tag&post=5111"}],"curies":[{"name":"wp","href":"https:\/\/api.w.org\/{rel}","templated":true}]}}