{"id":4995,"date":"2020-08-31T10:04:42","date_gmt":"2020-08-31T10:04:42","guid":{"rendered":"https:\/\/food-shop.org\/?product=schweinesteak-alkmara-landmetzgerei-schiessl-ca-1000g"},"modified":"2023-04-05T16:23:13","modified_gmt":"2023-04-05T16:23:13","slug":"schweinesteak-alkmara-landmetzgerei-schiessl-ca-1000g","status":"publish","type":"product","link":"https:\/\/food-shop.org\/?product=schweinesteak-alkmara-landmetzgerei-schiessl-ca-1000g","title":{"rendered":"Schweinesteak &#8222;Alkmara&#8220; &#8211; Landmetzgerei Schiessl &#8211; ca. 1000g"},"content":{"rendered":"<div class=\"disclaim\">Gr\u00f6\u00dfe:<strong>1000g<\/strong><\/div>\n<p><!-- show up to 2 reviews by default --><\/p>\n<p>Die Landmetzgerei Schiessl verwendet f\u00fcr die marinierten Steaks nur frische Schweinehalssteaks, die mit einer Kr\u00e4uter-K\u00e4se-W\u00fcrzung einmariniert werden. F\u00fcr die optimale Reifung wird etwas W\u00fcrz\u00f6l dazugegeben. Schiessl&#8217;s marinierte Steaks erhalten Sie fix und fertig f\u00fcr Grill oder Pfanne.<\/p>\n<p>Die Landmetzgerei Schiessl verwendet f\u00fcr die marinierten Steaks nur frische Schweinehalssteaks, die mit einer Kr\u00e4uter-K\u00e4se-W\u00fcrzung einmariniert werden.<br \/>\nF\u00fcr die optimale Reifung wird etwas W\u00fcrz\u00f6l dazugegeben. Schiessl&#8217;s marinierte Steaks erhalten Sie fix und fertig f\u00fcr Grill oder Pfanne.<br \/>\nSpitzenqualit\u00e4t aus Bayern<br \/>\nEine Bestelleinheit: ca. 1000g<br \/>\n<div class=\"main-cross-sell\" data-asin=\"B00K4ZKYR0\">\n\n\t<div class=\"WooZone-cross-sell-loader\">\n\t\t<div>\n\t\t\t<div id=\"floatingBarsG\">\n\t\t\t\t<div class=\"blockG\" id=\"rotateG_01\"><\/div>\n\t\t\t\t<div class=\"blockG\" id=\"rotateG_02\"><\/div>\n\t\t\t\t<div class=\"blockG\" id=\"rotateG_03\"><\/div>\n\t\t\t\t<div class=\"blockG\" id=\"rotateG_04\"><\/div>\n\t\t\t\t<div class=\"blockG\" id=\"rotateG_05\"><\/div>\n\t\t\t\t<div class=\"blockG\" id=\"rotateG_06\"><\/div>\n\t\t\t\t<div class=\"blockG\" id=\"rotateG_07\"><\/div>\n\t\t\t\t<div class=\"blockG\" id=\"rotateG_08\"><\/div>\n\t\t\t<\/div>\n\t\t\t<div class=\"WooZone-cross-sell-loader-text\"><\/div>\n\t\t<\/div>\n\t<\/div>\n\n\t\t\n<\/div>\n<div style=\"clear:both;\"><\/div>\n","protected":false},"excerpt":{"rendered":"Die Landmetzgerei Schiessl verwendet f\u00fcr die marinierten Steaks nur frische Schweinehalssteaks, die mit einer Kr\u00e4uter-K\u00e4se-W\u00fcrzung einmariniert werden.\nF\u00fcr die optimale Reifung wird etwas W\u00fcrz\u00f6l dazugegeben. Schiessl's marinierte Steaks erhalten Sie fix und fertig f\u00fcr Grill oder Pfanne.\nSpitzenqualit\u00e4t aus Bayern","protected":false},"featured_media":4996,"comment_status":"open","ping_status":"closed","template":"","meta":[],"product_cat":[64,54],"product_tag":[],"_links":{"self":[{"href":"https:\/\/food-shop.org\/index.php?rest_route=\/wp\/v2\/product\/4995"}],"collection":[{"href":"https:\/\/food-shop.org\/index.php?rest_route=\/wp\/v2\/product"}],"about":[{"href":"https:\/\/food-shop.org\/index.php?rest_route=\/wp\/v2\/types\/product"}],"replies":[{"embeddable":true,"href":"https:\/\/food-shop.org\/index.php?rest_route=%2Fwp%2Fv2%2Fcomments&post=4995"}],"wp:featuredmedia":[{"embeddable":true,"href":"https:\/\/food-shop.org\/index.php?rest_route=\/wp\/v2\/media\/4996"}],"wp:attachment":[{"href":"https:\/\/food-shop.org\/index.php?rest_route=%2Fwp%2Fv2%2Fmedia&parent=4995"}],"wp:term":[{"taxonomy":"product_cat","embeddable":true,"href":"https:\/\/food-shop.org\/index.php?rest_route=%2Fwp%2Fv2%2Fproduct_cat&post=4995"},{"taxonomy":"product_tag","embeddable":true,"href":"https:\/\/food-shop.org\/index.php?rest_route=%2Fwp%2Fv2%2Fproduct_tag&post=4995"}],"curies":[{"name":"wp","href":"https:\/\/api.w.org\/{rel}","templated":true}]}}