{"id":4979,"date":"2020-08-31T10:04:19","date_gmt":"2020-08-31T10:04:19","guid":{"rendered":"https:\/\/food-shop.org\/?product=fleischkaese-landmetzgerei-schiessl-ca-500g"},"modified":"2023-04-05T16:23:13","modified_gmt":"2023-04-05T16:23:13","slug":"fleischkaese-landmetzgerei-schiessl-ca-500g","status":"publish","type":"product","link":"https:\/\/food-shop.org\/?product=fleischkaese-landmetzgerei-schiessl-ca-500g","title":{"rendered":"Fleischk\u00e4se &#8211; Landmetzgerei Schiessl &#8211; ca. 500g"},"content":{"rendered":"<div class=\"disclaim\">Gr\u00f6\u00dfe:<strong>500g<\/strong><\/div>\n<p><!-- show up to 2 reviews by default --><\/p>\n<p>Landmetzger Schiessl&#8217;s Fleischk\u00e4se \u2013 mild im Geschmack. F\u00fcr den wei\u00dfen Fleischk\u00e4se werden frisches Schweinefleisch und Speck handwerklich zerkleinert und nur mit Kochsalz gesalzen. Anschlie\u00dfend wird die Fleischk\u00e4semasse in Formen gef\u00fcllt und im Ofen gebacken. Ein milder Genuss mit angenehmer Zitronennote f\u00fcr Genie\u00dfer.<\/p>\n<p>Ein milder Genuss f\u00fcr Genie\u00dfer.<br \/>\nSpitzenqualit\u00e4t aus Bayern<br \/>\nEine Bestelleinheit: ca. 500g<br \/>\n<div class=\"main-cross-sell\" data-asin=\"B003WH7DMQ\">\n\n\t<div class=\"WooZone-cross-sell-loader\">\n\t\t<div>\n\t\t\t<div id=\"floatingBarsG\">\n\t\t\t\t<div class=\"blockG\" id=\"rotateG_01\"><\/div>\n\t\t\t\t<div class=\"blockG\" id=\"rotateG_02\"><\/div>\n\t\t\t\t<div class=\"blockG\" id=\"rotateG_03\"><\/div>\n\t\t\t\t<div class=\"blockG\" id=\"rotateG_04\"><\/div>\n\t\t\t\t<div class=\"blockG\" id=\"rotateG_05\"><\/div>\n\t\t\t\t<div class=\"blockG\" id=\"rotateG_06\"><\/div>\n\t\t\t\t<div class=\"blockG\" id=\"rotateG_07\"><\/div>\n\t\t\t\t<div class=\"blockG\" id=\"rotateG_08\"><\/div>\n\t\t\t<\/div>\n\t\t\t<div class=\"WooZone-cross-sell-loader-text\"><\/div>\n\t\t<\/div>\n\t<\/div>\n\n\t\t\n<\/div>\n<div style=\"clear:both;\"><\/div>\n","protected":false},"excerpt":{"rendered":"Ein milder Genuss f\u00fcr Genie\u00dfer.\nSpitzenqualit\u00e4t aus Bayern\nEine Bestelleinheit: ca. 500g","protected":false},"featured_media":4980,"comment_status":"open","ping_status":"closed","template":"","meta":[],"product_cat":[64,54],"product_tag":[],"_links":{"self":[{"href":"https:\/\/food-shop.org\/index.php?rest_route=\/wp\/v2\/product\/4979"}],"collection":[{"href":"https:\/\/food-shop.org\/index.php?rest_route=\/wp\/v2\/product"}],"about":[{"href":"https:\/\/food-shop.org\/index.php?rest_route=\/wp\/v2\/types\/product"}],"replies":[{"embeddable":true,"href":"https:\/\/food-shop.org\/index.php?rest_route=%2Fwp%2Fv2%2Fcomments&post=4979"}],"wp:featuredmedia":[{"embeddable":true,"href":"https:\/\/food-shop.org\/index.php?rest_route=\/wp\/v2\/media\/4980"}],"wp:attachment":[{"href":"https:\/\/food-shop.org\/index.php?rest_route=%2Fwp%2Fv2%2Fmedia&parent=4979"}],"wp:term":[{"taxonomy":"product_cat","embeddable":true,"href":"https:\/\/food-shop.org\/index.php?rest_route=%2Fwp%2Fv2%2Fproduct_cat&post=4979"},{"taxonomy":"product_tag","embeddable":true,"href":"https:\/\/food-shop.org\/index.php?rest_route=%2Fwp%2Fv2%2Fproduct_tag&post=4979"}],"curies":[{"name":"wp","href":"https:\/\/api.w.org\/{rel}","templated":true}]}}