{"id":4977,"date":"2020-08-31T10:04:14","date_gmt":"2020-08-31T10:04:14","guid":{"rendered":"https:\/\/food-shop.org\/?product=bayerischer-leberkaese-%e2%98%85-landmetzgerei-schiessl-%e2%98%85-ca-500g"},"modified":"2023-04-05T16:23:12","modified_gmt":"2023-04-05T16:23:12","slug":"bayerischer-leberkaese-%e2%98%85-landmetzgerei-schiessl-%e2%98%85-ca-500g","status":"publish","type":"product","link":"https:\/\/food-shop.org\/?product=bayerischer-leberkaese-%e2%98%85-landmetzgerei-schiessl-%e2%98%85-ca-500g","title":{"rendered":"Bayerischer Leberk\u00e4se \u2605 Landmetzgerei Schiessl \u2605 ca. 500g"},"content":{"rendered":"<div class=\"disclaim\">Gr\u00f6\u00dfe:<strong>500g<\/strong><\/div>\n<p><!-- show up to 2 reviews by default --><\/p>\n<h3>Produktbeschreibungen<\/h3>\n<p>Der Leberk\u00e4se ist die beliebteste Brotzeitwurst in Bayern. F\u00fcr unseren Original Bayerischen Leberk\u00e4se verwenden wir nur bestes Rind- und Schweinefleisch. Wir stellen den Leberk\u00e4se nach alt\u00fcberlieferter Rezeptur her. Am besten genie\u00dfen Sie den Bayerischen Leberk\u00e4se zusammen mit einer Semmel als &#8222;Leberk\u00e4ssemmel&#8220;. In Bayern ist das die beliebteste Brotzeit f\u00fcr zwischendurch. Alternativ k\u00f6nnen Sie den Leberk\u00e4se aus zusammen mit einem Spiegelei und Holzofenbrot genie\u00dfen. Er schmeckt kalt oder auch Warm gleicherma\u00dfen. Eine echt bayerische Delikatesse, die Sie probieren sollten!<\/p>\n<h3>Gebrauchsanweisung<\/h3>\n<p>Schmeckt am besten aufgew\u00e4rmt in der Semmel oder in der Pfanne gebraten mit Spiegeleiern.<\/p>\n<p>Der Leberk\u00e4se &#8211; Bayerns beliebteste Brotzeitwurst!<br \/>\nSpitzenqualit\u00e4t aus Bayern nach alter Rezeptur<br \/>\nKleiner Familienbetrieb mit 40 Jahren Versanderfahrung<br \/>\nBlitzschneller Versand<br \/>\nTop Preis-Leistungs-Verh\u00e4ltnis<br \/>\n<div class=\"main-cross-sell\" data-asin=\"B003WH9I06\">\n\n\t<div class=\"WooZone-cross-sell-loader\">\n\t\t<div>\n\t\t\t<div id=\"floatingBarsG\">\n\t\t\t\t<div class=\"blockG\" id=\"rotateG_01\"><\/div>\n\t\t\t\t<div class=\"blockG\" id=\"rotateG_02\"><\/div>\n\t\t\t\t<div class=\"blockG\" id=\"rotateG_03\"><\/div>\n\t\t\t\t<div class=\"blockG\" id=\"rotateG_04\"><\/div>\n\t\t\t\t<div class=\"blockG\" id=\"rotateG_05\"><\/div>\n\t\t\t\t<div class=\"blockG\" id=\"rotateG_06\"><\/div>\n\t\t\t\t<div class=\"blockG\" id=\"rotateG_07\"><\/div>\n\t\t\t\t<div class=\"blockG\" id=\"rotateG_08\"><\/div>\n\t\t\t<\/div>\n\t\t\t<div class=\"WooZone-cross-sell-loader-text\"><\/div>\n\t\t<\/div>\n\t<\/div>\n\n\t\t\n<\/div>\n<div style=\"clear:both;\"><\/div>\n","protected":false},"excerpt":{"rendered":"Der Leberk\u00e4se - Bayerns beliebteste Brotzeitwurst!\nSpitzenqualit\u00e4t aus Bayern nach alter Rezeptur\nKleiner Familienbetrieb mit 40 Jahren Versanderfahrung","protected":false},"featured_media":4978,"comment_status":"open","ping_status":"closed","template":"","meta":[],"product_cat":[64,54],"product_tag":[],"_links":{"self":[{"href":"https:\/\/food-shop.org\/index.php?rest_route=\/wp\/v2\/product\/4977"}],"collection":[{"href":"https:\/\/food-shop.org\/index.php?rest_route=\/wp\/v2\/product"}],"about":[{"href":"https:\/\/food-shop.org\/index.php?rest_route=\/wp\/v2\/types\/product"}],"replies":[{"embeddable":true,"href":"https:\/\/food-shop.org\/index.php?rest_route=%2Fwp%2Fv2%2Fcomments&post=4977"}],"wp:featuredmedia":[{"embeddable":true,"href":"https:\/\/food-shop.org\/index.php?rest_route=\/wp\/v2\/media\/4978"}],"wp:attachment":[{"href":"https:\/\/food-shop.org\/index.php?rest_route=%2Fwp%2Fv2%2Fmedia&parent=4977"}],"wp:term":[{"taxonomy":"product_cat","embeddable":true,"href":"https:\/\/food-shop.org\/index.php?rest_route=%2Fwp%2Fv2%2Fproduct_cat&post=4977"},{"taxonomy":"product_tag","embeddable":true,"href":"https:\/\/food-shop.org\/index.php?rest_route=%2Fwp%2Fv2%2Fproduct_tag&post=4977"}],"curies":[{"name":"wp","href":"https:\/\/api.w.org\/{rel}","templated":true}]}}