{"id":4975,"date":"2020-08-31T10:04:10","date_gmt":"2020-08-31T10:04:10","guid":{"rendered":"https:\/\/food-shop.org\/?product=schweinshaxe-eisbein-aus-bayern-%e2%98%85-landmetzger-schiessl-%e2%98%85-ca-1400g"},"modified":"2023-04-05T16:23:12","modified_gmt":"2023-04-05T16:23:12","slug":"schweinshaxe-eisbein-aus-bayern-%e2%98%85-landmetzger-schiessl-%e2%98%85-ca-1400g","status":"publish","type":"product","link":"https:\/\/food-shop.org\/?product=schweinshaxe-eisbein-aus-bayern-%e2%98%85-landmetzger-schiessl-%e2%98%85-ca-1400g","title":{"rendered":"Schweinshaxe (Eisbein) aus Bayern \u2605 Landmetzger Schiessl \u2605 ca. 1400g"},"content":{"rendered":"<p><!-- show up to 2 reviews by default --><\/p>\n<p>Die Schweinshaxe &#8211; Eine typisch bayerische Spezialit\u00e4t! <\/p>\n<p> Unsere Schweinshaxe (oder Eisbein) ist die Hinterkeule vom Schwein. <\/p>\n<p> Die Schweinshaxe ist stark durchwachsen und mit einer dicken Fettschicht umgeben. Das Fleisch der Haxe ist bekannt daf\u00fcr, das es besonders zart und aromatisch ist. <\/p>\n<p> Das typische Gericht das Sie auf jedem Volksfest in Bayern finden ist die &#8218;Gegrillte Schweinshaxe&#8216; mit Kartoffel- oder Semmelkn\u00f6deln und Sauerkraut oder bayerisch Kraut (Wei\u00dfkohl). <\/p>\n<p> <b>Weitere Bezeichnungen der Schweinshaxe:<\/b><br \/> Abh\u00e4ngig von der Region gibt es f\u00fcr die Schweinshaxe eine Vielzahl verschiedener Bezeichnungen. Die g\u00e4ngigsten Bezeichnungen f\u00fcr die Schweinshaxe lauten: Eisbein (Deutschland) Schweinshaxe,Hachse, Haxe oder Haxn (Bayern, Deutschland) Kn\u00f6chla oder Salzkn\u00f6chla (Franken, Bayern, Deutschland) Hechse H\u00e4mmchen (K\u00f6ln, Deutschland) B\u00f6tel (Sachsen-Anhalt, Deutschland) Haspel (Hessen, Deutschland) Stelze (\u00d6sterreich) Gnagi oder W\u00e4dli (Schweiz) <\/p>\n<p> <b>Genusstipp:<\/b> Genie\u00dfen Sie zur Schweinshaxe ein k\u00fchles bayerisches Bier!<\/p>\n<p>Die Schweinshaxe &#8211; Eine typisch bayerische Spezialit\u00e4t!<br \/>\nHaxenfleisch ist bekannt daf\u00fcr, das es besonders zart und aromatisch ist<br \/>\nUnsere Schweinshaxe (oder Eisbein) ist die Hinterkeule vom Schwein.<br \/>\nStark durchwachsene Schweinshaxe und mit einer dicken Fettschicht umgeben.<br \/>\nEisbein (Deutschland), Schweinshaxe, Hachse, Haxe oder Haxn (Bayern, Deutschland), Kn\u00f6chla oder Salzkn\u00f6chla (Franken, Bayern, Deutschland) Hechse H\u00e4mmchen (K\u00f6ln, Deutschland), B\u00f6tel (Sachsen-Anhalt, Deutschland), Haspel (Hessen, Deutschland), Stelze (\u00d6sterreich), Gnagi oder W\u00e4dli (Schweiz)<br \/>\n<div class=\"main-cross-sell\" data-asin=\"B086JDB5Q5\">\n\n\t<div class=\"WooZone-cross-sell-loader\">\n\t\t<div>\n\t\t\t<div id=\"floatingBarsG\">\n\t\t\t\t<div class=\"blockG\" id=\"rotateG_01\"><\/div>\n\t\t\t\t<div class=\"blockG\" id=\"rotateG_02\"><\/div>\n\t\t\t\t<div class=\"blockG\" id=\"rotateG_03\"><\/div>\n\t\t\t\t<div class=\"blockG\" id=\"rotateG_04\"><\/div>\n\t\t\t\t<div class=\"blockG\" id=\"rotateG_05\"><\/div>\n\t\t\t\t<div class=\"blockG\" id=\"rotateG_06\"><\/div>\n\t\t\t\t<div class=\"blockG\" id=\"rotateG_07\"><\/div>\n\t\t\t\t<div class=\"blockG\" id=\"rotateG_08\"><\/div>\n\t\t\t<\/div>\n\t\t\t<div class=\"WooZone-cross-sell-loader-text\"><\/div>\n\t\t<\/div>\n\t<\/div>\n\n\t\t\n<\/div>\n<div style=\"clear:both;\"><\/div>\n","protected":false},"excerpt":{"rendered":"Die Schweinshaxe - Eine typisch bayerische Spezialit\u00e4t!\nHaxenfleisch ist bekannt daf\u00fcr, das es besonders zart und aromatisch ist\nUnsere Schweinshaxe (oder Eisbein) ist die Hinterkeule vom Schwein.","protected":false},"featured_media":4976,"comment_status":"open","ping_status":"closed","template":"","meta":[],"product_cat":[64,54],"product_tag":[],"_links":{"self":[{"href":"https:\/\/food-shop.org\/index.php?rest_route=\/wp\/v2\/product\/4975"}],"collection":[{"href":"https:\/\/food-shop.org\/index.php?rest_route=\/wp\/v2\/product"}],"about":[{"href":"https:\/\/food-shop.org\/index.php?rest_route=\/wp\/v2\/types\/product"}],"replies":[{"embeddable":true,"href":"https:\/\/food-shop.org\/index.php?rest_route=%2Fwp%2Fv2%2Fcomments&post=4975"}],"wp:featuredmedia":[{"embeddable":true,"href":"https:\/\/food-shop.org\/index.php?rest_route=\/wp\/v2\/media\/4976"}],"wp:attachment":[{"href":"https:\/\/food-shop.org\/index.php?rest_route=%2Fwp%2Fv2%2Fmedia&parent=4975"}],"wp:term":[{"taxonomy":"product_cat","embeddable":true,"href":"https:\/\/food-shop.org\/index.php?rest_route=%2Fwp%2Fv2%2Fproduct_cat&post=4975"},{"taxonomy":"product_tag","embeddable":true,"href":"https:\/\/food-shop.org\/index.php?rest_route=%2Fwp%2Fv2%2Fproduct_tag&post=4975"}],"curies":[{"name":"wp","href":"https:\/\/api.w.org\/{rel}","templated":true}]}}