{"id":4955,"date":"2020-08-31T10:03:37","date_gmt":"2020-08-31T10:03:37","guid":{"rendered":"https:\/\/food-shop.org\/?product=schweine-filet-landmetzgerei-schiessl-ca-600g"},"modified":"2023-04-05T16:23:12","modified_gmt":"2023-04-05T16:23:12","slug":"schweine-filet-landmetzgerei-schiessl-ca-600g","status":"publish","type":"product","link":"https:\/\/food-shop.org\/?product=schweine-filet-landmetzgerei-schiessl-ca-600g","title":{"rendered":"Schweine Filet &#8211; Landmetzgerei Schiessl &#8211; ca. 600g"},"content":{"rendered":"<p><!-- show up to 2 reviews by default --><\/p>\n<p>Schweinefilet \u2013 Das zarteste St\u00fcck vom Schwein. Besonders zart und mager eignet sich das Schweinefilet hervorragend zum Kurzbraten. Dar\u00fcber hinaus bietet das Schweinefilet der Landmetzgerei Schiessl noch viele andere schmackhafte M\u00f6glichkeiten: Braten Sie es im Ganzen, mit oder ohne F\u00fcllung, schneiden Sie es in Scheiben als festliche Medaillons oder verarbeiten Sie es zu einem zarten Filetspie\u00df f\u00fcr den Grill. Sie haben die Wahl \u2013 Die Landmetzgerei Schiessl liefern Ihnen bestes Filet!<\/p>\n<p>Schweinefilet \u2013 Das zarteste St\u00fcck vom Schwein. Besonders zart und mager eignet sich das Schweinefilet hervorragend zum Kurzbraten.<br \/>\nDar\u00fcber hinaus bietet das Schweinefilet der Landmetzgerei Schiessl noch viele andere schmackhafte M\u00f6glichkeiten:<br \/>\nBraten Sie es im Ganzen, mit oder ohne F\u00fcllung, schneiden Sie es in Scheiben als festliche Medaillons oder verarbeiten Sie es zu einem zarten Filetspie\u00df f\u00fcr den Grill. Sie haben die Wahl \u2013 Die Landmetzgerei Schiessl liefern Ihnen bestes Filet!<br \/>\nSpitzenqualit\u00e4t aus Bayern<br \/>\nEine Bestelleinheit: ca. 600g<br \/>\n<div class=\"main-cross-sell\" data-asin=\"B003WHBPMA\">\n\n\t<div class=\"WooZone-cross-sell-loader\">\n\t\t<div>\n\t\t\t<div id=\"floatingBarsG\">\n\t\t\t\t<div class=\"blockG\" id=\"rotateG_01\"><\/div>\n\t\t\t\t<div class=\"blockG\" id=\"rotateG_02\"><\/div>\n\t\t\t\t<div class=\"blockG\" id=\"rotateG_03\"><\/div>\n\t\t\t\t<div class=\"blockG\" id=\"rotateG_04\"><\/div>\n\t\t\t\t<div class=\"blockG\" id=\"rotateG_05\"><\/div>\n\t\t\t\t<div class=\"blockG\" id=\"rotateG_06\"><\/div>\n\t\t\t\t<div class=\"blockG\" id=\"rotateG_07\"><\/div>\n\t\t\t\t<div class=\"blockG\" id=\"rotateG_08\"><\/div>\n\t\t\t<\/div>\n\t\t\t<div class=\"WooZone-cross-sell-loader-text\"><\/div>\n\t\t<\/div>\n\t<\/div>\n\n\t\t\n<\/div>\n<div style=\"clear:both;\"><\/div>\n","protected":false},"excerpt":{"rendered":"Schweinefilet \u2013 Das zarteste St\u00fcck vom Schwein. Besonders zart und mager eignet sich das Schweinefilet hervorragend zum Kurzbraten.\nDar\u00fcber hinaus bietet das Schweinefilet der Landmetzgerei Schiessl noch viele andere schmackhafte M\u00f6glichkeiten:\nBraten Sie es im Ganzen, mit oder ohne F\u00fcllung, schneiden Sie es in Scheiben als festliche Medaillons oder verarbeiten Sie es zu einem zarten Filetspie\u00df f\u00fcr den Grill. Sie haben die Wahl \u2013 Die Landmetzgerei Schiessl liefern Ihnen bestes Filet!","protected":false},"featured_media":4956,"comment_status":"open","ping_status":"closed","template":"","meta":[],"product_cat":[64,54],"product_tag":[],"_links":{"self":[{"href":"https:\/\/food-shop.org\/index.php?rest_route=\/wp\/v2\/product\/4955"}],"collection":[{"href":"https:\/\/food-shop.org\/index.php?rest_route=\/wp\/v2\/product"}],"about":[{"href":"https:\/\/food-shop.org\/index.php?rest_route=\/wp\/v2\/types\/product"}],"replies":[{"embeddable":true,"href":"https:\/\/food-shop.org\/index.php?rest_route=%2Fwp%2Fv2%2Fcomments&post=4955"}],"wp:featuredmedia":[{"embeddable":true,"href":"https:\/\/food-shop.org\/index.php?rest_route=\/wp\/v2\/media\/4956"}],"wp:attachment":[{"href":"https:\/\/food-shop.org\/index.php?rest_route=%2Fwp%2Fv2%2Fmedia&parent=4955"}],"wp:term":[{"taxonomy":"product_cat","embeddable":true,"href":"https:\/\/food-shop.org\/index.php?rest_route=%2Fwp%2Fv2%2Fproduct_cat&post=4955"},{"taxonomy":"product_tag","embeddable":true,"href":"https:\/\/food-shop.org\/index.php?rest_route=%2Fwp%2Fv2%2Fproduct_tag&post=4955"}],"curies":[{"name":"wp","href":"https:\/\/api.w.org\/{rel}","templated":true}]}}