{"id":4953,"date":"2020-08-31T10:03:34","date_gmt":"2020-08-31T10:03:34","guid":{"rendered":"https:\/\/food-shop.org\/?product=maishaehnchen-aus-freilandhaltung-%e2%98%85-landmetzger-schiessl-%e2%98%85-ca-1700g"},"modified":"2023-04-05T16:23:12","modified_gmt":"2023-04-05T16:23:12","slug":"maishaehnchen-aus-freilandhaltung-%e2%98%85-landmetzger-schiessl-%e2%98%85-ca-1700g","status":"publish","type":"product","link":"https:\/\/food-shop.org\/?product=maishaehnchen-aus-freilandhaltung-%e2%98%85-landmetzger-schiessl-%e2%98%85-ca-1700g","title":{"rendered":"Maish\u00e4hnchen aus Freilandhaltung \u2605 Landmetzger Schiessl \u2605 ca. 1600g"},"content":{"rendered":"<p><!-- show up to 2 reviews by default --><\/p>\n<p>Unsere Maish\u00e4hnchen werden Ihnen definitiv schmecken, denn Sie stammen rein aus b\u00e4uerlicher Freilaufhaltung mit gro\u00dfen Auslauffl\u00e4chen. Diese Haltung macht sich zwar etwas im Preis bemerkbar, aber den Unterschied werden Sie definitv schmecken. Das Fleisch ist besonders zart und einfach k\u00f6stlich. Gef\u00fcttert wird bei der Aufzucht nur Futter auf pflanzlicher Basis. <\/p>\n<p> <b>Hinweis zur Lieferung:<\/b> <br \/> Der Versand erfolgt immer Mittwochs! <br \/> Vorraussetzung ist, das Sie bis sp\u00e4testens Freitag bestellt haben. <\/p>\n<p> <b>Unser Tipp:<\/b> <br \/> Genie\u00dfen Sie unser Maish\u00e4hnchen zusammen mit Kartoffelsalat und einer Brezel &#8211; Typisch Bayerisch eben.<\/p>\n<p>Maish\u00e4hnchen aus b\u00e4uerlicher Freilaufhaltung!<br \/>\nAufzucht rein mit nat\u00fcrlichem Futter<br \/>\nSpitzenqualit\u00e4t aus Bayern direkt vom Landmetzger<br \/>\n\u00dcber 40 Jahre Versanderfahrung mit Fleisch und Wurstwaren<br \/>\nKleiner Familienbetrieb mit eigener Schlachtung<br \/>\n<div class=\"main-cross-sell\" data-asin=\"B00U7L9POO\">\n\n\t<div class=\"WooZone-cross-sell-loader\">\n\t\t<div>\n\t\t\t<div id=\"floatingBarsG\">\n\t\t\t\t<div class=\"blockG\" id=\"rotateG_01\"><\/div>\n\t\t\t\t<div class=\"blockG\" id=\"rotateG_02\"><\/div>\n\t\t\t\t<div class=\"blockG\" id=\"rotateG_03\"><\/div>\n\t\t\t\t<div class=\"blockG\" id=\"rotateG_04\"><\/div>\n\t\t\t\t<div class=\"blockG\" id=\"rotateG_05\"><\/div>\n\t\t\t\t<div class=\"blockG\" id=\"rotateG_06\"><\/div>\n\t\t\t\t<div class=\"blockG\" id=\"rotateG_07\"><\/div>\n\t\t\t\t<div class=\"blockG\" id=\"rotateG_08\"><\/div>\n\t\t\t<\/div>\n\t\t\t<div class=\"WooZone-cross-sell-loader-text\"><\/div>\n\t\t<\/div>\n\t<\/div>\n\n\t\t\n<\/div>\n<div style=\"clear:both;\"><\/div>\n","protected":false},"excerpt":{"rendered":"Maish\u00e4hnchen aus b\u00e4uerlicher Freilaufhaltung!\nAufzucht rein mit nat\u00fcrlichem Futter\nSpitzenqualit\u00e4t aus Bayern direkt vom Landmetzger","protected":false},"featured_media":4954,"comment_status":"open","ping_status":"closed","template":"","meta":[],"product_cat":[64,54],"product_tag":[],"_links":{"self":[{"href":"https:\/\/food-shop.org\/index.php?rest_route=\/wp\/v2\/product\/4953"}],"collection":[{"href":"https:\/\/food-shop.org\/index.php?rest_route=\/wp\/v2\/product"}],"about":[{"href":"https:\/\/food-shop.org\/index.php?rest_route=\/wp\/v2\/types\/product"}],"replies":[{"embeddable":true,"href":"https:\/\/food-shop.org\/index.php?rest_route=%2Fwp%2Fv2%2Fcomments&post=4953"}],"wp:featuredmedia":[{"embeddable":true,"href":"https:\/\/food-shop.org\/index.php?rest_route=\/wp\/v2\/media\/4954"}],"wp:attachment":[{"href":"https:\/\/food-shop.org\/index.php?rest_route=%2Fwp%2Fv2%2Fmedia&parent=4953"}],"wp:term":[{"taxonomy":"product_cat","embeddable":true,"href":"https:\/\/food-shop.org\/index.php?rest_route=%2Fwp%2Fv2%2Fproduct_cat&post=4953"},{"taxonomy":"product_tag","embeddable":true,"href":"https:\/\/food-shop.org\/index.php?rest_route=%2Fwp%2Fv2%2Fproduct_tag&post=4953"}],"curies":[{"name":"wp","href":"https:\/\/api.w.org\/{rel}","templated":true}]}}