{"id":4942,"date":"2020-08-31T10:03:16","date_gmt":"2020-08-31T10:03:16","guid":{"rendered":"https:\/\/food-shop.org\/?product=rinderbraten-ii-schulter-landmetzgerei-schiessl-ca-1000g"},"modified":"2023-04-05T16:23:12","modified_gmt":"2023-04-05T16:23:12","slug":"rinderbraten-ii-schulter-landmetzgerei-schiessl-ca-1000g","status":"publish","type":"product","link":"https:\/\/food-shop.org\/?product=rinderbraten-ii-schulter-landmetzgerei-schiessl-ca-1000g","title":{"rendered":"Rinderbraten II (Schulter) &#8211; Landmetzgerei Schiessl &#8211; ca. 1000g"},"content":{"rendered":"<div class=\"disclaim\">Gr\u00f6\u00dfe:<strong>1000g<\/strong><\/div>\n<p><!-- show up to 2 reviews by default --><\/p>\n<p>F\u00fcr diesen Rinderbraten werden nur Fleischteile aus der Schulter verwendet. Der Rinderbraten aus der Schulter eignet sich sowohl f\u00fcr einen schmackhaften Rinderbraten, als auch f\u00fcr gehobeneres Suppenfleisch zum Kochen. Hinweis: Nur Landwirte, die der Landmetzgrei Schiessl pers\u00f6nlich bekannt sind aus der umliegenden Region beliefern die Landmetzgerei mit Schlachtvieh.<\/p>\n<p>F\u00fcr diesen Rinderbraten werden nur Fleischteile aus der Schulter verwendet. Der Rinderbraten aus der Schulter eignet sich sowohl f\u00fcr einen schmackhaften Rinderbraten, als auch f\u00fcr gehobeneres Suppenfleisch zum Kochen.<br \/>\nHinweis: Nur Landwirte, die der Landmetzgrei Schiessl pers\u00f6nlich bekannt sind aus der umliegenden Region beliefern die Landmetzgerei mit Schlachtvieh.<br \/>\nSpitzenqualit\u00e4t aus Bayern<br \/>\nEine Bestelleinheit: ca. 1000g<br \/>\n<div class=\"main-cross-sell\" data-asin=\"B00K4ZMD1U\">\n\n\t<div class=\"WooZone-cross-sell-loader\">\n\t\t<div>\n\t\t\t<div id=\"floatingBarsG\">\n\t\t\t\t<div class=\"blockG\" id=\"rotateG_01\"><\/div>\n\t\t\t\t<div class=\"blockG\" id=\"rotateG_02\"><\/div>\n\t\t\t\t<div class=\"blockG\" id=\"rotateG_03\"><\/div>\n\t\t\t\t<div class=\"blockG\" id=\"rotateG_04\"><\/div>\n\t\t\t\t<div class=\"blockG\" id=\"rotateG_05\"><\/div>\n\t\t\t\t<div class=\"blockG\" id=\"rotateG_06\"><\/div>\n\t\t\t\t<div class=\"blockG\" id=\"rotateG_07\"><\/div>\n\t\t\t\t<div class=\"blockG\" id=\"rotateG_08\"><\/div>\n\t\t\t<\/div>\n\t\t\t<div class=\"WooZone-cross-sell-loader-text\"><\/div>\n\t\t<\/div>\n\t<\/div>\n\n\t\t\n<\/div>\n<div style=\"clear:both;\"><\/div>\n","protected":false},"excerpt":{"rendered":"F\u00fcr diesen Rinderbraten werden nur Fleischteile aus der Schulter verwendet. Der Rinderbraten aus der Schulter eignet sich sowohl f\u00fcr einen schmackhaften Rinderbraten, als auch f\u00fcr gehobeneres Suppenfleisch zum Kochen.\nHinweis: Nur Landwirte, die der Landmetzgrei Schiessl pers\u00f6nlich bekannt sind aus der umliegenden Region beliefern die Landmetzgerei mit Schlachtvieh.\nSpitzenqualit\u00e4t aus Bayern","protected":false},"featured_media":4943,"comment_status":"open","ping_status":"closed","template":"","meta":[],"product_cat":[64,54],"product_tag":[],"_links":{"self":[{"href":"https:\/\/food-shop.org\/index.php?rest_route=\/wp\/v2\/product\/4942"}],"collection":[{"href":"https:\/\/food-shop.org\/index.php?rest_route=\/wp\/v2\/product"}],"about":[{"href":"https:\/\/food-shop.org\/index.php?rest_route=\/wp\/v2\/types\/product"}],"replies":[{"embeddable":true,"href":"https:\/\/food-shop.org\/index.php?rest_route=%2Fwp%2Fv2%2Fcomments&post=4942"}],"wp:featuredmedia":[{"embeddable":true,"href":"https:\/\/food-shop.org\/index.php?rest_route=\/wp\/v2\/media\/4943"}],"wp:attachment":[{"href":"https:\/\/food-shop.org\/index.php?rest_route=%2Fwp%2Fv2%2Fmedia&parent=4942"}],"wp:term":[{"taxonomy":"product_cat","embeddable":true,"href":"https:\/\/food-shop.org\/index.php?rest_route=%2Fwp%2Fv2%2Fproduct_cat&post=4942"},{"taxonomy":"product_tag","embeddable":true,"href":"https:\/\/food-shop.org\/index.php?rest_route=%2Fwp%2Fv2%2Fproduct_tag&post=4942"}],"curies":[{"name":"wp","href":"https:\/\/api.w.org\/{rel}","templated":true}]}}