{"id":4938,"date":"2020-08-31T10:03:06","date_gmt":"2020-08-31T10:03:06","guid":{"rendered":"https:\/\/food-shop.org\/?product=rinderbraten-i-keule-landmetzgerei-schiessl-ca-1000g"},"modified":"2023-04-05T16:23:12","modified_gmt":"2023-04-05T16:23:12","slug":"rinderbraten-i-keule-landmetzgerei-schiessl-ca-1000g","status":"publish","type":"product","link":"https:\/\/food-shop.org\/?product=rinderbraten-i-keule-landmetzgerei-schiessl-ca-1000g","title":{"rendered":"Rinderbraten I (Keule) &#8211; Landmetzgerei Schiessl &#8211; ca. 1000g"},"content":{"rendered":"<div class=\"disclaim\">Gr\u00f6\u00dfe:<strong>1000g<\/strong><\/div>\n<p><!-- show up to 2 reviews by default --><\/p>\n<p>Nur Landwirte, die der Landmetzgrei Schiessl pers\u00f6nlich bekannt sind aus der umliegenden Region beliefern die Landmetzgerei mit Schlachtvieh. Das garantiert Ihnen beste Qualit\u00e4t. F\u00fcr den Rinderbraten aus der Keule werden nur die besten Teile wie H\u00fcfte, Tafelspitz, B\u00fcrgermeisterst\u00fcck und Schwanzrolle verwendet. Hier schmecken Sie Qualit\u00e4t und Frische.<\/p>\n<p>Nur Landwirte, die der Landmetzgrei Schiessl pers\u00f6nlich bekannt sind aus der umliegenden Region beliefern die Landmetzgerei mit Schlachtvieh. Das garantiert Ihnen beste Qualit\u00e4t.<br \/>\nF\u00fcr den Rinderbraten aus der Keule werden nur die besten Teile wie H\u00fcfte, Tafelspitz, B\u00fcrgermeisterst\u00fcck und Schwanzrolle verwendet. Hier schmecken Sie Qualit\u00e4t und Frische.<br \/>\nSpitzenqualit\u00e4t aus Bayern<br \/>\nEine Bestelleinheit: ca. 1000g<br \/>\n<div class=\"main-cross-sell\" data-asin=\"B00K4ZLY6U\">\n\n\t<div class=\"WooZone-cross-sell-loader\">\n\t\t<div>\n\t\t\t<div id=\"floatingBarsG\">\n\t\t\t\t<div class=\"blockG\" id=\"rotateG_01\"><\/div>\n\t\t\t\t<div class=\"blockG\" id=\"rotateG_02\"><\/div>\n\t\t\t\t<div class=\"blockG\" id=\"rotateG_03\"><\/div>\n\t\t\t\t<div class=\"blockG\" id=\"rotateG_04\"><\/div>\n\t\t\t\t<div class=\"blockG\" id=\"rotateG_05\"><\/div>\n\t\t\t\t<div class=\"blockG\" id=\"rotateG_06\"><\/div>\n\t\t\t\t<div class=\"blockG\" id=\"rotateG_07\"><\/div>\n\t\t\t\t<div class=\"blockG\" id=\"rotateG_08\"><\/div>\n\t\t\t<\/div>\n\t\t\t<div class=\"WooZone-cross-sell-loader-text\"><\/div>\n\t\t<\/div>\n\t<\/div>\n\n\t\t\n<\/div>\n<div style=\"clear:both;\"><\/div>\n","protected":false},"excerpt":{"rendered":"Nur Landwirte, die der Landmetzgrei Schiessl pers\u00f6nlich bekannt sind aus der umliegenden Region beliefern die Landmetzgerei mit Schlachtvieh. Das garantiert Ihnen beste Qualit\u00e4t.\nF\u00fcr den Rinderbraten aus der Keule werden nur die besten Teile wie H\u00fcfte, Tafelspitz, B\u00fcrgermeisterst\u00fcck und Schwanzrolle verwendet. Hier schmecken Sie Qualit\u00e4t und Frische.\nSpitzenqualit\u00e4t aus Bayern","protected":false},"featured_media":4939,"comment_status":"open","ping_status":"closed","template":"","meta":[],"product_cat":[64,54],"product_tag":[],"_links":{"self":[{"href":"https:\/\/food-shop.org\/index.php?rest_route=\/wp\/v2\/product\/4938"}],"collection":[{"href":"https:\/\/food-shop.org\/index.php?rest_route=\/wp\/v2\/product"}],"about":[{"href":"https:\/\/food-shop.org\/index.php?rest_route=\/wp\/v2\/types\/product"}],"replies":[{"embeddable":true,"href":"https:\/\/food-shop.org\/index.php?rest_route=%2Fwp%2Fv2%2Fcomments&post=4938"}],"wp:featuredmedia":[{"embeddable":true,"href":"https:\/\/food-shop.org\/index.php?rest_route=\/wp\/v2\/media\/4939"}],"wp:attachment":[{"href":"https:\/\/food-shop.org\/index.php?rest_route=%2Fwp%2Fv2%2Fmedia&parent=4938"}],"wp:term":[{"taxonomy":"product_cat","embeddable":true,"href":"https:\/\/food-shop.org\/index.php?rest_route=%2Fwp%2Fv2%2Fproduct_cat&post=4938"},{"taxonomy":"product_tag","embeddable":true,"href":"https:\/\/food-shop.org\/index.php?rest_route=%2Fwp%2Fv2%2Fproduct_tag&post=4938"}],"curies":[{"name":"wp","href":"https:\/\/api.w.org\/{rel}","templated":true}]}}