{"id":4879,"date":"2020-08-31T09:59:04","date_gmt":"2020-08-31T09:59:04","guid":{"rendered":"https:\/\/food-shop.org\/?product=irisches-entrecote-steak-2-stueck-450-g"},"modified":"2023-04-05T16:23:11","modified_gmt":"2023-04-05T16:23:11","slug":"irisches-entrecote-steak-2-stueck-450-g","status":"publish","type":"product","link":"https:\/\/food-shop.org\/?product=irisches-entrecote-steak-2-stueck-450-g","title":{"rendered":"Irisches Entrecote Steak 2 St\u00fcck = 450 g"},"content":{"rendered":"<div class=\"disclaim\">Gr\u00f6\u00dfe:<strong>450g<\/strong><\/div>\n<p><!-- show up to 2 reviews by default --><\/p>\n<h3>Produktbeschreibungen<\/h3>\n<p>Das Entrec\u00f4te (franz: entre=zwischen, c\u00f4te=Rippe), der deutsche Begriff ist Hochrippe oder Zwischenrippenst\u00fcck, ergiebt saftige Steaks. Im Englischen wird dieses Steak Ribeye genannt. Es wird von vielen Kennern als das beste Steak angesehen. Das charakteristische kleine Fettauge und die leichte Marmorierung lassen das Steak besonders saftig und geschmackvoll werden. Steakgenuss f\u00fcr Grill und Pfanne. Steaks vom irischen Rind sind aufgrund der Weidehaltung besonders geschmackvoll und zart.<\/p>\n<h3>Inhaltsstoffe \/ Zutaten<\/h3>\n<p>Rindfleisch &#8211; Allergene: keine<\/p>\n<p>Zarte Steaks vom irischen Rinderr\u00fccken<br \/>\nDie Rinder weiden auf saftigen, irischen Wiesen<br \/>\nFachm\u00e4nnisch von Meisterhand zugeschnitten<br \/>\nMit kleinem dazugeh\u00f6rigen Fettr\u00e4ndchen<br \/>\nIn idealer St\u00e4rke geschnitten<br \/>\n<div class=\"main-cross-sell\" data-asin=\"B00Q5KVKNU\">\n\n\t<div class=\"WooZone-cross-sell-loader\">\n\t\t<div>\n\t\t\t<div id=\"floatingBarsG\">\n\t\t\t\t<div class=\"blockG\" id=\"rotateG_01\"><\/div>\n\t\t\t\t<div class=\"blockG\" id=\"rotateG_02\"><\/div>\n\t\t\t\t<div class=\"blockG\" id=\"rotateG_03\"><\/div>\n\t\t\t\t<div class=\"blockG\" id=\"rotateG_04\"><\/div>\n\t\t\t\t<div class=\"blockG\" id=\"rotateG_05\"><\/div>\n\t\t\t\t<div class=\"blockG\" id=\"rotateG_06\"><\/div>\n\t\t\t\t<div class=\"blockG\" id=\"rotateG_07\"><\/div>\n\t\t\t\t<div class=\"blockG\" id=\"rotateG_08\"><\/div>\n\t\t\t<\/div>\n\t\t\t<div class=\"WooZone-cross-sell-loader-text\"><\/div>\n\t\t<\/div>\n\t<\/div>\n\n\t\t\n<\/div>\n<div style=\"clear:both;\"><\/div>\n","protected":false},"excerpt":{"rendered":"Zarte Steaks vom irischen Rinderr\u00fccken\nDie Rinder weiden auf saftigen, irischen Wiesen\nFachm\u00e4nnisch von Meisterhand zugeschnitten","protected":false},"featured_media":4880,"comment_status":"open","ping_status":"closed","template":"","meta":[],"product_cat":[64,54],"product_tag":[],"_links":{"self":[{"href":"https:\/\/food-shop.org\/index.php?rest_route=\/wp\/v2\/product\/4879"}],"collection":[{"href":"https:\/\/food-shop.org\/index.php?rest_route=\/wp\/v2\/product"}],"about":[{"href":"https:\/\/food-shop.org\/index.php?rest_route=\/wp\/v2\/types\/product"}],"replies":[{"embeddable":true,"href":"https:\/\/food-shop.org\/index.php?rest_route=%2Fwp%2Fv2%2Fcomments&post=4879"}],"wp:featuredmedia":[{"embeddable":true,"href":"https:\/\/food-shop.org\/index.php?rest_route=\/wp\/v2\/media\/4880"}],"wp:attachment":[{"href":"https:\/\/food-shop.org\/index.php?rest_route=%2Fwp%2Fv2%2Fmedia&parent=4879"}],"wp:term":[{"taxonomy":"product_cat","embeddable":true,"href":"https:\/\/food-shop.org\/index.php?rest_route=%2Fwp%2Fv2%2Fproduct_cat&post=4879"},{"taxonomy":"product_tag","embeddable":true,"href":"https:\/\/food-shop.org\/index.php?rest_route=%2Fwp%2Fv2%2Fproduct_tag&post=4879"}],"curies":[{"name":"wp","href":"https:\/\/api.w.org\/{rel}","templated":true}]}}