{"id":4865,"date":"2020-08-31T09:57:45","date_gmt":"2020-08-31T09:57:45","guid":{"rendered":"https:\/\/food-shop.org\/?product=vollgepacktes-rindfleisch-paket-gross-65kg"},"modified":"2023-04-05T16:23:11","modified_gmt":"2023-04-05T16:23:11","slug":"vollgepacktes-rindfleisch-paket-gross-65kg","status":"publish","type":"product","link":"https:\/\/food-shop.org\/?product=vollgepacktes-rindfleisch-paket-gross-65kg","title":{"rendered":"Vollgepacktes Rindfleisch Paket (Gro\u00df &#8211; 6,5kg)"},"content":{"rendered":"<div class=\"disclaim\">Gr\u00f6\u00dfe:<strong>Gro\u00df (6,5kg)<\/strong><\/div>\n<p><!-- show up to 2 reviews by default --><\/p>\n<p>Kennst du schon Kaufnekuh.de? Du bekommst bei uns anteilig Rindfleischpakete einer Kuh, die du dir mit Anderen teilst. Hier siehst du unser gro\u00dfes Paket voll gutem Rindfleisch &#8211; mit Cuts, Kaufnekuh-Hakk, Burgern und W\u00fcrsten f\u00fcr nur 99,95\u20ac (6,5kg). Der Clou: Du bestellst im Prinzip direkt beim Bauern, der seine Rinder mit Liebe und sorgfalt im S\u00fcden Deutschlands aufzieht. Deine Portionen sind in Sousvide geeigneten Beuteln vakuumiert und k\u00f6nnen direkt eingefroren werden. Das gro\u00dfe Rindfleischpaket kostet dich 99,95\u20ac f\u00fcr 6,5kg Fleisch und ergibt 26 Mahlzeiten (nur 2,30\u20ac pro Person und Mahlzeit). Und das ist drin (geordnet nach Fleischprodukten \/ Anzahl \/ Mahlzeiten): \/\/ Filetsteaks \/ 2 St\u00fcck \/ 1 Mahlzeit \/\/ Roastbeef oder Entrec\u00f4te \/ 2 St\u00fcck \/ 2 Mahlzeiten \/\/ Steaks \/ 2 St\u00fcck \/ 1 Mahlzeit \/\/ Geschnetzeltes \/ 2 Portionen \/ 2 Mahlzeiten \/\/ Rouladen \/ 4 St\u00fcck \/ 2 Mahlzeiten \/\/ Suppenfleisch \/ 2 St\u00fcck \/ 2 Mahlzeiten \/\/ Gulasch \/ 2 Portionen \/ 4 Mahlzeiten \/\/ Kaufnekuh-Hakk \/ 4 Portionen \/ 4 Mahlzeiten \/\/ Hamburger \/ 8 St\u00fcck \/ 4 Mahlzeiten \/\/ Chipolata W\u00fcrste \/ 16 St\u00fcck \/ 4 Mahlzeiten \/\/_______________ PS: Du bekommst das Paket auch in einer kleinen Variante (3,3kg).<\/p>\n<p>Kennst du schon Kaufnekuh.de? Entdecke ein rundum-sorglos Rindfleischpaket, bei dem f\u00fcr jeden was dabei ist!<br \/>\nWas ist drin? 6,5kg bestes Rindfleisch mit insgesamt 26 Mahlzeiten f\u00fcr 2 Personen (nur 1,92\u20ac pro Person und Mahlzeit)<br \/>\nDu bekommst bei uns anteilig Rindfleischpakete einer Kuh, die du dir mit Anderen teilst.<br \/>\nVom Entrec\u00f4te \u00fcber Suppenfleisch bis zur Kaufnekuh-Wurst ist alles dabei<br \/>\nPS: Du bekommst das Paket auch in einer kleinen Variante (3,3kg)<br \/>\n<div class=\"main-cross-sell\" data-asin=\"B081D4GLWY\">\n\n\t<div class=\"WooZone-cross-sell-loader\">\n\t\t<div>\n\t\t\t<div id=\"floatingBarsG\">\n\t\t\t\t<div class=\"blockG\" id=\"rotateG_01\"><\/div>\n\t\t\t\t<div class=\"blockG\" id=\"rotateG_02\"><\/div>\n\t\t\t\t<div class=\"blockG\" id=\"rotateG_03\"><\/div>\n\t\t\t\t<div class=\"blockG\" id=\"rotateG_04\"><\/div>\n\t\t\t\t<div class=\"blockG\" id=\"rotateG_05\"><\/div>\n\t\t\t\t<div class=\"blockG\" id=\"rotateG_06\"><\/div>\n\t\t\t\t<div class=\"blockG\" id=\"rotateG_07\"><\/div>\n\t\t\t\t<div class=\"blockG\" id=\"rotateG_08\"><\/div>\n\t\t\t<\/div>\n\t\t\t<div class=\"WooZone-cross-sell-loader-text\"><\/div>\n\t\t<\/div>\n\t<\/div>\n\n\t\t\n<\/div>\n<div style=\"clear:both;\"><\/div>\n","protected":false},"excerpt":{"rendered":"Kennst du schon Kaufnekuh.de? Entdecke ein rundum-sorglos Rindfleischpaket, bei dem f\u00fcr jeden was dabei ist!\nWas ist drin? 6,5kg bestes Rindfleisch mit insgesamt 26 Mahlzeiten f\u00fcr 2 Personen (nur 1,92\u20ac pro Person und Mahlzeit)\nDu bekommst bei uns anteilig Rindfleischpakete einer Kuh, die du dir mit Anderen teilst.","protected":false},"featured_media":4866,"comment_status":"open","ping_status":"closed","template":"","meta":[],"product_cat":[64,54],"product_tag":[],"_links":{"self":[{"href":"https:\/\/food-shop.org\/index.php?rest_route=\/wp\/v2\/product\/4865"}],"collection":[{"href":"https:\/\/food-shop.org\/index.php?rest_route=\/wp\/v2\/product"}],"about":[{"href":"https:\/\/food-shop.org\/index.php?rest_route=\/wp\/v2\/types\/product"}],"replies":[{"embeddable":true,"href":"https:\/\/food-shop.org\/index.php?rest_route=%2Fwp%2Fv2%2Fcomments&post=4865"}],"wp:featuredmedia":[{"embeddable":true,"href":"https:\/\/food-shop.org\/index.php?rest_route=\/wp\/v2\/media\/4866"}],"wp:attachment":[{"href":"https:\/\/food-shop.org\/index.php?rest_route=%2Fwp%2Fv2%2Fmedia&parent=4865"}],"wp:term":[{"taxonomy":"product_cat","embeddable":true,"href":"https:\/\/food-shop.org\/index.php?rest_route=%2Fwp%2Fv2%2Fproduct_cat&post=4865"},{"taxonomy":"product_tag","embeddable":true,"href":"https:\/\/food-shop.org\/index.php?rest_route=%2Fwp%2Fv2%2Fproduct_tag&post=4865"}],"curies":[{"name":"wp","href":"https:\/\/api.w.org\/{rel}","templated":true}]}}