{"id":4859,"date":"2020-08-31T09:57:36","date_gmt":"2020-08-31T09:57:36","guid":{"rendered":"https:\/\/food-shop.org\/?product=schweinebaeckchen-frisch-800g"},"modified":"2023-04-05T16:23:11","modified_gmt":"2023-04-05T16:23:11","slug":"schweinebaeckchen-frisch-800g","status":"publish","type":"product","link":"https:\/\/food-shop.org\/?product=schweinebaeckchen-frisch-800g","title":{"rendered":"Schweineb\u00e4ckchen frisch 800g"},"content":{"rendered":"<div class=\"disclaim\">Gr\u00f6\u00dfe:<strong>800g<\/strong><\/div>\n<p><!-- show up to 2 reviews by default --><\/p>\n<h3>Produktbeschreibungen<\/h3>\n<p>Magere Schweineb\u00e4ckchen, sauber ausgel\u00f6st und zugeschnitten. G\u00f6nnen Sie sich diese Spezialit\u00e4t. Herzhaft geschmort zaubern Sie ein super leckeres Gericht.<\/p>\n<h3>Inhaltsstoffe \/ Zutaten<\/h3>\n<p>Schweinekopffleisch &#8211; Allergene: keine<\/p>\n<p>Aus frischer Schlachtung<br \/>\nSauber ausgel\u00f6st<br \/>\nNur das B\u00e4ckchen<br \/>\nSch\u00f6n zugeschnitten<br \/>\nIdeal f\u00fcr Ihre Schlachtplatte<br \/>\n<div class=\"main-cross-sell\" data-asin=\"B014JWOH2G\">\n\n\t<div class=\"WooZone-cross-sell-loader\">\n\t\t<div>\n\t\t\t<div id=\"floatingBarsG\">\n\t\t\t\t<div class=\"blockG\" id=\"rotateG_01\"><\/div>\n\t\t\t\t<div class=\"blockG\" id=\"rotateG_02\"><\/div>\n\t\t\t\t<div class=\"blockG\" id=\"rotateG_03\"><\/div>\n\t\t\t\t<div class=\"blockG\" id=\"rotateG_04\"><\/div>\n\t\t\t\t<div class=\"blockG\" id=\"rotateG_05\"><\/div>\n\t\t\t\t<div class=\"blockG\" id=\"rotateG_06\"><\/div>\n\t\t\t\t<div class=\"blockG\" id=\"rotateG_07\"><\/div>\n\t\t\t\t<div class=\"blockG\" id=\"rotateG_08\"><\/div>\n\t\t\t<\/div>\n\t\t\t<div class=\"WooZone-cross-sell-loader-text\"><\/div>\n\t\t<\/div>\n\t<\/div>\n\n\t\t\n<\/div>\n<div style=\"clear:both;\"><\/div>\n","protected":false},"excerpt":{"rendered":"Aus frischer Schlachtung\nSauber ausgel\u00f6st\nNur das B\u00e4ckchen","protected":false},"featured_media":4860,"comment_status":"open","ping_status":"closed","template":"","meta":[],"product_cat":[64,54],"product_tag":[],"_links":{"self":[{"href":"https:\/\/food-shop.org\/index.php?rest_route=\/wp\/v2\/product\/4859"}],"collection":[{"href":"https:\/\/food-shop.org\/index.php?rest_route=\/wp\/v2\/product"}],"about":[{"href":"https:\/\/food-shop.org\/index.php?rest_route=\/wp\/v2\/types\/product"}],"replies":[{"embeddable":true,"href":"https:\/\/food-shop.org\/index.php?rest_route=%2Fwp%2Fv2%2Fcomments&post=4859"}],"wp:featuredmedia":[{"embeddable":true,"href":"https:\/\/food-shop.org\/index.php?rest_route=\/wp\/v2\/media\/4860"}],"wp:attachment":[{"href":"https:\/\/food-shop.org\/index.php?rest_route=%2Fwp%2Fv2%2Fmedia&parent=4859"}],"wp:term":[{"taxonomy":"product_cat","embeddable":true,"href":"https:\/\/food-shop.org\/index.php?rest_route=%2Fwp%2Fv2%2Fproduct_cat&post=4859"},{"taxonomy":"product_tag","embeddable":true,"href":"https:\/\/food-shop.org\/index.php?rest_route=%2Fwp%2Fv2%2Fproduct_tag&post=4859"}],"curies":[{"name":"wp","href":"https:\/\/api.w.org\/{rel}","templated":true}]}}