{"id":4823,"date":"2020-08-31T09:53:10","date_gmt":"2020-08-31T09:53:10","guid":{"rendered":"https:\/\/food-shop.org\/?product=wiehenkamp-nussschinken-ca-1000-g-stueck"},"modified":"2023-04-05T16:23:10","modified_gmt":"2023-04-05T16:23:10","slug":"wiehenkamp-nussschinken-ca-1000-g-stueck","status":"publish","type":"product","link":"https:\/\/food-shop.org\/?product=wiehenkamp-nussschinken-ca-1000-g-stueck","title":{"rendered":"Wiehenkamp &#8211; Nu\u00dfschinken &#8211; ca. 1000 g St\u00fcck"},"content":{"rendered":"<p><!-- show up to 2 reviews by default --><\/p>\n<h3>Produktbeschreibungen<\/h3>\n<p>Sehr mager, im St\u00fcck,handgewickelt aus der Schweinenu\u00df. Zutaten: Schweinefleisch, Kochsalz, Nitritp\u00f6kelsalz (1%) (Kochsalz,Konservierungsstoff E250), Buchenrauch. Unsere Schinkenprodukte werden ausschlie\u00dflich nach alter Tradition handverlesen, trocken gesalzen (mit Salz eingerieben, nicht mit Lake (Salzwasser) behandelt) und anschlie\u00dfend mit Buchensp\u00e4nen ger\u00e4uchert. Je nach Artikelart bekommen unsere Schinken ausreichend Reifezeit, um ihr spezielles Aroma zu entfalten.<\/p>\n<h3>Inhaltsstoffe \/ Zutaten<\/h3>\n<p>Wir fertigen komplett ohne Zusatzstoffe wie Geschmacksverst\u00e4rker, Bindemittel, Farbstoffe und liefern daher auch beste Qualit\u00e4t f\u00fcr Allergiker.<\/p>\n<p>Hausmacher Meister Qualit\u00e4tsschinken,trocken gesalzen,ger\u00e4uchert<br \/>\nHandverlesen,nach alter Tradition und Rezeptur hergestellt<br \/>\nh\u00e4ufiger Kommentar:erinnert mich an fr\u00fcher&#8230;ideal auch zum verschenken!<br \/>\nWurstkauf.de=Top Qualit\u00e4t und Frische aus eigener Schlachtung!<br \/>\nohne Geschmacksverst\u00e4rker,Bindemittel,Farbstoffe usw.-Fleischgeschmack pur!<br \/>\n<div class=\"main-cross-sell\" data-asin=\"B0046ZGPWC\">\n\n\t<div class=\"WooZone-cross-sell-loader\">\n\t\t<div>\n\t\t\t<div id=\"floatingBarsG\">\n\t\t\t\t<div class=\"blockG\" id=\"rotateG_01\"><\/div>\n\t\t\t\t<div class=\"blockG\" id=\"rotateG_02\"><\/div>\n\t\t\t\t<div class=\"blockG\" id=\"rotateG_03\"><\/div>\n\t\t\t\t<div class=\"blockG\" id=\"rotateG_04\"><\/div>\n\t\t\t\t<div class=\"blockG\" id=\"rotateG_05\"><\/div>\n\t\t\t\t<div class=\"blockG\" id=\"rotateG_06\"><\/div>\n\t\t\t\t<div class=\"blockG\" id=\"rotateG_07\"><\/div>\n\t\t\t\t<div class=\"blockG\" id=\"rotateG_08\"><\/div>\n\t\t\t<\/div>\n\t\t\t<div class=\"WooZone-cross-sell-loader-text\"><\/div>\n\t\t<\/div>\n\t<\/div>\n\n\t\t\n<\/div>\n<div style=\"clear:both;\"><\/div>\n","protected":false},"excerpt":{"rendered":"Hausmacher Meister Qualit\u00e4tsschinken,trocken gesalzen,ger\u00e4uchert\nHandverlesen,nach alter Tradition und Rezeptur hergestellt\nh\u00e4ufiger Kommentar:erinnert mich an fr\u00fcher...ideal auch zum verschenken!","protected":false},"featured_media":4824,"comment_status":"open","ping_status":"closed","template":"","meta":[],"product_cat":[64,54],"product_tag":[],"_links":{"self":[{"href":"https:\/\/food-shop.org\/index.php?rest_route=\/wp\/v2\/product\/4823"}],"collection":[{"href":"https:\/\/food-shop.org\/index.php?rest_route=\/wp\/v2\/product"}],"about":[{"href":"https:\/\/food-shop.org\/index.php?rest_route=\/wp\/v2\/types\/product"}],"replies":[{"embeddable":true,"href":"https:\/\/food-shop.org\/index.php?rest_route=%2Fwp%2Fv2%2Fcomments&post=4823"}],"wp:featuredmedia":[{"embeddable":true,"href":"https:\/\/food-shop.org\/index.php?rest_route=\/wp\/v2\/media\/4824"}],"wp:attachment":[{"href":"https:\/\/food-shop.org\/index.php?rest_route=%2Fwp%2Fv2%2Fmedia&parent=4823"}],"wp:term":[{"taxonomy":"product_cat","embeddable":true,"href":"https:\/\/food-shop.org\/index.php?rest_route=%2Fwp%2Fv2%2Fproduct_cat&post=4823"},{"taxonomy":"product_tag","embeddable":true,"href":"https:\/\/food-shop.org\/index.php?rest_route=%2Fwp%2Fv2%2Fproduct_tag&post=4823"}],"curies":[{"name":"wp","href":"https:\/\/api.w.org\/{rel}","templated":true}]}}