{"id":4786,"date":"2020-08-31T09:51:18","date_gmt":"2020-08-31T09:51:18","guid":{"rendered":"https:\/\/food-shop.org\/?product=schweinesteak-texas-landmetzgerei-schiessl-ca-170g"},"modified":"2023-04-05T16:23:10","modified_gmt":"2023-04-05T16:23:10","slug":"schweinesteak-texas-landmetzgerei-schiessl-ca-170g","status":"publish","type":"product","link":"https:\/\/food-shop.org\/?product=schweinesteak-texas-landmetzgerei-schiessl-ca-170g","title":{"rendered":"Schweinesteak &#8222;Texas&#8220; &#8211; Landmetzgerei Schiessl &#8211; ca. 170g"},"content":{"rendered":"<div class=\"disclaim\">Gr\u00f6\u00dfe:<strong>170g<\/strong><\/div>\n<p><!-- show up to 2 reviews by default --><\/p>\n<p>Landmetzger Schiessl&#8217;s Schweinesteaks Texas erinnern an Cowboys und Lagerfeuer. Saftiges Fleisch, herzhafter Geschmack und grenzenloser Genuss. Mariniert mit Kr\u00e4uter\u00f6l, mit einer kr\u00e4ftigen Pfeffernote, pikant abgestimmt. Schiessl Schweinesteaks Texas passen zu jeder Grillparty. Auch in der Pfanne gelingen diese Steaks zu jeder Zeit.<\/p>\n<p>Landmetzger Schiessl&#8217;s Schweinesteaks Texas erinnern an Cowboys und Lagerfeuer. Saftiges Fleisch, herzhafter Geschmack und grenzenloser Genuss.<br \/>\nMariniert mit Kr\u00e4uter\u00f6l, mit einer kr\u00e4ftigen Pfeffernote, pikant abgestimmt. Schiessl Schweinesteaks Texas passen zu jeder Grillparty. Auch in der Pfanne gelingen diese Steaks zu jeder Zeit.<br \/>\nSpitzenqualit\u00e4t aus Bayern<br \/>\nEine Bestelleinheit: ca. 170g<br \/>\n<div class=\"main-cross-sell\" data-asin=\"B003WHBPES\">\n\n\t<div class=\"WooZone-cross-sell-loader\">\n\t\t<div>\n\t\t\t<div id=\"floatingBarsG\">\n\t\t\t\t<div class=\"blockG\" id=\"rotateG_01\"><\/div>\n\t\t\t\t<div class=\"blockG\" id=\"rotateG_02\"><\/div>\n\t\t\t\t<div class=\"blockG\" id=\"rotateG_03\"><\/div>\n\t\t\t\t<div class=\"blockG\" id=\"rotateG_04\"><\/div>\n\t\t\t\t<div class=\"blockG\" id=\"rotateG_05\"><\/div>\n\t\t\t\t<div class=\"blockG\" id=\"rotateG_06\"><\/div>\n\t\t\t\t<div class=\"blockG\" id=\"rotateG_07\"><\/div>\n\t\t\t\t<div class=\"blockG\" id=\"rotateG_08\"><\/div>\n\t\t\t<\/div>\n\t\t\t<div class=\"WooZone-cross-sell-loader-text\"><\/div>\n\t\t<\/div>\n\t<\/div>\n\n\t\t\n<\/div>\n<div style=\"clear:both;\"><\/div>\n","protected":false},"excerpt":{"rendered":"Landmetzger Schiessl's Schweinesteaks Texas erinnern an Cowboys und Lagerfeuer. Saftiges Fleisch, herzhafter Geschmack und grenzenloser Genuss.\nMariniert mit Kr\u00e4uter\u00f6l, mit einer kr\u00e4ftigen Pfeffernote, pikant abgestimmt. Schiessl Schweinesteaks Texas passen zu jeder Grillparty. Auch in der Pfanne gelingen diese Steaks zu jeder Zeit.\nSpitzenqualit\u00e4t aus Bayern","protected":false},"featured_media":4787,"comment_status":"open","ping_status":"closed","template":"","meta":[],"product_cat":[64,54],"product_tag":[],"_links":{"self":[{"href":"https:\/\/food-shop.org\/index.php?rest_route=\/wp\/v2\/product\/4786"}],"collection":[{"href":"https:\/\/food-shop.org\/index.php?rest_route=\/wp\/v2\/product"}],"about":[{"href":"https:\/\/food-shop.org\/index.php?rest_route=\/wp\/v2\/types\/product"}],"replies":[{"embeddable":true,"href":"https:\/\/food-shop.org\/index.php?rest_route=%2Fwp%2Fv2%2Fcomments&post=4786"}],"wp:featuredmedia":[{"embeddable":true,"href":"https:\/\/food-shop.org\/index.php?rest_route=\/wp\/v2\/media\/4787"}],"wp:attachment":[{"href":"https:\/\/food-shop.org\/index.php?rest_route=%2Fwp%2Fv2%2Fmedia&parent=4786"}],"wp:term":[{"taxonomy":"product_cat","embeddable":true,"href":"https:\/\/food-shop.org\/index.php?rest_route=%2Fwp%2Fv2%2Fproduct_cat&post=4786"},{"taxonomy":"product_tag","embeddable":true,"href":"https:\/\/food-shop.org\/index.php?rest_route=%2Fwp%2Fv2%2Fproduct_tag&post=4786"}],"curies":[{"name":"wp","href":"https:\/\/api.w.org\/{rel}","templated":true}]}}