{"id":4768,"date":"2020-08-31T09:50:40","date_gmt":"2020-08-31T09:50:40","guid":{"rendered":"https:\/\/food-shop.org\/?product=schweinebauch-wie-gewachsen-6-kilo"},"modified":"2023-04-05T16:23:10","modified_gmt":"2023-04-05T16:23:10","slug":"schweinebauch-wie-gewachsen-6-kilo","status":"publish","type":"product","link":"https:\/\/food-shop.org\/?product=schweinebauch-wie-gewachsen-6-kilo","title":{"rendered":"Schweinebauch wie gewachsen 6 Kilo"},"content":{"rendered":"<div class=\"disclaim\">Gr\u00f6\u00dfe:<strong>6000g<\/strong><\/div>\n<p><!-- show up to 2 reviews by default --><\/p>\n<h3>Produktbeschreibungen<\/h3>\n<p>Magerer Schweinebauch von regionalen Schweinen aus frischer Schlachtung. Der Bauch ist nur von mageren Schweinen mit kurzer Brustspitze. Ideal f\u00fcr Ihre eigene Wurstherstellung, f\u00fcr Ihren Grillbraten oder zum Grillen in Scheiben.<\/p>\n<h2>Metzgerei seit 1880:<\/h2>\n<p> In der vierten Generation werden unsere Fleischwaren aus frischer Schlachtung mit handwerklichem K\u00f6nnen von Meisterhand hergestellt. Der moderne Betrieb und engagierte Mitarbeiter garantieren f\u00fcr h\u00f6chste Hygienestandards. <\/p>\n<h2>\u00dcber 15 Jahre Versanderfahrung:<\/h2>\n<p> Der Versand direkt ab Metzgerei erfolgt in der Regel innerhalb von 24 Stunden (au\u00dfer am Wochenende). Wir liefern in Isolierboxen mit K\u00fchlpads oder Trockeneis. Erst nach Bestelleingang wird Ihr Produkt geschnitten, gerichtet oder oftmals direkt frisch hergestellt. Frischeprodukte unterliegen einem schnellen Umschlag, so kann es in Ausnahmef\u00e4llen passieren, dass durch \u00fcberschneidende Bestellungen das Produkt kurzfristig nicht lieferbar ist. Wir bem\u00fchen uns immer schnellstm\u00f6glich zu liefern und senden nur in absoluten Ausnahmef\u00e4llen gleichwertigen oder h\u00f6herwertigen Ersatz. <\/p>\n<h2>Kleinstbestellungen vermeiden:<\/h2>\n<p> Bestellungen von Frischeprodukten unter 20 Euro sind \u00f6kologisch nicht sinnvoll (K\u00fchlverpackung &amp; Transportkosten). Sicherlich finden Sie aus unserem Angebot weitere leckere Produkte. <\/p>\n<h2>Gesunde Produkte:<\/h2>\n<p> Seit Jahrzehnten ist der Anspruch an gesunde Fleisch- u. Wurstwaren, im Besonderen von unseren Kurg\u00e4sten, sehr hoch. Dieser Herausforderung stellen wir uns mit unseren \u00f6kologisch hergestellten Produkten. Zusatzstoffe werden nur bei technologischer Notwendigkeit eingesetzt. <\/p>\n<h2>Abbildungen:<\/h2>\n<p> Abbildungen zeigen nicht immer das Produkt in der angegeben Menge oder Form. Bei Frischeprodukten k\u00f6nnen Abweichungen zum Produktbild entstehen. Bilder zeigen auch Zubereitungsempfehlungen.<\/p>\n<h3>Inhaltsstoffe \/ Zutaten<\/h3>\n<p>Schweinefleisch &#8211; Allergene: keine<\/p>\n<p>Von mageren deutschen Schweinen aus der Region<br \/>\nAus frischer Schlachtung<br \/>\nMit magerer Brustspitze<br \/>\nF\u00fcr den Hausmetzger<br \/>\nExtra ausgesuchte Topqualit\u00e4t<br \/>\n<div class=\"main-cross-sell\" data-asin=\"B00Q5LAGFM\">\n\n\t<div class=\"WooZone-cross-sell-loader\">\n\t\t<div>\n\t\t\t<div id=\"floatingBarsG\">\n\t\t\t\t<div class=\"blockG\" id=\"rotateG_01\"><\/div>\n\t\t\t\t<div class=\"blockG\" id=\"rotateG_02\"><\/div>\n\t\t\t\t<div class=\"blockG\" id=\"rotateG_03\"><\/div>\n\t\t\t\t<div class=\"blockG\" id=\"rotateG_04\"><\/div>\n\t\t\t\t<div class=\"blockG\" id=\"rotateG_05\"><\/div>\n\t\t\t\t<div class=\"blockG\" id=\"rotateG_06\"><\/div>\n\t\t\t\t<div class=\"blockG\" id=\"rotateG_07\"><\/div>\n\t\t\t\t<div class=\"blockG\" id=\"rotateG_08\"><\/div>\n\t\t\t<\/div>\n\t\t\t<div class=\"WooZone-cross-sell-loader-text\"><\/div>\n\t\t<\/div>\n\t<\/div>\n\n\t\t\n<\/div>\n<div style=\"clear:both;\"><\/div>\n","protected":false},"excerpt":{"rendered":"Von mageren deutschen Schweinen aus der Region\nAus frischer Schlachtung\nMit magerer Brustspitze","protected":false},"featured_media":4769,"comment_status":"open","ping_status":"closed","template":"","meta":[],"product_cat":[64,54],"product_tag":[],"_links":{"self":[{"href":"https:\/\/food-shop.org\/index.php?rest_route=\/wp\/v2\/product\/4768"}],"collection":[{"href":"https:\/\/food-shop.org\/index.php?rest_route=\/wp\/v2\/product"}],"about":[{"href":"https:\/\/food-shop.org\/index.php?rest_route=\/wp\/v2\/types\/product"}],"replies":[{"embeddable":true,"href":"https:\/\/food-shop.org\/index.php?rest_route=%2Fwp%2Fv2%2Fcomments&post=4768"}],"wp:featuredmedia":[{"embeddable":true,"href":"https:\/\/food-shop.org\/index.php?rest_route=\/wp\/v2\/media\/4769"}],"wp:attachment":[{"href":"https:\/\/food-shop.org\/index.php?rest_route=%2Fwp%2Fv2%2Fmedia&parent=4768"}],"wp:term":[{"taxonomy":"product_cat","embeddable":true,"href":"https:\/\/food-shop.org\/index.php?rest_route=%2Fwp%2Fv2%2Fproduct_cat&post=4768"},{"taxonomy":"product_tag","embeddable":true,"href":"https:\/\/food-shop.org\/index.php?rest_route=%2Fwp%2Fv2%2Fproduct_tag&post=4768"}],"curies":[{"name":"wp","href":"https:\/\/api.w.org\/{rel}","templated":true}]}}