{"id":4729,"date":"2020-08-31T09:46:34","date_gmt":"2020-08-31T09:46:34","guid":{"rendered":"https:\/\/food-shop.org\/?product=eingelegte-steaks-vom-schweinekamm-2-stueck-ca-400-g"},"modified":"2023-04-05T16:23:10","modified_gmt":"2023-04-05T16:23:10","slug":"eingelegte-steaks-vom-schweinekamm-2-stueck-ca-400-g","status":"publish","type":"product","link":"https:\/\/food-shop.org\/?product=eingelegte-steaks-vom-schweinekamm-2-stueck-ca-400-g","title":{"rendered":"Eingelegte Steaks vom Schweinekamm 2 St\u00fcck ca. 400 g"},"content":{"rendered":"<div class=\"disclaim\">Gr\u00f6\u00dfe:<strong>400g<\/strong><\/div>\n<p><!-- show up to 2 reviews by default --><\/p>\n<h3>Produktbeschreibungen<\/h3>\n<p>Steaks &#8211; eingelegt auf klassische Art. Die beliebtesten Steaks vom Schweinekamm mit Zwiebeln und einem Hauch von Knoblauch. Die eingelegten Steaks sind der Renner in jeder Grillsaison. Zartes Fleisch, nur mit Naturgew\u00fcrzen eingelegt und ohne riesige Mengen von Marinade &#8211; ein deutlicher Unterschied zu den Supermarktprodukten. Heimisches Fleisch aus frischer Schlachtung und ein handwerklich korrekter Zuschnitt sind die Grundlage f\u00fcr au\u00dfergew\u00f6hnliche Qualit\u00e4t. Die perfekte Lagerung und Reifung sowie die kundenorientierte Portionierung sind die Basis unseres Handelns.<\/p>\n<h2>Metzgerei seit 1880:<\/h2>\n<p> In der vierten Generation werden unsere Fleischwaren aus frischer Schlachtung mit handwerklichem K\u00f6nnen von Meisterhand hergestellt. Der moderne Betrieb und engagierte Mitarbeiter garantieren f\u00fcr h\u00f6chste Hygienestandards. <\/p>\n<h2>\u00dcber 15 Jahre Versanderfahrung:<\/h2>\n<p> Der Versand direkt ab Metzgerei erfolgt in der Regel innerhalb von 24 Stunden (au\u00dfer am Wochenende). Wir liefern in Isolierboxen mit K\u00fchlpads oder Trockeneis. Erst nach Bestelleingang wird Ihr Produkt geschnitten, gerichtet oder oftmals direkt frisch hergestellt. Frischeprodukte unterliegen einem schnellen Umschlag, so kann es in Ausnahmef\u00e4llen passieren, dass durch \u00fcberschneidende Bestellungen das Produkt kurzfristig nicht lieferbar ist. Wir bem\u00fchen uns immer schnellstm\u00f6glich zu liefern und senden nur in absoluten Ausnahmef\u00e4llen gleichwertigen oder h\u00f6herwertigen Ersatz. <\/p>\n<h2>Kleinstbestellungen vermeiden:<\/h2>\n<p> Bestellungen von Frischeprodukten unter 20 Euro sind \u00f6kologisch nicht sinnvoll (K\u00fchlverpackung &amp; Transportkosten). Sicherlich finden Sie aus unserem Angebot weitere leckere Produkte.<\/p>\n<h3>Inhaltsstoffe \/ Zutaten<\/h3>\n<p>Schweinekamm, Pflanzen\u00f6l, Gew\u00fcrze, Speisesalz, Kr\u00e4uter, Zwiebel. &#8211; Allergene: keine<\/p>\n<p>Steaks vom mageren Schweinekamm, exakt geschnitten<br \/>\nVon Schweinen aus Deutschland (Geburt, Aufzucht, Schlachtung)<br \/>\nMit unserem Traditionsgew\u00fcrz eingelegt<br \/>\nButterzart<br \/>\nF\u00fcr Allergiker geeignet (frei von allergenen Stoffen)<br \/>\n<div class=\"main-cross-sell\" data-asin=\"B00Q7E689K\">\n\n\t<div class=\"WooZone-cross-sell-loader\">\n\t\t<div>\n\t\t\t<div id=\"floatingBarsG\">\n\t\t\t\t<div class=\"blockG\" id=\"rotateG_01\"><\/div>\n\t\t\t\t<div class=\"blockG\" id=\"rotateG_02\"><\/div>\n\t\t\t\t<div class=\"blockG\" id=\"rotateG_03\"><\/div>\n\t\t\t\t<div class=\"blockG\" id=\"rotateG_04\"><\/div>\n\t\t\t\t<div class=\"blockG\" id=\"rotateG_05\"><\/div>\n\t\t\t\t<div class=\"blockG\" id=\"rotateG_06\"><\/div>\n\t\t\t\t<div class=\"blockG\" id=\"rotateG_07\"><\/div>\n\t\t\t\t<div class=\"blockG\" id=\"rotateG_08\"><\/div>\n\t\t\t<\/div>\n\t\t\t<div class=\"WooZone-cross-sell-loader-text\"><\/div>\n\t\t<\/div>\n\t<\/div>\n\n\t\t\n<\/div>\n<div style=\"clear:both;\"><\/div>\n","protected":false},"excerpt":{"rendered":"Steaks vom mageren Schweinekamm, exakt geschnitten\nVon Schweinen aus Deutschland (Geburt, Aufzucht, Schlachtung)\nMit unserem Traditionsgew\u00fcrz eingelegt","protected":false},"featured_media":4730,"comment_status":"open","ping_status":"closed","template":"","meta":[],"product_cat":[64,54],"product_tag":[],"_links":{"self":[{"href":"https:\/\/food-shop.org\/index.php?rest_route=\/wp\/v2\/product\/4729"}],"collection":[{"href":"https:\/\/food-shop.org\/index.php?rest_route=\/wp\/v2\/product"}],"about":[{"href":"https:\/\/food-shop.org\/index.php?rest_route=\/wp\/v2\/types\/product"}],"replies":[{"embeddable":true,"href":"https:\/\/food-shop.org\/index.php?rest_route=%2Fwp%2Fv2%2Fcomments&post=4729"}],"wp:featuredmedia":[{"embeddable":true,"href":"https:\/\/food-shop.org\/index.php?rest_route=\/wp\/v2\/media\/4730"}],"wp:attachment":[{"href":"https:\/\/food-shop.org\/index.php?rest_route=%2Fwp%2Fv2%2Fmedia&parent=4729"}],"wp:term":[{"taxonomy":"product_cat","embeddable":true,"href":"https:\/\/food-shop.org\/index.php?rest_route=%2Fwp%2Fv2%2Fproduct_cat&post=4729"},{"taxonomy":"product_tag","embeddable":true,"href":"https:\/\/food-shop.org\/index.php?rest_route=%2Fwp%2Fv2%2Fproduct_tag&post=4729"}],"curies":[{"name":"wp","href":"https:\/\/api.w.org\/{rel}","templated":true}]}}